{"id":12791,"date":"2025-06-29T14:39:17","date_gmt":"2025-06-29T12:39:17","guid":{"rendered":"https:\/\/uj.adatbank.ro\/lexikon\/termek\/koteles-szocs-daniel\/"},"modified":"2025-06-29T14:39:17","modified_gmt":"2025-06-29T12:39:17","slug":"koteles-szocs-daniel","status":"publish","type":"product","link":"https:\/\/uj.adatbank.ro\/lexikon\/termek\/koteles-szocs-daniel\/","title":{"rendered":"K\u00d6TELES Sz\u0151cs D\u00e1niel"},"content":{"rendered":"<p>? \u2020 ? : v\u00e1rosi polg\u00e1r. \u2013 A v\u00e1rosi polg\u00e1rok sor\u00e1ba vett\u00e9k (1627. jan. 5). A sz\u0171cs\u00f6k b\u00e1sty\u00e1juk v\u00e9delm\u00e9re 11 font puskaport v\u00e1s\u00e1roltak t\u0151le (1633). Reverz\u00e1list adott a v\u00e1rosnak tekintve hogy h\u00e1za \u00e9s \u00f6r\u00f6ks\u00e9ge van a v\u00e1rban, a v\u00e1ros t\u00f6rv\u00e9nyeit mindenkor betartja (1638). A Kistemplom restaur\u00e1l\u00e1sakor el\u0151ker\u00fclt 1652-ben \u00e1ll\u00edtott s\u00edrk\u00f6ve (1929). <br \/><strong>Irod.:<\/strong> Bi\u00e1s Istv\u00e1n : K Sz. D. 1651. \u00e9vi s\u00edrk\u00f6ve (Mv., 1929); Id\u0151t\u00e1r 1, Id\u0151t\u00e1r 3<\/br><\/p>\n","protected":false},"excerpt":{"rendered":"<p>? \u2020 ? : v\u00e1rosi polg\u00e1r. \u2013 A v\u00e1rosi polg\u00e1rok sor\u00e1ba vett\u00e9k (1627. jan. 5). A sz\u0171cs\u00f6k b\u00e1sty\u00e1juk v\u00e9delm\u00e9re 11 font puskaport v\u00e1s\u00e1roltak t\u0151le (1633). Reverz\u00e1list adott a v\u00e1rosnak tekintve hogy h\u00e1za \u00e9s \u00f6r\u00f6ks\u00e9ge van a v\u00e1rban, a v\u00e1ros t\u00f6rv\u00e9nyeit mindenkor betartja (1638). A Kistemplom restaur\u00e1l\u00e1sakor el\u0151ker\u00fclt 1652-ben \u00e1ll\u00edtott s\u00edrk\u00f6ve (1929). Irod.: Bi\u00e1s Istv\u00e1n : [&hellip;]<\/p>\n","protected":false},"featured_media":0,"comment_status":"open","ping_status":"closed","template":"","meta":[],"product_brand":[],"product_cat":[137],"product_tag":[],"class_list":{"0":"post-12791","1":"product","2":"type-product","3":"status-publish","5":"product_cat-maros-megyei-eletrajzi-lexikon","7":"first","8":"instock","9":"shipping-taxable","10":"product-type-simple"},"_links":{"self":[{"href":"https:\/\/uj.adatbank.ro\/lexikon\/wp-json\/wp\/v2\/product\/12791","targetHints":{"allow":["GET"]}}],"collection":[{"href":"https:\/\/uj.adatbank.ro\/lexikon\/wp-json\/wp\/v2\/product"}],"about":[{"href":"https:\/\/uj.adatbank.ro\/lexikon\/wp-json\/wp\/v2\/types\/product"}],"replies":[{"embeddable":true,"href":"https:\/\/uj.adatbank.ro\/lexikon\/wp-json\/wp\/v2\/comments?post=12791"}],"wp:attachment":[{"href":"https:\/\/uj.adatbank.ro\/lexikon\/wp-json\/wp\/v2\/media?parent=12791"}],"wp:term":[{"taxonomy":"product_brand","embeddable":true,"href":"https:\/\/uj.adatbank.ro\/lexikon\/wp-json\/wp\/v2\/product_brand?post=12791"},{"taxonomy":"product_cat","embeddable":true,"href":"https:\/\/uj.adatbank.ro\/lexikon\/wp-json\/wp\/v2\/product_cat?post=12791"},{"taxonomy":"product_tag","embeddable":true,"href":"https:\/\/uj.adatbank.ro\/lexikon\/wp-json\/wp\/v2\/product_tag?post=12791"}],"curies":[{"name":"wp","href":"https:\/\/api.w.org\/{rel}","templated":true}]}}