{"id":12794,"date":"2025-06-29T14:39:23","date_gmt":"2025-06-29T12:39:23","guid":{"rendered":"https:\/\/uj.adatbank.ro\/lexikon\/termek\/kotsardi-n\/"},"modified":"2025-06-29T14:39:23","modified_gmt":"2025-06-29T12:39:23","slug":"kotsardi-n","status":"publish","type":"product","link":"https:\/\/uj.adatbank.ro\/lexikon\/termek\/kotsardi-n\/","title":{"rendered":"KOTS\u00c1RDI N."},"content":{"rendered":"<p>? \u2020 ?: ref. lelk\u00e9sz. \u2013 Mv.-i V\u00e1rtemplom lelk\u00e9sze (1648). <br \/><strong>Irod.:<\/strong> Id\u0151t\u00e1r 1; A ref. V\u00e1rtemplom lelk\u00e9szei (dr. Pusk\u00e1s Katalin k\u00e9zirata); V\u00e1rtemplomi lelk\u00e9szek n\u00e9vsora, 1571\u20132000 (\u00daj Kezdet, 2. sz., 2000)<\/br><\/p>\n","protected":false},"excerpt":{"rendered":"<p>? \u2020 ?: ref. lelk\u00e9sz. \u2013 Mv.-i V\u00e1rtemplom lelk\u00e9sze (1648). Irod.: Id\u0151t\u00e1r 1; A ref. V\u00e1rtemplom lelk\u00e9szei (dr. Pusk\u00e1s Katalin k\u00e9zirata); V\u00e1rtemplomi lelk\u00e9szek n\u00e9vsora, 1571\u20132000 (\u00daj Kezdet, 2. sz., 2000)<\/p>\n","protected":false},"featured_media":0,"comment_status":"open","ping_status":"closed","template":"","meta":[],"product_brand":[],"product_cat":[137],"product_tag":[],"class_list":{"0":"post-12794","1":"product","2":"type-product","3":"status-publish","5":"product_cat-maros-megyei-eletrajzi-lexikon","7":"first","8":"instock","9":"shipping-taxable","10":"product-type-simple"},"_links":{"self":[{"href":"https:\/\/uj.adatbank.ro\/lexikon\/wp-json\/wp\/v2\/product\/12794","targetHints":{"allow":["GET"]}}],"collection":[{"href":"https:\/\/uj.adatbank.ro\/lexikon\/wp-json\/wp\/v2\/product"}],"about":[{"href":"https:\/\/uj.adatbank.ro\/lexikon\/wp-json\/wp\/v2\/types\/product"}],"replies":[{"embeddable":true,"href":"https:\/\/uj.adatbank.ro\/lexikon\/wp-json\/wp\/v2\/comments?post=12794"}],"wp:attachment":[{"href":"https:\/\/uj.adatbank.ro\/lexikon\/wp-json\/wp\/v2\/media?parent=12794"}],"wp:term":[{"taxonomy":"product_brand","embeddable":true,"href":"https:\/\/uj.adatbank.ro\/lexikon\/wp-json\/wp\/v2\/product_brand?post=12794"},{"taxonomy":"product_cat","embeddable":true,"href":"https:\/\/uj.adatbank.ro\/lexikon\/wp-json\/wp\/v2\/product_cat?post=12794"},{"taxonomy":"product_tag","embeddable":true,"href":"https:\/\/uj.adatbank.ro\/lexikon\/wp-json\/wp\/v2\/product_tag?post=12794"}],"curies":[{"name":"wp","href":"https:\/\/api.w.org\/{rel}","templated":true}]}}