{"id":12795,"date":"2025-06-29T14:39:26","date_gmt":"2025-06-29T12:39:26","guid":{"rendered":"https:\/\/uj.adatbank.ro\/lexikon\/termek\/kotsch-michael\/"},"modified":"2025-06-29T14:39:26","modified_gmt":"2025-06-29T12:39:26","slug":"kotsch-michael","status":"publish","type":"product","link":"https:\/\/uj.adatbank.ro\/lexikon\/termek\/kotsch-michael\/","title":{"rendered":"KOTSCH Michael"},"content":{"rendered":"<p>Holl\u00f3-Lomnitz (Szepes m.) ? \u2020 ? : ev. pap. \u2013 F\u00f6ldm\u0171ves sz\u00fcl\u0151k gyermeke Cservenk\u00e1n volt seg\u00e9dlelk\u00e9sz. Mv. -re h\u00edvt\u00e1k a lelk\u00e9sz-tan\u00edt\u00f3i \u00e1ll\u00e1sra, beiktatt\u00e1k (1899 j\u00fal. 30). N\u00e9met anyanyelv\u00e9hez ragaszkod\u00f3, m\u00e9lyen vall\u00e1sos ember volt, lelk\u00e9szi hivat\u00e1s\u00e1t komolyan vette, az egyh\u00e1z szeg\u00e9nyeit seg\u00edtette. Ennek ellen\u00e9re a h\u00edvei nem szerett\u00e9k, hamarosan m\u00e1s \u00e1ll\u00e1s ut\u00e1n kellett n\u00e9znie, n\u00e9gy \u00e9vi szolg\u00e1lat ut\u00e1n On\u00f3dra t\u00e1vozott (1903). Az \u0151 lelk\u00e9szs\u00e9ge ideje alatt \u00e9p\u00fclt a Baross G\u00e1bor utcai b\u00e9rh\u00e1z. Kossuth Lajos sz\u00fclet\u00e9s\u00e9nek 100 \u00e9vfordul\u00f3j\u00e1n tartott \u00fcnneps\u00e9gen az ev. Templomban \u00fcnnepi besz\u00e9det tartott <br \/><strong>Irod.:<\/strong> Beyer; Id\u0151t\u00e1r 2; P\u00e1l-Antal 2003<\/br><\/p>\n","protected":false},"excerpt":{"rendered":"<p>Holl\u00f3-Lomnitz (Szepes m.) ? \u2020 ? : ev. pap. \u2013 F\u00f6ldm\u0171ves sz\u00fcl\u0151k gyermeke Cservenk\u00e1n volt seg\u00e9dlelk\u00e9sz. Mv. -re h\u00edvt\u00e1k a lelk\u00e9sz-tan\u00edt\u00f3i \u00e1ll\u00e1sra, beiktatt\u00e1k (1899 j\u00fal. 30). N\u00e9met anyanyelv\u00e9hez ragaszkod\u00f3, m\u00e9lyen vall\u00e1sos ember volt, lelk\u00e9szi hivat\u00e1s\u00e1t komolyan vette, az egyh\u00e1z szeg\u00e9nyeit seg\u00edtette. Ennek ellen\u00e9re a h\u00edvei nem szerett\u00e9k, hamarosan m\u00e1s \u00e1ll\u00e1s ut\u00e1n kellett n\u00e9znie, n\u00e9gy \u00e9vi [&hellip;]<\/p>\n","protected":false},"featured_media":0,"comment_status":"open","ping_status":"closed","template":"","meta":[],"product_brand":[],"product_cat":[137],"product_tag":[],"class_list":{"0":"post-12795","1":"product","2":"type-product","3":"status-publish","5":"product_cat-maros-megyei-eletrajzi-lexikon","7":"first","8":"instock","9":"shipping-taxable","10":"product-type-simple"},"_links":{"self":[{"href":"https:\/\/uj.adatbank.ro\/lexikon\/wp-json\/wp\/v2\/product\/12795","targetHints":{"allow":["GET"]}}],"collection":[{"href":"https:\/\/uj.adatbank.ro\/lexikon\/wp-json\/wp\/v2\/product"}],"about":[{"href":"https:\/\/uj.adatbank.ro\/lexikon\/wp-json\/wp\/v2\/types\/product"}],"replies":[{"embeddable":true,"href":"https:\/\/uj.adatbank.ro\/lexikon\/wp-json\/wp\/v2\/comments?post=12795"}],"wp:attachment":[{"href":"https:\/\/uj.adatbank.ro\/lexikon\/wp-json\/wp\/v2\/media?parent=12795"}],"wp:term":[{"taxonomy":"product_brand","embeddable":true,"href":"https:\/\/uj.adatbank.ro\/lexikon\/wp-json\/wp\/v2\/product_brand?post=12795"},{"taxonomy":"product_cat","embeddable":true,"href":"https:\/\/uj.adatbank.ro\/lexikon\/wp-json\/wp\/v2\/product_cat?post=12795"},{"taxonomy":"product_tag","embeddable":true,"href":"https:\/\/uj.adatbank.ro\/lexikon\/wp-json\/wp\/v2\/product_tag?post=12795"}],"curies":[{"name":"wp","href":"https:\/\/api.w.org\/{rel}","templated":true}]}}