{"id":12797,"date":"2025-06-29T14:39:29","date_gmt":"2025-06-29T12:39:29","guid":{"rendered":"https:\/\/uj.adatbank.ro\/lexikon\/termek\/kotsi-patko-janos-%c2%a7\/"},"modified":"2025-07-16T14:03:28","modified_gmt":"2025-07-16T12:03:28","slug":"kotsi-patko-janos-%c2%a7","status":"publish","type":"product","link":"https:\/\/uj.adatbank.ro\/lexikon\/termek\/kotsi-patko-janos-%c2%a7\/","title":{"rendered":"K\u00d3TSI PATK\u00d3 J\u00e1nos, \u00a7"},"content":{"rendered":"<p>Derecske, 1763. szept. 24., aug. 15. \u2020 Kv., 1842. febr. 14. A H\u00e1zsong\u00e1rdi temet\u0151ben nyugszik: sz\u00edn\u00e9sz, dr\u00e1ma\u00edr\u00f3, m\u0171ford\u00edt\u00f3, sz\u00ednigazgat\u00f3. \u2013 Feles\u00e9ge: Fej\u00e9r Roz\u00e1lia sz\u00edn\u00e9szn\u0151. \u2013 Tanult S\u00e1rospatakon, Kv.-on a Ref. Koll.-ban (1770\u201380). Katonatiszt (1785); Az els\u0151 erd\u00e9lyi hivat\u00e1sos \u00e9s \u00e1lland\u00f3 sz\u00ednh\u00e1z, az Erd\u00e9lyi M. Sz\u00ednj\u00e1tsz\u00f3 T\u00e1rsas\u00e1g alap\u00edt\u00f3 tagja (1792), els\u0151 v\u00e1llalkoz\u00f3 igazgat\u00f3ja (1793\u20131808), m\u0171v\u00e9szeti vezet\u0151je (1795\u2013). Neki k\u00f6sz\u00f6nhet\u0151 az erd\u00e9lyi sz\u00ednm\u0171v\u00e9szet felvir\u00e1goztat\u00e1sa. Vend\u00e9gj\u00e1t\u00e9kokat szervezett Debrecenben, Nagyv\u00e1radon. Hathetes ny\u00e1ri \u00e9vadja a hivat\u00e1sos sz\u00ednj\u00e1tsz\u00e1s kezdet\u00e9t jelzi Mv.-en. \u0150 tartotta Mv.-en az els\u0151 hivat\u00e1sos sz\u00ednh\u00e1zi el\u0151ad\u00e1s: , Kotzebue : A nevel\u00e9s form\u00e1lja az embert c. kom\u00e9di\u00e1j\u00e1val (1803. j\u00fan. 12). Pr\u00f3b\u00e1lkozott \u00e1lland\u00f3 j\u00e1tsz\u00f3hely l\u00e9tes\u00edt\u00e9s\u00e9vel Mv.-en. A Poklos utc\u00e1ban terveztek sz\u00ednh\u00e1zat \u00e9p\u00edteni de a v\u00e1rosaty\u00e1k \u00e9rtetlens\u00e9ge miatt elmaradt \u00e9s v\u00e9g\u00fcl csak egy fedetlen ny\u00e1ri j\u00e1t\u00e9ksz\u00edn l\u00e9tes\u00fclt a v\u00e1r k\u00f6zel\u00e9ben, a deszkasz\u00ednh\u00e1z azt\u00e1n p\u00e1r \u00e9vadon kereszt\u00fcl gazdag programmal m\u0171k\u00f6d\u00f6tt \u00e9s az \u00e1lland\u00f3 anyagi gondokkal k\u00fczk\u00f6d\u0151 kv.-i sz\u00ednh\u00e1znak ez szolg\u00e1lt meg\u00e9lhet\u00e9si lehet\u0151s\u00e9get. A t\u00e1rsulat Mv.-en j\u00e1tszott (1803\u201309, 1815\u201319, t\u00e9len ny\u00e1ron ; 1823). \u2013 <strong>F. m.:<\/strong> A r\u00e9gi \u00e9s \u00faj the\u00e1trom hist\u00f3ri\u00e1ja \u00e9s egy\u00e9b \u00edr\u00e1sok. (Sajt\u00f3 al\u00e1 rendezte \u00e9s bevezet\u0151 tanulm\u00e1nnyal ell\u00e1tta Jord\u00e1ky Lajos; Buk., 1973).<br \/>\n<strong>Irod.:<\/strong> Chereji Peris T.: A mv.-i sz\u00ednh\u00e1z \u00e9s sz\u00ednj\u00e1tsz\u00e1s megteremt\u00e9s\u00e9r\u0151l = Mv. t\u00f6rt\u00e9net\u00e9b\u0151l; Enyedi S\u00e1ndor: D\u00e9ryn\u00e9 erd\u00e9lyi sz\u00ednpadokon (Buk., 1975); H\u00e1zsong\u00e1rd; Id\u0151t\u00e1r 1; J\u00e1ray Fekete Katalin: Az iskolai sz\u00ednj\u00e1tsz\u00e1st\u00f3l a Sz\u00e9kely Sz\u00ednh\u00e1zig (N\u00fa., 1993. jan. 5.); K\u00e1li Nagy L\u00e1z\u00e1r visszaeml\u00e9kez\u00e9sei; Kov\u00e1cs Levente MAM\u0170L; P\u00e1l-Antal 2009; [Peris Ter\u00e9z]: A M. J\u00e1czo T\u00e1rsas\u00e1gnak Organiz\u00e1ci\u00f3j\u00e1r\u00f3l, avagy a mv.-i sz\u00ednj\u00e1tsz\u00e1s t\u00f6rt\u00e9net\u00e9b\u0151l (N\u00fa., 1994. jan. 26.); Szentimrei<\/p>\n","protected":false},"excerpt":{"rendered":"<p>Derecske, 1763. szept. 24., aug. 15. \u2020 Kv., 1842. febr. 14. A H\u00e1zsong\u00e1rdi temet\u0151ben nyugszik: sz\u00edn\u00e9sz, dr\u00e1ma\u00edr\u00f3, m\u0171ford\u00edt\u00f3, sz\u00ednigazgat\u00f3. \u2013 Feles\u00e9ge: Fej\u00e9r Roz\u00e1lia sz\u00edn\u00e9szn\u0151. \u2013 Tanult S\u00e1rospatakon, Kv.-on a Ref. Koll.-ban (1770\u201380). Katonatiszt (1785); Az els\u0151 erd\u00e9lyi hivat\u00e1sos \u00e9s \u00e1lland\u00f3 sz\u00ednh\u00e1z, az Erd\u00e9lyi M. Sz\u00ednj\u00e1tsz\u00f3 T\u00e1rsas\u00e1g alap\u00edt\u00f3 tagja (1792), els\u0151 v\u00e1llalkoz\u00f3 igazgat\u00f3ja (1793\u20131808), m\u0171v\u00e9szeti vezet\u0151je [&hellip;]<\/p>\n","protected":false},"featured_media":0,"comment_status":"open","ping_status":"closed","template":"","meta":[],"product_brand":[],"product_cat":[137],"product_tag":[],"class_list":{"0":"post-12797","1":"product","2":"type-product","3":"status-publish","5":"product_cat-maros-megyei-eletrajzi-lexikon","7":"first","8":"instock","9":"shipping-taxable","10":"product-type-simple"},"_links":{"self":[{"href":"https:\/\/uj.adatbank.ro\/lexikon\/wp-json\/wp\/v2\/product\/12797","targetHints":{"allow":["GET"]}}],"collection":[{"href":"https:\/\/uj.adatbank.ro\/lexikon\/wp-json\/wp\/v2\/product"}],"about":[{"href":"https:\/\/uj.adatbank.ro\/lexikon\/wp-json\/wp\/v2\/types\/product"}],"replies":[{"embeddable":true,"href":"https:\/\/uj.adatbank.ro\/lexikon\/wp-json\/wp\/v2\/comments?post=12797"}],"wp:attachment":[{"href":"https:\/\/uj.adatbank.ro\/lexikon\/wp-json\/wp\/v2\/media?parent=12797"}],"wp:term":[{"taxonomy":"product_brand","embeddable":true,"href":"https:\/\/uj.adatbank.ro\/lexikon\/wp-json\/wp\/v2\/product_brand?post=12797"},{"taxonomy":"product_cat","embeddable":true,"href":"https:\/\/uj.adatbank.ro\/lexikon\/wp-json\/wp\/v2\/product_cat?post=12797"},{"taxonomy":"product_tag","embeddable":true,"href":"https:\/\/uj.adatbank.ro\/lexikon\/wp-json\/wp\/v2\/product_tag?post=12797"}],"curies":[{"name":"wp","href":"https:\/\/api.w.org\/{rel}","templated":true}]}}