{"id":12802,"date":"2025-06-29T14:39:39","date_gmt":"2025-06-29T12:39:39","guid":{"rendered":"https:\/\/uj.adatbank.ro\/lexikon\/termek\/kovacs-a-zoltan\/"},"modified":"2025-06-29T14:39:39","modified_gmt":"2025-06-29T12:39:39","slug":"kovacs-a-zoltan","status":"publish","type":"product","link":"https:\/\/uj.adatbank.ro\/lexikon\/termek\/kovacs-a-zoltan\/","title":{"rendered":"KOV\u00c1CS A. Zolt\u00e1n"},"content":{"rendered":"<p>Cs\u00edkp\u00e1lfalva (Hargita), 1935. okt. 12., \u2020 Mv., 2005. nov. 23.: tan\u00e1r. \u2013 Letartr\u00f3ztat\u00e1sakor a (1960. j\u00fan. 24.) a cs\u00edksomly\u00f3i \u00e1ltal\u00e1nos iskol\u00e1ban volt tan\u00e1r. A buk.-i Katonai B\u00edr\u00f3s\u00e1g a BTK 194. paragrafus\u00e1nak 2. \u00e9s 4. pontja alapj\u00e1n 10 \u00e9vre \u00edt\u00e9lte. Szamos\u00fajv\u00e1rr\u00f3l szabadult (1963. dec. 19). Hazat\u00e9r\u00e9se ut\u00e1n el\u0151bb a cs\u00edkszeredai g\u00e9p\u00e1llom\u00e1son (\u20131966), majd a mv.-i H\u00fasipari V\u00e1llalatn\u00e1l dolgozott k\u00f6zgazd\u00e1szk\u00e9nt (1966\u2013). <br \/><strong>Irod.:<\/strong> 1956 Erd\u00e9lyben<\/br><\/p>\n","protected":false},"excerpt":{"rendered":"<p>Cs\u00edkp\u00e1lfalva (Hargita), 1935. okt. 12., \u2020 Mv., 2005. nov. 23.: tan\u00e1r. \u2013 Letartr\u00f3ztat\u00e1sakor a (1960. j\u00fan. 24.) a cs\u00edksomly\u00f3i \u00e1ltal\u00e1nos iskol\u00e1ban volt tan\u00e1r. A buk.-i Katonai B\u00edr\u00f3s\u00e1g a BTK 194. paragrafus\u00e1nak 2. \u00e9s 4. pontja alapj\u00e1n 10 \u00e9vre \u00edt\u00e9lte. Szamos\u00fajv\u00e1rr\u00f3l szabadult (1963. dec. 19). Hazat\u00e9r\u00e9se ut\u00e1n el\u0151bb a cs\u00edkszeredai g\u00e9p\u00e1llom\u00e1son (\u20131966), majd a mv.-i H\u00fasipari [&hellip;]<\/p>\n","protected":false},"featured_media":0,"comment_status":"open","ping_status":"closed","template":"","meta":[],"product_brand":[],"product_cat":[137],"product_tag":[],"class_list":{"0":"post-12802","1":"product","2":"type-product","3":"status-publish","5":"product_cat-maros-megyei-eletrajzi-lexikon","7":"first","8":"instock","9":"shipping-taxable","10":"product-type-simple"},"_links":{"self":[{"href":"https:\/\/uj.adatbank.ro\/lexikon\/wp-json\/wp\/v2\/product\/12802","targetHints":{"allow":["GET"]}}],"collection":[{"href":"https:\/\/uj.adatbank.ro\/lexikon\/wp-json\/wp\/v2\/product"}],"about":[{"href":"https:\/\/uj.adatbank.ro\/lexikon\/wp-json\/wp\/v2\/types\/product"}],"replies":[{"embeddable":true,"href":"https:\/\/uj.adatbank.ro\/lexikon\/wp-json\/wp\/v2\/comments?post=12802"}],"wp:attachment":[{"href":"https:\/\/uj.adatbank.ro\/lexikon\/wp-json\/wp\/v2\/media?parent=12802"}],"wp:term":[{"taxonomy":"product_brand","embeddable":true,"href":"https:\/\/uj.adatbank.ro\/lexikon\/wp-json\/wp\/v2\/product_brand?post=12802"},{"taxonomy":"product_cat","embeddable":true,"href":"https:\/\/uj.adatbank.ro\/lexikon\/wp-json\/wp\/v2\/product_cat?post=12802"},{"taxonomy":"product_tag","embeddable":true,"href":"https:\/\/uj.adatbank.ro\/lexikon\/wp-json\/wp\/v2\/product_tag?post=12802"}],"curies":[{"name":"wp","href":"https:\/\/api.w.org\/{rel}","templated":true}]}}