{"id":12805,"date":"2025-06-29T14:39:47","date_gmt":"2025-06-29T12:39:47","guid":{"rendered":"https:\/\/uj.adatbank.ro\/lexikon\/termek\/kovacs-agnes-anna-%c2%a7\/"},"modified":"2025-06-29T14:39:47","modified_gmt":"2025-06-29T12:39:47","slug":"kovacs-agnes-anna-%c2%a7","status":"publish","type":"product","link":"https:\/\/uj.adatbank.ro\/lexikon\/termek\/kovacs-agnes-anna-%c2%a7\/","title":{"rendered":"KOV\u00c1CS \u00c1gnes Anna, \u00a7"},"content":{"rendered":"<p>Arad, 1975. aug. 14., \u2020 Mv., 2008. okt. 26.: sz\u00edn\u00e9sz. \u2013 A Mv.-i Sz\u00ednm\u0171v\u00e9szeti Egyetem Szentgy\u00f6rgyi Istv\u00e1n tagozat\u00e1n tanult (1997). A Mv.-i Nemzeti Sz\u00ednh\u00e1z Tompa Mikl\u00f3s T\u00e1rsulat\u00e1nak tagja (1997\u20132002). T\u00f6bb kor\u00e1bbi oszt\u00e1lyt\u00e1rs\u00e1val egy\u00fctt a bp.-i Honv\u00e9d Egy\u00fcttes Kamarasz\u00ednh\u00e1z\u00e1hoz szerz\u0151d\u00f6tt (2002\u20132007. dec.), m\u00e9g j\u00e1tszott a tatab\u00e1nyai J\u00e1szai Mari Sz\u00ednh\u00e1zban, a Meridi\u00e1n 42 t\u00e1rsulat el\u0151ad\u00e1saiban. Cs\u00edksomlyon az Istv\u00e1n a kir\u00e1lyban. Tehets\u00e9g\u00e9t filmek \u00e9s n\u00e9h\u00e1ny sz\u00ednh\u00e1zi tv-felv\u00e9tel is m\u00fatatj\u00e1k. \u2013 <strong>F. sz.:<\/strong> vizsgaszerepei: My Fair Lady, M. h\u00e1rom n\u00f6v\u00e9r-ben; Manci (Heltai Jen\u0151: T\u00fcnd\u00e9rlaki l\u00e1nyok); Orsetta (Goldoni: Chioggiai csetepat\u00e9); Elektra (J. Girandoux: Elektra); Tit\u00e1nia (Schakespeare: Szentiv\u00e1n\u00e9ji \u00e1lom); \u00c9va (Mad\u00e1ch Imre: Az ember trag\u00e9di\u00e1ja); Thea (Wedekind: Tavasz \u00e9bred\u00e9se); Acroteleutium (Plautus: Hetvenked\u0151 katona); Mariuccia: Goldoni: Virgonc h\u00f6lgyek); Rosalinda (Shakespeare: Ahogy tetszik- Bozgorok); Csak \u00fagy \u2013 improviz\u00e1ci\u00f3s j\u00e1t\u00e9k; Betty (Marius von Mayenburg: Parazit\u00e1k); filmszerepei: P\u00e1sztor M\u00e1ria (S\u00e1ra S\u00e1ndor: A v\u00e1d); Vera (Robert Ralston: Turisti); Feles\u00e9g (Guly\u00e1s Gyula: F\u00e9ny hull arcodra \u00e9desem); J\u00e1t\u00e9kos Borb\u00e1la (Hajdu Szabolcs: Tamara). <br \/><strong>Irod.:<\/strong> Elhunyt K. \u00c1. A. [Nekrol\u00f3g] (N\u00fa., 2008. okt. 28.); Kov\u00e1cs Levente: In memoriam K. \u00c1. A. (N\u00fa., 2008. okt. 29.); Szak\u00e1cs Zsuzsanna. Sz\u00edn\u00e9sz, de soha nem tudott hazudni (Kr\u00f3nika, 2000. m\u00e1rc. 9.)<\/br><\/p>\n","protected":false},"excerpt":{"rendered":"<p>Arad, 1975. aug. 14., \u2020 Mv., 2008. okt. 26.: sz\u00edn\u00e9sz. \u2013 A Mv.-i Sz\u00ednm\u0171v\u00e9szeti Egyetem Szentgy\u00f6rgyi Istv\u00e1n tagozat\u00e1n tanult (1997). A Mv.-i Nemzeti Sz\u00ednh\u00e1z Tompa Mikl\u00f3s T\u00e1rsulat\u00e1nak tagja (1997\u20132002). T\u00f6bb kor\u00e1bbi oszt\u00e1lyt\u00e1rs\u00e1val egy\u00fctt a bp.-i Honv\u00e9d Egy\u00fcttes Kamarasz\u00ednh\u00e1z\u00e1hoz szerz\u0151d\u00f6tt (2002\u20132007. dec.), m\u00e9g j\u00e1tszott a tatab\u00e1nyai J\u00e1szai Mari Sz\u00ednh\u00e1zban, a Meridi\u00e1n 42 t\u00e1rsulat el\u0151ad\u00e1saiban. Cs\u00edksomlyon az [&hellip;]<\/p>\n","protected":false},"featured_media":0,"comment_status":"open","ping_status":"closed","template":"","meta":[],"product_brand":[],"product_cat":[137],"product_tag":[],"class_list":{"0":"post-12805","1":"product","2":"type-product","3":"status-publish","5":"product_cat-maros-megyei-eletrajzi-lexikon","7":"first","8":"instock","9":"shipping-taxable","10":"product-type-simple"},"_links":{"self":[{"href":"https:\/\/uj.adatbank.ro\/lexikon\/wp-json\/wp\/v2\/product\/12805","targetHints":{"allow":["GET"]}}],"collection":[{"href":"https:\/\/uj.adatbank.ro\/lexikon\/wp-json\/wp\/v2\/product"}],"about":[{"href":"https:\/\/uj.adatbank.ro\/lexikon\/wp-json\/wp\/v2\/types\/product"}],"replies":[{"embeddable":true,"href":"https:\/\/uj.adatbank.ro\/lexikon\/wp-json\/wp\/v2\/comments?post=12805"}],"wp:attachment":[{"href":"https:\/\/uj.adatbank.ro\/lexikon\/wp-json\/wp\/v2\/media?parent=12805"}],"wp:term":[{"taxonomy":"product_brand","embeddable":true,"href":"https:\/\/uj.adatbank.ro\/lexikon\/wp-json\/wp\/v2\/product_brand?post=12805"},{"taxonomy":"product_cat","embeddable":true,"href":"https:\/\/uj.adatbank.ro\/lexikon\/wp-json\/wp\/v2\/product_cat?post=12805"},{"taxonomy":"product_tag","embeddable":true,"href":"https:\/\/uj.adatbank.ro\/lexikon\/wp-json\/wp\/v2\/product_tag?post=12805"}],"curies":[{"name":"wp","href":"https:\/\/api.w.org\/{rel}","templated":true}]}}