{"id":12806,"date":"2025-06-29T14:39:49","date_gmt":"2025-06-29T12:39:49","guid":{"rendered":"https:\/\/uj.adatbank.ro\/lexikon\/termek\/kovacs-agoston-zoltan\/"},"modified":"2025-06-29T14:39:49","modified_gmt":"2025-06-29T12:39:49","slug":"kovacs-agoston-zoltan","status":"publish","type":"product","link":"https:\/\/uj.adatbank.ro\/lexikon\/termek\/kovacs-agoston-zoltan\/","title":{"rendered":"KOV\u00c1CS \u00c1goston Zolt\u00e1n"},"content":{"rendered":"<p>Gyergy\u00f3csomafalva, 1899., \u2020 ?: vit\u00e9z, m\u00e9sz\u00e1ros \u00e9s hentes. \u2013 Iskol\u00e1i elv\u00e9gz\u00e9se ut\u00e1n a h\u00fasiparban szabadult fel \u00e9s mint seg\u00e9d jobb mesterek mellett k\u00e9pezte mag\u00e1t, D\u00e9d\u00e1n lett \u00f6n\u00e1ll\u00f3. Az els\u0151 vh.-ban az orosz, olasz \u00e9s a rom\u00e1n fronton harcolt, az I. \u00e9s II. ez\u00fcst, a bronz vit. \u00e9. \u00e9s a K\u00e1roly Csapatkereszt kit\u00fcntet\u00e9sekkel szerelt le. <br \/><strong>Irod.:<\/strong> : Sz\u00e9kelyf\u00f6ld \u00ed. k.<\/br><\/p>\n","protected":false},"excerpt":{"rendered":"<p>Gyergy\u00f3csomafalva, 1899., \u2020 ?: vit\u00e9z, m\u00e9sz\u00e1ros \u00e9s hentes. \u2013 Iskol\u00e1i elv\u00e9gz\u00e9se ut\u00e1n a h\u00fasiparban szabadult fel \u00e9s mint seg\u00e9d jobb mesterek mellett k\u00e9pezte mag\u00e1t, D\u00e9d\u00e1n lett \u00f6n\u00e1ll\u00f3. Az els\u0151 vh.-ban az orosz, olasz \u00e9s a rom\u00e1n fronton harcolt, az I. \u00e9s II. ez\u00fcst, a bronz vit. \u00e9. \u00e9s a K\u00e1roly Csapatkereszt kit\u00fcntet\u00e9sekkel szerelt le. Irod.: [&hellip;]<\/p>\n","protected":false},"featured_media":0,"comment_status":"open","ping_status":"closed","template":"","meta":[],"product_brand":[],"product_cat":[137],"product_tag":[],"class_list":{"0":"post-12806","1":"product","2":"type-product","3":"status-publish","5":"product_cat-maros-megyei-eletrajzi-lexikon","7":"first","8":"instock","9":"shipping-taxable","10":"product-type-simple"},"_links":{"self":[{"href":"https:\/\/uj.adatbank.ro\/lexikon\/wp-json\/wp\/v2\/product\/12806","targetHints":{"allow":["GET"]}}],"collection":[{"href":"https:\/\/uj.adatbank.ro\/lexikon\/wp-json\/wp\/v2\/product"}],"about":[{"href":"https:\/\/uj.adatbank.ro\/lexikon\/wp-json\/wp\/v2\/types\/product"}],"replies":[{"embeddable":true,"href":"https:\/\/uj.adatbank.ro\/lexikon\/wp-json\/wp\/v2\/comments?post=12806"}],"wp:attachment":[{"href":"https:\/\/uj.adatbank.ro\/lexikon\/wp-json\/wp\/v2\/media?parent=12806"}],"wp:term":[{"taxonomy":"product_brand","embeddable":true,"href":"https:\/\/uj.adatbank.ro\/lexikon\/wp-json\/wp\/v2\/product_brand?post=12806"},{"taxonomy":"product_cat","embeddable":true,"href":"https:\/\/uj.adatbank.ro\/lexikon\/wp-json\/wp\/v2\/product_cat?post=12806"},{"taxonomy":"product_tag","embeddable":true,"href":"https:\/\/uj.adatbank.ro\/lexikon\/wp-json\/wp\/v2\/product_tag?post=12806"}],"curies":[{"name":"wp","href":"https:\/\/api.w.org\/{rel}","templated":true}]}}