{"id":12809,"date":"2025-06-29T14:39:55","date_gmt":"2025-06-29T12:39:55","guid":{"rendered":"https:\/\/uj.adatbank.ro\/lexikon\/termek\/kovacs-albert-3\/"},"modified":"2025-06-29T14:39:55","modified_gmt":"2025-06-29T12:39:55","slug":"kovacs-albert-3","status":"publish","type":"product","link":"https:\/\/uj.adatbank.ro\/lexikon\/termek\/kovacs-albert-3\/","title":{"rendered":"KOV\u00c1CS Albert"},"content":{"rendered":"<p>Marosszentkir\u00e1ly, 1895., \u2020 ?: vend\u00e9gl\u0151s. \u2013 Fiatal kor\u00e1ban a hentes \u00e9s m\u00e9sz\u00e1ros mesters\u00e9get tanulta, majd vend\u00e9gl\u0151s lett Mv.-en. Az els\u0151 vh.-ban a 23. h. gy. e.-ben a 38. hadoszt\u00e1lyn\u00e1l az orosz fronton harcolt. A MP tagja volt. <br \/><strong>Irod.:<\/strong> Sz\u00e9kelyf\u00f6ld \u00ed. k.<\/br><\/p>\n","protected":false},"excerpt":{"rendered":"<p>Marosszentkir\u00e1ly, 1895., \u2020 ?: vend\u00e9gl\u0151s. \u2013 Fiatal kor\u00e1ban a hentes \u00e9s m\u00e9sz\u00e1ros mesters\u00e9get tanulta, majd vend\u00e9gl\u0151s lett Mv.-en. Az els\u0151 vh.-ban a 23. h. gy. e.-ben a 38. hadoszt\u00e1lyn\u00e1l az orosz fronton harcolt. A MP tagja volt. Irod.: Sz\u00e9kelyf\u00f6ld \u00ed. k.<\/p>\n","protected":false},"featured_media":0,"comment_status":"open","ping_status":"closed","template":"","meta":[],"product_brand":[],"product_cat":[137],"product_tag":[],"class_list":{"0":"post-12809","1":"product","2":"type-product","3":"status-publish","5":"product_cat-maros-megyei-eletrajzi-lexikon","7":"first","8":"instock","9":"shipping-taxable","10":"product-type-simple"},"_links":{"self":[{"href":"https:\/\/uj.adatbank.ro\/lexikon\/wp-json\/wp\/v2\/product\/12809","targetHints":{"allow":["GET"]}}],"collection":[{"href":"https:\/\/uj.adatbank.ro\/lexikon\/wp-json\/wp\/v2\/product"}],"about":[{"href":"https:\/\/uj.adatbank.ro\/lexikon\/wp-json\/wp\/v2\/types\/product"}],"replies":[{"embeddable":true,"href":"https:\/\/uj.adatbank.ro\/lexikon\/wp-json\/wp\/v2\/comments?post=12809"}],"wp:attachment":[{"href":"https:\/\/uj.adatbank.ro\/lexikon\/wp-json\/wp\/v2\/media?parent=12809"}],"wp:term":[{"taxonomy":"product_brand","embeddable":true,"href":"https:\/\/uj.adatbank.ro\/lexikon\/wp-json\/wp\/v2\/product_brand?post=12809"},{"taxonomy":"product_cat","embeddable":true,"href":"https:\/\/uj.adatbank.ro\/lexikon\/wp-json\/wp\/v2\/product_cat?post=12809"},{"taxonomy":"product_tag","embeddable":true,"href":"https:\/\/uj.adatbank.ro\/lexikon\/wp-json\/wp\/v2\/product_tag?post=12809"}],"curies":[{"name":"wp","href":"https:\/\/api.w.org\/{rel}","templated":true}]}}