{"id":12811,"date":"2025-06-29T14:39:58","date_gmt":"2025-06-29T12:39:58","guid":{"rendered":"https:\/\/uj.adatbank.ro\/lexikon\/termek\/kovacs-albert-5\/"},"modified":"2025-06-29T14:39:58","modified_gmt":"2025-06-29T12:39:58","slug":"kovacs-albert-5","status":"publish","type":"product","link":"https:\/\/uj.adatbank.ro\/lexikon\/termek\/kovacs-albert-5\/","title":{"rendered":"KOV\u00c1CS Albert"},"content":{"rendered":"<p>Mez\u0151cs\u00e1v\u00e1s, 1928. febr. 29., \u2020 Mv., 2015. \u00e1pr 27. Mez\u0151cs\u00e1v\u00e1son temett\u00e9k: egyetemi tan\u00e1r, kritikus, essz\u00e9ista, irodalomt\u00f6rt\u00e9n\u00e9sz, poetika. \u2013 K. Gergely, f\u00f6ldm\u0171ves \u00e9s \u00c1gnes fia. A mv.-i Ref. Koll.-ban \u00e9retts\u00e9gizett (1948); egy \u00e9vig a kv.-i BTE irodalomszakos hallgat\u00f3ja, majd a szvedlovszki egyetemen oroszul folytatta tanulm\u00e1nyait (1949\u201354). A buk.-i Maxim Gorkij Int\u00e9zet tan\u00e1rseg\u00e9de (1954\u201356); \u00fajabb orosz irodalmi tanulm\u00e1nyok sor\u00e1n (1956\u201359) Moszkv\u00e1ban a TE \u2013ben doktor\u00e1lt (1959); buk.-i munkahely\u00e9re visszaker\u00fclve el\u0151ad\u00f3tan\u00e1r, tansz\u00e9kvezet\u0151 (1959\u201363); a Buk.-i TE-en el\u0151ad\u00f3tan\u00e1r (1963\u2013), docens, doktor (1970\u2013), prof (1990\u2013). H\u00e1zi \u0151rizetben volt (1989. szept. 5. &#8211; dec. 21), mert r\u00e9szt vett az 1989-es forradalom el\u0151k\u00e9sz\u00edt\u00e9s\u00e9ben. A Secolul 20 vil\u00e1girodalmi foly\u00f3irat rovatvezet\u0151je. Tanulm\u00e1nyai, cikkei, \u00edr\u00e1sai f\u0151leg az orosz \u00e9s a kort\u00e1rs rom\u00e1niai magyar irodalomr\u00f3l : A H\u00e9t; Utunk, Igaz Sz\u00f3, Korunk, Via\u0163a Rom\u00e2neasc\u0103, Romanoslavica, Rom\u00e2nia Literar\u0103, Secolul 20, Kitej-Grad, Golosa Szibiri, bp.-i Szovjet Irodalom has\u00e1bjain jelentek meg. A magyar irodalmi sajt\u00f3b\u00f3l kitiltott\u00e1k (1970\u201387). Mint m\u0171ford\u00edt\u00f3 feles\u00e9g\u00e9vel oroszul tolm\u00e1csolta Asztalos Istv\u00e1n \u00e9s S\u00fct\u0151 Andr\u00e1s v\u00e1logatott \u00edr\u00e1sait. Egyetemi jegyzetet adott ki a XIX sz. orosz irodalomt\u00f6rt\u00e9net\u00e9r\u0151l (1968). A Rom\u00e1n Oktat\u00e1s\u00fcgyi Miniszt\u00e9rium D\u00edj\u00e1ban r\u00e9szes\u00fclt (1969). A Rom. Dosztojevszkij T\u00e1rs. Eln\u00f6ke, az international Dostoevsky Society alap\u00edt\u00f3 tagja, a Nemzetk\u00f6zi Szlaviszztikai T\u00e1rs. Tagja, az \u00d6sszehasonl\u00edt\u00f3 Po\u00e9tikai Bizotts\u00e1g eln\u00f6ke (2005\u2013), az EME \u00e9s a Nemzetk\u00f6zi Magy. Filol\u00f3giai T\u00e1rs., a Rom. Magy. \u00edr\u00f3k Sz\u00f6vets\u00e9ge, a Magy. Prof. -ok Vil\u00e1gtan\u00e1csa, a Bolyai T\u00e1rsas\u00e1g, a Kelet-Nyugat Kult\u00far\u00e1\u00e9rt Alap; a Ko\u00f3s Ferenc K\u00f6r tagja, az MTA k\u00f6ztest\u00fcleti tagja, a Buk.-i Tudom\u00e1nyos M\u0171hely alap\u00edt\u00f3 tagja \u2013 <strong>F. m.:<\/strong> Istoria literaturii ruse din secolul XIX. Curs. Vol. 1. ( Buc., 1968), 2. (1978, 79, 80); Istorija russkoj literatury XIX. veka. Fakultet inostrannyh jazikov i literatur. (Buk., 1980, 1986); Poetica lui Dostoievski (Buc, 1987); M\u0171fajok, m\u0171form\u00e1k motivumok (Buk., 1989); Sz\u00e9prem\u00e9ny -po\u00e9tik\u00e1k\u00e1 (Buk., 1999); Frumosul pur. Poeti ciclasice \u0219i moderne (Buc, 2000); Dosztoevsky. Quo Vadis homo (Buk., 2000); Antol\u00f3gia, tanulm\u00e1ny: Dosztojevszkij: A m\u0171v\u00e9szetr\u0151l (v\u00e1log., bevez., jegyzetek; Buk., 1980); Scrisori despre literatur\u0103\u0219i art\u0103 (Buc., 1990); <strong>szerk.:<\/strong> Bulgakov, M. A.: Teatru (ut\u00f3sz\u00f3; Buc., 1986, 1987); Ajtmatov, Cinghiz: E\u015fafodul (el\u0151sz\u00f3; Buc., 1991); Dosztojevszkij, <strong>F. m.:<\/strong> A Karamazov testv\u00e9rek (ut\u00f3sz\u00f3; Buk., 1991) <br \/><strong>Irod.:<\/strong> EMKK 2010; Hencz Hilda: Magyar Buk. a kommunizmus alatt (Sz\u00e9kelyf\u00f6ld, 7. sz., 2015. j\u00fal.); KM\u00cd; Kusz\u00e1lik; Magy. kutat\u00f3k; Magy. prof.; RMIL; RMKK; \u00daMIL<\/br><\/p>\n","protected":false},"excerpt":{"rendered":"<p>Mez\u0151cs\u00e1v\u00e1s, 1928. febr. 29., \u2020 Mv., 2015. \u00e1pr 27. Mez\u0151cs\u00e1v\u00e1son temett\u00e9k: egyetemi tan\u00e1r, kritikus, essz\u00e9ista, irodalomt\u00f6rt\u00e9n\u00e9sz, poetika. \u2013 K. Gergely, f\u00f6ldm\u0171ves \u00e9s \u00c1gnes fia. A mv.-i Ref. Koll.-ban \u00e9retts\u00e9gizett (1948); egy \u00e9vig a kv.-i BTE irodalomszakos hallgat\u00f3ja, majd a szvedlovszki egyetemen oroszul folytatta tanulm\u00e1nyait (1949\u201354). A buk.-i Maxim Gorkij Int\u00e9zet tan\u00e1rseg\u00e9de (1954\u201356); \u00fajabb orosz irodalmi [&hellip;]<\/p>\n","protected":false},"featured_media":0,"comment_status":"open","ping_status":"closed","template":"","meta":[],"product_brand":[],"product_cat":[137],"product_tag":[],"class_list":{"0":"post-12811","1":"product","2":"type-product","3":"status-publish","5":"product_cat-maros-megyei-eletrajzi-lexikon","7":"first","8":"instock","9":"shipping-taxable","10":"product-type-simple"},"_links":{"self":[{"href":"https:\/\/uj.adatbank.ro\/lexikon\/wp-json\/wp\/v2\/product\/12811","targetHints":{"allow":["GET"]}}],"collection":[{"href":"https:\/\/uj.adatbank.ro\/lexikon\/wp-json\/wp\/v2\/product"}],"about":[{"href":"https:\/\/uj.adatbank.ro\/lexikon\/wp-json\/wp\/v2\/types\/product"}],"replies":[{"embeddable":true,"href":"https:\/\/uj.adatbank.ro\/lexikon\/wp-json\/wp\/v2\/comments?post=12811"}],"wp:attachment":[{"href":"https:\/\/uj.adatbank.ro\/lexikon\/wp-json\/wp\/v2\/media?parent=12811"}],"wp:term":[{"taxonomy":"product_brand","embeddable":true,"href":"https:\/\/uj.adatbank.ro\/lexikon\/wp-json\/wp\/v2\/product_brand?post=12811"},{"taxonomy":"product_cat","embeddable":true,"href":"https:\/\/uj.adatbank.ro\/lexikon\/wp-json\/wp\/v2\/product_cat?post=12811"},{"taxonomy":"product_tag","embeddable":true,"href":"https:\/\/uj.adatbank.ro\/lexikon\/wp-json\/wp\/v2\/product_tag?post=12811"}],"curies":[{"name":"wp","href":"https:\/\/api.w.org\/{rel}","templated":true}]}}