{"id":12812,"date":"2025-06-29T14:40:00","date_gmt":"2025-06-29T12:40:00","guid":{"rendered":"https:\/\/uj.adatbank.ro\/lexikon\/termek\/kovacs-albert-6\/"},"modified":"2025-06-29T14:40:00","modified_gmt":"2025-06-29T12:40:00","slug":"kovacs-albert-6","status":"publish","type":"product","link":"https:\/\/uj.adatbank.ro\/lexikon\/termek\/kovacs-albert-6\/","title":{"rendered":"KOV\u00c1CS Albert"},"content":{"rendered":"<p>Feh\u00e9regyh\u00e1za, 1913. jan. 15., \u2020 Kos\u00f3w, 1944. j\u00fal. 3.: honv\u00e9d. \u2013 Anyja Cserj\u00e1k Anna. \u2013 Az 57\/I. z\u00e1szl\u00f3alj ban honv\u00e9d<br \/><strong>Irod.:<\/strong> Berekm\u00e9ri 2015<\/br><\/p>\n","protected":false},"excerpt":{"rendered":"<p>Feh\u00e9regyh\u00e1za, 1913. jan. 15., \u2020 Kos\u00f3w, 1944. j\u00fal. 3.: honv\u00e9d. \u2013 Anyja Cserj\u00e1k Anna. \u2013 Az 57\/I. z\u00e1szl\u00f3alj ban honv\u00e9dIrod.: Berekm\u00e9ri 2015<\/p>\n","protected":false},"featured_media":0,"comment_status":"open","ping_status":"closed","template":"","meta":[],"product_brand":[],"product_cat":[137],"product_tag":[],"class_list":{"0":"post-12812","1":"product","2":"type-product","3":"status-publish","5":"product_cat-maros-megyei-eletrajzi-lexikon","7":"first","8":"instock","9":"shipping-taxable","10":"product-type-simple"},"_links":{"self":[{"href":"https:\/\/uj.adatbank.ro\/lexikon\/wp-json\/wp\/v2\/product\/12812","targetHints":{"allow":["GET"]}}],"collection":[{"href":"https:\/\/uj.adatbank.ro\/lexikon\/wp-json\/wp\/v2\/product"}],"about":[{"href":"https:\/\/uj.adatbank.ro\/lexikon\/wp-json\/wp\/v2\/types\/product"}],"replies":[{"embeddable":true,"href":"https:\/\/uj.adatbank.ro\/lexikon\/wp-json\/wp\/v2\/comments?post=12812"}],"wp:attachment":[{"href":"https:\/\/uj.adatbank.ro\/lexikon\/wp-json\/wp\/v2\/media?parent=12812"}],"wp:term":[{"taxonomy":"product_brand","embeddable":true,"href":"https:\/\/uj.adatbank.ro\/lexikon\/wp-json\/wp\/v2\/product_brand?post=12812"},{"taxonomy":"product_cat","embeddable":true,"href":"https:\/\/uj.adatbank.ro\/lexikon\/wp-json\/wp\/v2\/product_cat?post=12812"},{"taxonomy":"product_tag","embeddable":true,"href":"https:\/\/uj.adatbank.ro\/lexikon\/wp-json\/wp\/v2\/product_tag?post=12812"}],"curies":[{"name":"wp","href":"https:\/\/api.w.org\/{rel}","templated":true}]}}