{"id":12813,"date":"2025-06-29T14:40:01","date_gmt":"2025-06-29T12:40:01","guid":{"rendered":"https:\/\/uj.adatbank.ro\/lexikon\/termek\/kovacs-albert-szekelykereszturi\/"},"modified":"2025-06-29T14:40:01","modified_gmt":"2025-06-29T12:40:01","slug":"kovacs-albert-szekelykereszturi","status":"publish","type":"product","link":"https:\/\/uj.adatbank.ro\/lexikon\/termek\/kovacs-albert-szekelykereszturi\/","title":{"rendered":"KOV\u00c1CS Albert, sz\u00e9kelykereszt\u00fari"},"content":{"rendered":"<p>Mez\u0151b\u00e1nd, 1838. aug. 8., \u2020 Bp., 1904. febr. 4.: ref lelk\u00e9sz, teol\u00f3giai tan\u00e1r, egyh\u00e1zjog\u00e1sz. \u2013 A gimn\u00e1ziumot a mv.-i Ref. Koll.-ban a teol\u00f3gi\u00e1t Kv.-on v\u00e9gezte (1857\u201361). A kv.-i Ref. Gimn\u00e1ziumban latint \u00e9s mat\u00e9zist tan\u00edtott; majd k\u00fclf\u00f6ld\u00f6n k\u00e9pezte tov\u00e1bb mag\u00e1t: Utrechtben (1863\u201365), G\u00f6ttingenben (1865), ahol teol\u00f3gi\u00e1t, b\u00f6lcseletet, vegytant, fiziol\u00f3gi\u00e1t \u00e9s jogot hallgatott. Megv\u00e1lasztott\u00e1k Mez\u0151madarasra lelk\u00e9sznek de \u0151 a pesti egyetem teol\u00f3giai tansz\u00e9k\u00e9t v\u00e1lasztotta (1865\u2013), ahol el\u0151bb helyettes majd rendes tan\u00e1rk\u00e9nt hal\u00e1l\u00e1ig m\u0171k\u00f6d\u00f6tt, egyh\u00e1zjogot \u00e9s gyakorlati teol\u00f3gi\u00e1t tan\u00edtott. R\u00e9szt vett a debreceni \u00e9s a bp.-i els\u0151 zsinaton, s \u00e1lland\u00f3an tagja volt a konventnek, \u00f6n\u00e1ll\u00f3 meggy\u0151z\u0151d\u00e9s\u00e9nek minden\u00fctt \u00e9s mindenkor ny\u00edltan kifejez\u00e9st adva. Az orsz\u00e1gos egyh\u00e1zi k\u00f6zalap \u00fcgyeit el\u0151ad\u00f3i min\u0151s\u00e9gben sok\u00e1ig vezette, kiv\u00e1l\u00f3 \u00e9rdemeket szerezve az int\u00e9zm\u00e9ny alap\u00edt\u00e1sa \u00e9s megszil\u00e1rd\u00edt\u00e1sa k\u00f6r\u00fcl. Aljegyz\u0151v\u00e9 (1870), tan\u00e1csb\u00edr\u00f3v\u00e1 (1888) v\u00e1lasztotta a dunamell\u00e9ki gyh\u00e1zker\u00fclet. Orsz\u00e1ggy\u0171l\u00e9si k\u00e9pvisel\u0151 (1881\u201396): a kov\u00e1sznai v\u00e1laszt\u00f3ker.; a mv. ker k\u00e9pvisel\u0151je (1888\u201392), ahol el\u0151bb a k\u00f6zoktat\u00e1s, k\u00e9s\u0151bb a p\u00e9nz\u00fcgyi bizotts\u00e1g tagja \u00e9s a Nemzeti P\u00e1rt aleln\u00f6ke; a Magyaro.-i Prot. Egylet alap\u00edt\u00f3 titk\u00e1ra (1871\u201383). A Prot. Egyh. \u00e9s Iskolai Lapnak (1867-t\u0151l 1871), valamint a Prot. Tudom\u00e1nyos Szeml\u00e9nek (1869-t\u0151l 1971) \u00e9s a H\u00e1zi Kincst\u00e1rnak j\u00f3 ideig f\u0151munkat\u00e1rsa volt. Szerkesztette a Magyarorsz\u00e1gi Prot. Egylet \u00c9vk\u00f6nyvei k\u00f6z\u00fcl a h\u00e1rom els\u0151t, az Egyh\u00e1zi Reformot (1871\u201374.) \u00e9s az Egyh\u00e1zi Szeml\u00e9t (1875\u201376.), \u00fagyszint\u00e9n Farkas J\u00f3zseffel egy\u00fctt a Ker. Csal\u00e1dot (1872\u201383.). Egyh\u00e1zjogi, \u00e9s egyh\u00e1zpolitikai, politikai <strong>Cikkei:<\/strong> a kv.-i Ifj\u00fas\u00e1gi Almanach, Prot. Egyh. \u00e9s Iskolai Lap, Reform, Korunk, Pesti Napl\u00f3, Nemzeti \u00dajs\u00e1g kv.-i Ellenz\u00e9k, Erd\u00e9lyi H\u00edrad\u00f3, Budapesti H\u00edrlap, Budapester Tageblatt, Prot. Tudom. Szemle, Egyh\u00e1zi Reform, P. Napl\u00f3, Nemzeti \u00dajs\u00e1g, orsz\u00e1ggy\u0171l\u00e9si besz\u00e9dei a Napl\u00f3ban. Szerkesztette a : Protest\u00e1ns Egyh. \u00e9s Isk. Lap, Egyh\u00e1zi Reform, Magyaro.-i Protest\u00e1ns Egylet \u00c9vk\u00f6nyve, Kerszty\u00e9n Csal\u00e1d, Egyh\u00e1zi Szemle, a Protest\u00e1ns Teologiai K\u00f6nyvt\u00e1r XVIII. k\u00f6tet\u00e9t, a Protest\u00e1ns \u00c1rvah\u00e1zi K\u00e9pes Napt\u00e1rt \u2013 <strong>F. m.:<\/strong> Mi haszna volt a korm\u00e1nynak a v\u00e1laszt\u00e1sokn\u00e1l a kath. paps\u00e1g kortesked\u00e9s\u00e9b\u0151l ? (Pest, 1869); Alak\u00edtsunk egyh\u00e1zi reformegyletet (Pest, 1870); A magyarorsz\u00e1gi protest\u00e1ns egylet \u00e9s a debreczeni Figyelmez\u0151 (Pest, 1872); Magyar prot. \u00e9nekesk\u00f6nyv (1872\u201373); A dunamell\u00e9ki ref. egyh\u00e1zker\u00fclet n\u00e9piskol\u00e1inak tanterve (Bp., 1878); A dunamell\u00e9ki ref. k\u00f6z\u00e9piskol\u00e1k igazgat\u00e1s\u00e1ra vonatkoz\u00f3 szab\u00e1lyok (Bp., 1878); Iskolai t\u00f6rv\u00e9ny a bp.-i ref. theologiai tanint\u00e9zetben (Bp., 1878); Egyh\u00e1zjogtan k\u00fcl\u00f6n\u00f6s tekintettel a magyar protest\u00e1ns egyh\u00e1z jogi viszonyaira (Bp., 1879); A kereszt\u00e9ny egyh\u00e1z a IV-VI. sz\u00e1zadban Bp., 1879); A magyar protest\u00e1ns egyh\u00e1zt\u00f6rt\u00e9nelem meg\u00edr\u00e1sa \u00fcgy\u00e9ben tett l\u00e9p\u00e9sek (Bp., 1879); A dunamell\u00e9ki ref. egyh\u00e1zker\u00fclet 1880 m\u00e1j. 22. \u00e9s k\u00f6v. napjain Bp.-en tartott gy\u0171l\u00e9s\u00e9nek jegyz\u0151k\u00f6nyve (Bp., 1880); A bp.-i Ref. Teol\u00f3giai Akad\u00e9mia t\u00f6rv\u00e9nyei (Bp., 1889); Homiletika v. egyh. \u00e9kessz\u00f3l\u00e1stan (Bp., 1904); <strong>ford.:<\/strong> Schwarz K.: Adal\u00e9kok a leg\u00fajabb theologia t\u00f6rt\u00e9net\u00e9hez (Pest, 1872); Lang Henrik : Kereszt\u00e9ny dogmatika (Bp., 1876); k\u00e9ziratban : A Nemzeti P\u00e1rt t\u00f6rt\u00e9nete. <br \/><strong>Irod.:<\/strong> Guly\u00e1s; Oid\u0151t\u00e1r 2; Kiss-K\u00e1lm\u00e1n-Bierbrunner; MIL; Ogy.-i almanach; RNL; Rugonfalvi Kiss; Szinnyei; \u00daIL; \u00daj orsz\u00e1ggy\u0171l\u00e9si almanach (Bp., 1888); \u00daM\u00c9L; Zov\u00e1nyi<\/br><\/p>\n","protected":false},"excerpt":{"rendered":"<p>Mez\u0151b\u00e1nd, 1838. aug. 8., \u2020 Bp., 1904. febr. 4.: ref lelk\u00e9sz, teol\u00f3giai tan\u00e1r, egyh\u00e1zjog\u00e1sz. \u2013 A gimn\u00e1ziumot a mv.-i Ref. Koll.-ban a teol\u00f3gi\u00e1t Kv.-on v\u00e9gezte (1857\u201361). A kv.-i Ref. Gimn\u00e1ziumban latint \u00e9s mat\u00e9zist tan\u00edtott; majd k\u00fclf\u00f6ld\u00f6n k\u00e9pezte tov\u00e1bb mag\u00e1t: Utrechtben (1863\u201365), G\u00f6ttingenben (1865), ahol teol\u00f3gi\u00e1t, b\u00f6lcseletet, vegytant, fiziol\u00f3gi\u00e1t \u00e9s jogot hallgatott. Megv\u00e1lasztott\u00e1k Mez\u0151madarasra lelk\u00e9sznek de [&hellip;]<\/p>\n","protected":false},"featured_media":0,"comment_status":"open","ping_status":"closed","template":"","meta":[],"product_brand":[],"product_cat":[137],"product_tag":[],"class_list":{"0":"post-12813","1":"product","2":"type-product","3":"status-publish","5":"product_cat-maros-megyei-eletrajzi-lexikon","7":"first","8":"instock","9":"shipping-taxable","10":"product-type-simple"},"_links":{"self":[{"href":"https:\/\/uj.adatbank.ro\/lexikon\/wp-json\/wp\/v2\/product\/12813","targetHints":{"allow":["GET"]}}],"collection":[{"href":"https:\/\/uj.adatbank.ro\/lexikon\/wp-json\/wp\/v2\/product"}],"about":[{"href":"https:\/\/uj.adatbank.ro\/lexikon\/wp-json\/wp\/v2\/types\/product"}],"replies":[{"embeddable":true,"href":"https:\/\/uj.adatbank.ro\/lexikon\/wp-json\/wp\/v2\/comments?post=12813"}],"wp:attachment":[{"href":"https:\/\/uj.adatbank.ro\/lexikon\/wp-json\/wp\/v2\/media?parent=12813"}],"wp:term":[{"taxonomy":"product_brand","embeddable":true,"href":"https:\/\/uj.adatbank.ro\/lexikon\/wp-json\/wp\/v2\/product_brand?post=12813"},{"taxonomy":"product_cat","embeddable":true,"href":"https:\/\/uj.adatbank.ro\/lexikon\/wp-json\/wp\/v2\/product_cat?post=12813"},{"taxonomy":"product_tag","embeddable":true,"href":"https:\/\/uj.adatbank.ro\/lexikon\/wp-json\/wp\/v2\/product_tag?post=12813"}],"curies":[{"name":"wp","href":"https:\/\/api.w.org\/{rel}","templated":true}]}}