{"id":12815,"date":"2025-06-29T14:40:06","date_gmt":"2025-06-29T12:40:06","guid":{"rendered":"https:\/\/uj.adatbank.ro\/lexikon\/termek\/kovacs-andor-%c2%a7-kovats-andor\/"},"modified":"2025-06-29T14:40:06","modified_gmt":"2025-06-29T12:40:06","slug":"kovacs-andor-%c2%a7-kovats-andor","status":"publish","type":"product","link":"https:\/\/uj.adatbank.ro\/lexikon\/termek\/kovacs-andor-%c2%a7-kovats-andor\/","title":{"rendered":"KOV\u00c1CS Andor, \u00a7 Kov\u00e1ts Andor"},"content":{"rendered":"<p>Gerendkereszt\u00far, 1891. j\u00fal. 4., \u2020 Mv., 1948. m\u00e1j. 1.: gy\u00f3gyszer\u00e9sz. \u2013 Reform\u00e1tus papi hatgyermekes csal\u00e1dban sz\u00fcletett. Anyja: Nagy S\u00e1ndor (1824\u20131900) ref. lelk\u00e9sz le\u00e1nya, Nagy Karolina. Feles\u00e9ge: Psorn Hilda (1900\u20131964). Fiaik: Andor (1920\u2013) gy\u00f3gyszer\u00e9sz \u00e9s Gy\u00f6rgy vegy\u00e9sz. \u2013 Iskol\u00e1it a nagyenyedi ref. koll.-ban v\u00e9gezte, Sepsiszentgy\u00f6rgy\u00f6n gy\u00f3gyszer\u00e9szgyakornok, Bp.-en szerzett gy\u00f3gyszer\u00e9sz diplom\u00e1t kapott (1914. j\u00fal. 13.). \u00d6nk\u00e9ntesen vett r\u00e9szt az I. vh.-ban Nagyszebenben, majd a szerb fronton teljes\u00edtett gy\u00f3gyszer\u00e9szi szolg\u00e1latot egyetemi hallgat\u00f3k\u00e9nt, hadnagyk\u00e9nt Tuzl\u00e1ban katonai k\u00f3rh\u00e1zban dolgozott, ott megn\u0151s\u00fclt. Gy\u00f3gyszer\u00e9sz Tord\u00e1n, majd hosszabb \u00e1ll\u00e1stalans\u00e1g ut\u00e1n b\u00e9rbe vette a b\u00e1nfihunyadi gy\u00f3gyszert\u00e1rat, amely forgalm\u00e1t fellend\u00edtette. Mv.-en b\u00e9rbe vette a Sas gy\u00f3gyszert\u00e1rat (1926\u2013), majd meggy\u0171jt\u00f6tt p\u00e9nz\u00e9b\u0151l \u00e9s hossz\u00falej\u00e1rat\u00fa hitelb\u0151l a mai Gy\u0151zelem-t\u00e9ri gy\u00f3gyszert\u00e1rat megv\u00e1s\u00e1rolta Bianu Emil gy\u00f3gyszer\u00e9szt\u0151l (1930\u201348. nov.). M\u00e1rkos \u00d6d\u00f6n volt az alkalmazottja. Hal\u00e1la ut\u00e1n a feles\u00e9ge, \u00f6zv. K. A. -n\u00e9 lett a gy\u00f3gyszert\u00e1r haszon\u00e9lvez\u0151je (1948. nov. \u2013), alkalmazottai Kozma J\u00e1nos (1941-ig), Luka Edit, B\u00e1nyai L\u00e1szl\u00f3 (1945\u201346), ifj. Kov\u00e1cs Andor (1945\u201348), majd kezel\u0151 (1848\u201349). V\u00e9g\u00fcl alkalmazott volt ifj. Kov\u00e1cs Andorn\u00e9 B\u00e1nyav\u00f6lgyi Kl\u00e1ra (1945\u201348). A gy\u00f3gyszert\u00e1rat \u00e1llamos\u00edtott\u00e1k (1949. \u00e1pr. 2.) Hivat\u00e1s\u00e1nak tekintette foglalkoz\u00e1s\u00e1t, r\u00f6vid id\u0151 alatt Erd\u00e9ly legjobban felszerelt gy\u00f3gyszert\u00e1ra lett az \u0151v\u00e9. K\u00e9sz\u00edtett sz\u00e9p\u00edt\u0151szereket, orvoss\u00e1gokat- k\u00f6zismert M\u00e1ria kr\u00e9me keresett volt. Tablett\u00e1z\u00f3 g\u00e9pe volt. Minden\u00fctt seg\u00edteni akar\u00f3 tev\u00e9keny ember, a vizek szennyez\u0151d\u00e9se ellen harcol\u00f3 k\u00f6rnyezetv\u00e9d\u0151 volt. Tagja a Maros megyei Gy\u00f3gyszer\u00e9sz Koll. V\u00e1lasztm\u00e1ny\u00e1nak, a Magyaro.-i Gy\u00f3gyszer\u00e9sz Egyes\u00fclet sz\u00e9kelyf\u00f6ldi ker\u00fclet\u00e9nek f\u0151titk\u00e1ra (1941\u2013), az MSE szakoszt\u00e1lyi eln\u00f6ke. Bev\u00e1lasztott\u00e1k a Koll. el\u0151lj\u00e1r\u00f3s\u00e1g\u00e1ba (1936), II. v. h. ut\u00e1ni neh\u00e9z helyzetben minden szeg\u00e9ny tanul\u00f3nak k\u00fcld\u00f6tt tejet \u00e9s kenyeret a gy\u00f3gyszert\u00e1r \u00e1llamos\u00edt\u00e1s\u00e1ig. H\u00e1rom alkalmazottja fi\u00e1t tan\u00edtatta k\u00f6z\u00e9p- \u00e9s f\u0151iskol\u00e1n. H\u00e1z\u00e1ban helyet adott a Szentp\u00e9ter. Hal\u00e1szegyes\u00fcletnek, megyei hal\u00e1szati igazgat\u00f3 volt. \u2013 <strong>F. m.:<\/strong> <strong>antol\u00f3g.:<\/strong> Bern\u00e1dy: Eml\u00e9ksorok (Mv., 1934). <br \/><strong>Irod.:<\/strong> Erd\u00e9lyi ezredek; Mezey Sarolta: Ki\u00e9 is a gy\u00f3gyszert\u00e1r? (N\u00fa., 1999. j\u00fan. 17.); P\u00e9ter H. M; P\u00e9ter H. M. 2013; Pro Patria Sipos<\/br><\/p>\n","protected":false},"excerpt":{"rendered":"<p>Gerendkereszt\u00far, 1891. j\u00fal. 4., \u2020 Mv., 1948. m\u00e1j. 1.: gy\u00f3gyszer\u00e9sz. \u2013 Reform\u00e1tus papi hatgyermekes csal\u00e1dban sz\u00fcletett. Anyja: Nagy S\u00e1ndor (1824\u20131900) ref. lelk\u00e9sz le\u00e1nya, Nagy Karolina. Feles\u00e9ge: Psorn Hilda (1900\u20131964). Fiaik: Andor (1920\u2013) gy\u00f3gyszer\u00e9sz \u00e9s Gy\u00f6rgy vegy\u00e9sz. \u2013 Iskol\u00e1it a nagyenyedi ref. koll.-ban v\u00e9gezte, Sepsiszentgy\u00f6rgy\u00f6n gy\u00f3gyszer\u00e9szgyakornok, Bp.-en szerzett gy\u00f3gyszer\u00e9sz diplom\u00e1t kapott (1914. j\u00fal. 13.). \u00d6nk\u00e9ntesen vett [&hellip;]<\/p>\n","protected":false},"featured_media":0,"comment_status":"open","ping_status":"closed","template":"","meta":[],"product_brand":[],"product_cat":[137],"product_tag":[],"class_list":{"0":"post-12815","1":"product","2":"type-product","3":"status-publish","5":"product_cat-maros-megyei-eletrajzi-lexikon","7":"first","8":"instock","9":"shipping-taxable","10":"product-type-simple"},"_links":{"self":[{"href":"https:\/\/uj.adatbank.ro\/lexikon\/wp-json\/wp\/v2\/product\/12815","targetHints":{"allow":["GET"]}}],"collection":[{"href":"https:\/\/uj.adatbank.ro\/lexikon\/wp-json\/wp\/v2\/product"}],"about":[{"href":"https:\/\/uj.adatbank.ro\/lexikon\/wp-json\/wp\/v2\/types\/product"}],"replies":[{"embeddable":true,"href":"https:\/\/uj.adatbank.ro\/lexikon\/wp-json\/wp\/v2\/comments?post=12815"}],"wp:attachment":[{"href":"https:\/\/uj.adatbank.ro\/lexikon\/wp-json\/wp\/v2\/media?parent=12815"}],"wp:term":[{"taxonomy":"product_brand","embeddable":true,"href":"https:\/\/uj.adatbank.ro\/lexikon\/wp-json\/wp\/v2\/product_brand?post=12815"},{"taxonomy":"product_cat","embeddable":true,"href":"https:\/\/uj.adatbank.ro\/lexikon\/wp-json\/wp\/v2\/product_cat?post=12815"},{"taxonomy":"product_tag","embeddable":true,"href":"https:\/\/uj.adatbank.ro\/lexikon\/wp-json\/wp\/v2\/product_tag?post=12815"}],"curies":[{"name":"wp","href":"https:\/\/api.w.org\/{rel}","templated":true}]}}