{"id":12816,"date":"2025-06-29T14:40:11","date_gmt":"2025-06-29T12:40:11","guid":{"rendered":"https:\/\/uj.adatbank.ro\/lexikon\/termek\/kovacs-andor-kovats\/"},"modified":"2025-06-29T14:40:11","modified_gmt":"2025-06-29T12:40:11","slug":"kovacs-andor-kovats","status":"publish","type":"product","link":"https:\/\/uj.adatbank.ro\/lexikon\/termek\/kovacs-andor-kovats\/","title":{"rendered":"KOV\u00c1CS Andor, Kov\u00e1ts"},"content":{"rendered":"<p>Gerendkereszt\u00far, 1920. j\u00fal. 15., \u2020 Sz\u00e1szr\u00e9gen, 1983. febr. 8. Mv.-en temett\u00e9k.: gy\u00f3gyszer\u00e9sz. &#8211; Id. K. Andor \u00e9s Psorn Hilda fia. Feles\u00e9ge: B\u00e1nyav\u00f6lgyi Kl\u00e1ra gy\u00f3gyszer\u00e9sz. Gyermekeik: Andr\u00e1s (1946\u2013) \u00e9s Kl\u00e1ra (1948\u2013). \u2013 Tanulm\u00e1nyait B\u00e1nffyhunyadon kezdte, a mv.-i Ref. Koll.-ban folytatta \u00e9s \u00e9retts\u00e9gizett (1939. j\u00fal. 5.). Buk.-ben volt gy\u00f3gyszer\u00e9sz hallgat\u00f3 k\u00e9t f\u00e9l\u00e9vet, de visszat\u00e9rt Mv. -re \u00e9s gy\u00f3gyszer\u00e9sz gyakornok az apja Sas gy\u00f3gyszert\u00e1r\u00e1ban (1940. j\u00fal. 1. \u2013 41. j\u00fan. 30.). Gy\u00f3gyszer\u00e9sz diplom\u00e1t a P\u00e1zm\u00e1ny P\u00e9ter TE-en szerzett (1943. nov. 5.). Beh\u00edvt\u00e1k katon\u00e1nak Bp.-en a IX. katonai k\u00f3rh\u00e1zban tev\u00e9kenykedett \u00e9s beiratkozott a doktor\u00e1tusra is, de a h\u00e1bor\u00fas viszonyok miatt nem tudta befejezni. Feles\u00e9g\u00e9vel visszat\u00e9rtek Mv. -re (1945. m\u00e1j. 1. \u2013). Apj\u00e1t\u00f3l, K. Andort\u00f3l (1891\u20131948), \u00f6r\u00f6k\u00f6lte a Sas gy\u00f3gyszert\u00e1rat, ezt vezette az \u00e1llamos\u00edt\u00e1sig (1949. \u00e1pr. 2.). Gy\u00f3gyszer\u00e9sz a 3. sz. gy\u00f3gyszert\u00e1rban, Sz\u00e1szr\u00e9genbe helyezt\u00e9k a feles\u00e9g\u00e9vel egy\u00fctt, ahol nyugd\u00edjaz\u00e1s\u00e1ig dolgozott (1952. dec. 5. &#8211; 1982. m\u00e1j. 1.). F\u0151gy\u00f3gyszer\u00e9sz vizsg\u00e1t tett (1959. okt. 26.). \u2014Irod.: Id\u0151t\u00e1r 3; P\u00e9ter H. M.; P\u00e9ter H. M. 2013<\/br><\/p>\n","protected":false},"excerpt":{"rendered":"<p>Gerendkereszt\u00far, 1920. j\u00fal. 15., \u2020 Sz\u00e1szr\u00e9gen, 1983. febr. 8. Mv.-en temett\u00e9k.: gy\u00f3gyszer\u00e9sz. &#8211; Id. K. Andor \u00e9s Psorn Hilda fia. Feles\u00e9ge: B\u00e1nyav\u00f6lgyi Kl\u00e1ra gy\u00f3gyszer\u00e9sz. Gyermekeik: Andr\u00e1s (1946\u2013) \u00e9s Kl\u00e1ra (1948\u2013). \u2013 Tanulm\u00e1nyait B\u00e1nffyhunyadon kezdte, a mv.-i Ref. Koll.-ban folytatta \u00e9s \u00e9retts\u00e9gizett (1939. j\u00fal. 5.). Buk.-ben volt gy\u00f3gyszer\u00e9sz hallgat\u00f3 k\u00e9t f\u00e9l\u00e9vet, de visszat\u00e9rt Mv. -re \u00e9s [&hellip;]<\/p>\n","protected":false},"featured_media":0,"comment_status":"open","ping_status":"closed","template":"","meta":[],"product_brand":[],"product_cat":[137],"product_tag":[],"class_list":{"0":"post-12816","1":"product","2":"type-product","3":"status-publish","5":"product_cat-maros-megyei-eletrajzi-lexikon","7":"first","8":"instock","9":"shipping-taxable","10":"product-type-simple"},"_links":{"self":[{"href":"https:\/\/uj.adatbank.ro\/lexikon\/wp-json\/wp\/v2\/product\/12816","targetHints":{"allow":["GET"]}}],"collection":[{"href":"https:\/\/uj.adatbank.ro\/lexikon\/wp-json\/wp\/v2\/product"}],"about":[{"href":"https:\/\/uj.adatbank.ro\/lexikon\/wp-json\/wp\/v2\/types\/product"}],"replies":[{"embeddable":true,"href":"https:\/\/uj.adatbank.ro\/lexikon\/wp-json\/wp\/v2\/comments?post=12816"}],"wp:attachment":[{"href":"https:\/\/uj.adatbank.ro\/lexikon\/wp-json\/wp\/v2\/media?parent=12816"}],"wp:term":[{"taxonomy":"product_brand","embeddable":true,"href":"https:\/\/uj.adatbank.ro\/lexikon\/wp-json\/wp\/v2\/product_brand?post=12816"},{"taxonomy":"product_cat","embeddable":true,"href":"https:\/\/uj.adatbank.ro\/lexikon\/wp-json\/wp\/v2\/product_cat?post=12816"},{"taxonomy":"product_tag","embeddable":true,"href":"https:\/\/uj.adatbank.ro\/lexikon\/wp-json\/wp\/v2\/product_tag?post=12816"}],"curies":[{"name":"wp","href":"https:\/\/api.w.org\/{rel}","templated":true}]}}