{"id":12818,"date":"2025-06-29T14:40:16","date_gmt":"2025-06-29T12:40:16","guid":{"rendered":"https:\/\/uj.adatbank.ro\/lexikon\/termek\/kovacs-andras\/"},"modified":"2025-06-29T14:40:16","modified_gmt":"2025-06-29T12:40:16","slug":"kovacs-andras","status":"publish","type":"product","link":"https:\/\/uj.adatbank.ro\/lexikon\/termek\/kovacs-andras\/","title":{"rendered":"KOV\u00c1CS Andr\u00e1s"},"content":{"rendered":"<p>Ny\u00fajt\u00f3d, 1879. dec. 11., \u2020 Mv., 1940. m\u00e1j. 31.: r. k. pap. \u2013 K\u00e9zdiv\u00e1s\u00e1rhelyen, Cs\u00edksomly\u00f3n, Gyulafeh\u00e9rv\u00e1ron tanult. Papp\u00e1 szentelt\u00e9k (1903. j\u00fan. 26.). Szolg\u00e1lt Gelenc\u00e9n, Cs\u00edkszenttam\u00e1son, Cs\u00edkszered\u00e1ban k\u00e1pl\u00e1n \u00e9s tan\u00e1r (1906\u201336). <br \/><strong>Irod.:<\/strong> Ferenczi S\u00e1ndor 2009<\/br><\/p>\n","protected":false},"excerpt":{"rendered":"<p>Ny\u00fajt\u00f3d, 1879. dec. 11., \u2020 Mv., 1940. m\u00e1j. 31.: r. k. pap. \u2013 K\u00e9zdiv\u00e1s\u00e1rhelyen, Cs\u00edksomly\u00f3n, Gyulafeh\u00e9rv\u00e1ron tanult. Papp\u00e1 szentelt\u00e9k (1903. j\u00fan. 26.). Szolg\u00e1lt Gelenc\u00e9n, Cs\u00edkszenttam\u00e1son, Cs\u00edkszered\u00e1ban k\u00e1pl\u00e1n \u00e9s tan\u00e1r (1906\u201336). Irod.: Ferenczi S\u00e1ndor 2009<\/p>\n","protected":false},"featured_media":0,"comment_status":"open","ping_status":"closed","template":"","meta":[],"product_brand":[],"product_cat":[137],"product_tag":[],"class_list":{"0":"post-12818","1":"product","2":"type-product","3":"status-publish","5":"product_cat-maros-megyei-eletrajzi-lexikon","7":"first","8":"instock","9":"shipping-taxable","10":"product-type-simple"},"_links":{"self":[{"href":"https:\/\/uj.adatbank.ro\/lexikon\/wp-json\/wp\/v2\/product\/12818","targetHints":{"allow":["GET"]}}],"collection":[{"href":"https:\/\/uj.adatbank.ro\/lexikon\/wp-json\/wp\/v2\/product"}],"about":[{"href":"https:\/\/uj.adatbank.ro\/lexikon\/wp-json\/wp\/v2\/types\/product"}],"replies":[{"embeddable":true,"href":"https:\/\/uj.adatbank.ro\/lexikon\/wp-json\/wp\/v2\/comments?post=12818"}],"wp:attachment":[{"href":"https:\/\/uj.adatbank.ro\/lexikon\/wp-json\/wp\/v2\/media?parent=12818"}],"wp:term":[{"taxonomy":"product_brand","embeddable":true,"href":"https:\/\/uj.adatbank.ro\/lexikon\/wp-json\/wp\/v2\/product_brand?post=12818"},{"taxonomy":"product_cat","embeddable":true,"href":"https:\/\/uj.adatbank.ro\/lexikon\/wp-json\/wp\/v2\/product_cat?post=12818"},{"taxonomy":"product_tag","embeddable":true,"href":"https:\/\/uj.adatbank.ro\/lexikon\/wp-json\/wp\/v2\/product_tag?post=12818"}],"curies":[{"name":"wp","href":"https:\/\/api.w.org\/{rel}","templated":true}]}}