{"id":12821,"date":"2025-06-29T14:40:21","date_gmt":"2025-06-29T12:40:21","guid":{"rendered":"https:\/\/uj.adatbank.ro\/lexikon\/termek\/kovacs-andras-4\/"},"modified":"2025-06-29T14:40:21","modified_gmt":"2025-06-29T12:40:21","slug":"kovacs-andras-4","status":"publish","type":"product","link":"https:\/\/uj.adatbank.ro\/lexikon\/termek\/kovacs-andras-4\/","title":{"rendered":"KOV\u00c1CS Andr\u00e1s"},"content":{"rendered":"<p>B\u00f6z\u00f6d\u00fajfalu, 1926. jan. 9., \u2020 Sepsiszentgy\u00f6rgy, 2004. szept. 29- 30: \u00fajs\u00e1g\u00edr\u00f3, szerkeszt\u0151, \u00edr\u00f3. \u2013 Elemi iskol\u00e1t a sz\u00fcl\u0151faluj\u00e1ban v\u00e9gezte. \u2013 \u00cdr\u00e1sk\u00e9szs\u00e9ge r\u00e9v\u00e9n a kv.-i Igazs\u00e1g szerkeszt\u0151je (1945\u2013) majd f\u0151szerkeszt\u0151je (1949\u2013), a \u015et. Gheorghiu P\u00e1rtf\u0151iskol\u00e1n \u00e1llamvizsg\u00e1zott (1955); befejezte a k\u00f6z\u00e9piskol\u00e1t (1963). A lapszerkeszt\u00e9s mellett docens, el\u0151ad\u00f3tan\u00e1r a BTE. -n; Buk.-ben A H\u00e9t szerkeszt\u0151s\u00e9gi felel\u0151s f\u0151titk\u00e1ra nyugd\u00edjaz\u00e1s\u00e1ig (1970\u201386). Sokat \u00edrt \u0151seir\u0151l \u00e9s sz\u00fcl\u0151faluj\u00e1r\u00f3l, a sz\u00e9kely szombatosok viszontags\u00e1gos sors\u00e1t t\u00e1rta fel eg\u00e9szen a Kem\u00e9ny Zsigmond, M\u00f3ricz Zsigmond, B\u00f6z\u00f6di Gy\u00f6rgy \u00edr\u00e1saib\u00f3l ismert vall\u00e1si k\u00f6z\u00f6ss\u00e9g tragikus felboml\u00e1s\u00e1ig. \u2013 <strong>F. m.:<\/strong> Sz\u00e9n \u00e9s ac\u00e9l (riportok; Buk., 1949); Vallom\u00e1s a sz\u00e9kely szombatosok per\u00e9ben (Buk., 1981; Bp., 1983.); \u00datf\u00e9len fejfa (Buk., Bp., 1995); Mondjatok k\u00e1ddist egy sz\u00e9kely falu\u00e9rt (Cs\u00edkszereda, 1997); A h\u0171s\u00e9g csapd\u00e1i (eml\u00e9kiratai; 1999); Az erd\u00e9lyi szombatoss\u00e1g nyom\u00e1ban (?, 2000); Egy k\u00fcl\u00f6nleges radn\u00f3ti kir\u00e1ndul\u00e1sr\u00f3l (N\u00e9p\u00fajs\u00e1g, 2023. j\u00fal. 4.; j\u00fal. 5.); <strong>F. m.:<\/strong> <strong>antol\u00f3g.:<\/strong> M\u0171vel\u0151d\u00e9st\u00f6rt\u00e9neti tranulm\u00e1nyok 1979 (Buk., 1979); M\u0171vel\u0151d\u00e9st\u00f6rt\u00e9neti Tanulm\u00e1nyok 1980 ( Buk., 1980), <br \/><strong>Irod.:<\/strong> KM\u00cd; Korunk (1991. aug.); Kusz\u00e1lik; K\u00fclf\u00f6ldi; R\u00e9thy\u2013V\u00e1czy; RMIL; RMKK; A szombatosok kr\u00f3nik\u00e1sa: [Nekrol\u00f3g] (Kr\u00f3nika, 2004. okt. 1\u20133.)<\/br><\/p>\n","protected":false},"excerpt":{"rendered":"<p>B\u00f6z\u00f6d\u00fajfalu, 1926. jan. 9., \u2020 Sepsiszentgy\u00f6rgy, 2004. szept. 29- 30: \u00fajs\u00e1g\u00edr\u00f3, szerkeszt\u0151, \u00edr\u00f3. \u2013 Elemi iskol\u00e1t a sz\u00fcl\u0151faluj\u00e1ban v\u00e9gezte. \u2013 \u00cdr\u00e1sk\u00e9szs\u00e9ge r\u00e9v\u00e9n a kv.-i Igazs\u00e1g szerkeszt\u0151je (1945\u2013) majd f\u0151szerkeszt\u0151je (1949\u2013), a \u015et. Gheorghiu P\u00e1rtf\u0151iskol\u00e1n \u00e1llamvizsg\u00e1zott (1955); befejezte a k\u00f6z\u00e9piskol\u00e1t (1963). A lapszerkeszt\u00e9s mellett docens, el\u0151ad\u00f3tan\u00e1r a BTE. -n; Buk.-ben A H\u00e9t szerkeszt\u0151s\u00e9gi felel\u0151s f\u0151titk\u00e1ra nyugd\u00edjaz\u00e1s\u00e1ig [&hellip;]<\/p>\n","protected":false},"featured_media":0,"comment_status":"open","ping_status":"closed","template":"","meta":[],"product_brand":[],"product_cat":[137],"product_tag":[],"class_list":{"0":"post-12821","1":"product","2":"type-product","3":"status-publish","5":"product_cat-maros-megyei-eletrajzi-lexikon","7":"first","8":"instock","9":"shipping-taxable","10":"product-type-simple"},"_links":{"self":[{"href":"https:\/\/uj.adatbank.ro\/lexikon\/wp-json\/wp\/v2\/product\/12821","targetHints":{"allow":["GET"]}}],"collection":[{"href":"https:\/\/uj.adatbank.ro\/lexikon\/wp-json\/wp\/v2\/product"}],"about":[{"href":"https:\/\/uj.adatbank.ro\/lexikon\/wp-json\/wp\/v2\/types\/product"}],"replies":[{"embeddable":true,"href":"https:\/\/uj.adatbank.ro\/lexikon\/wp-json\/wp\/v2\/comments?post=12821"}],"wp:attachment":[{"href":"https:\/\/uj.adatbank.ro\/lexikon\/wp-json\/wp\/v2\/media?parent=12821"}],"wp:term":[{"taxonomy":"product_brand","embeddable":true,"href":"https:\/\/uj.adatbank.ro\/lexikon\/wp-json\/wp\/v2\/product_brand?post=12821"},{"taxonomy":"product_cat","embeddable":true,"href":"https:\/\/uj.adatbank.ro\/lexikon\/wp-json\/wp\/v2\/product_cat?post=12821"},{"taxonomy":"product_tag","embeddable":true,"href":"https:\/\/uj.adatbank.ro\/lexikon\/wp-json\/wp\/v2\/product_tag?post=12821"}],"curies":[{"name":"wp","href":"https:\/\/api.w.org\/{rel}","templated":true}]}}