{"id":12822,"date":"2025-06-29T14:40:22","date_gmt":"2025-06-29T12:40:22","guid":{"rendered":"https:\/\/uj.adatbank.ro\/lexikon\/termek\/kovacs-andras-5\/"},"modified":"2025-06-29T14:40:22","modified_gmt":"2025-06-29T12:40:22","slug":"kovacs-andras-5","status":"publish","type":"product","link":"https:\/\/uj.adatbank.ro\/lexikon\/termek\/kovacs-andras-5\/","title":{"rendered":"KOV\u00c1CS Andr\u00e1s"},"content":{"rendered":"<p>Mv., 1941. dec. 1. \u2020 Mv., 2018. febr. 7.: tan\u00e1r, el\u0151ad\u00f3m\u0171v\u00e9sz. \u2013 K. Dezs\u0151 \u00e9s Gabriella fia. Feles\u00e9ge: Emese M\u00e1ria, tan\u00e1r (1969). Le\u00e1nyuk Gabriella (1973) tan\u00e1r. \u2013 Kv.-on a Gh. Dima Zeneakad. v\u00e9gzett (1969). Zenetan\u00e1r Radn\u00f3ton (1969\u201390), Mv.-en a 15-\u00f6s sz. \u00e1lt. iskol\u00e1ban \u00e9s a M\u0171v\u00e9szeti L\u00edc. -ban. I. fok. tan\u00e1r. T\u00f6bb r\u00e1di\u00f3felv\u00e9tel, hanglemez \u0151rzi a n\u00e9pdalait. \u00c9venk\u00e9nt megrendezik a B\u00e1rdos Lajos \u2013 Nagy Istv\u00e1n K\u00f3rusfesztiiv\u00e1lt. a bp.-i B\u00e1rdos Lajos Alap\u00edtv\u00e1ny t\u00e1mogat\u00e1s\u00e1val. A Mv.-i Nagy Istv\u00e1n ifj. K\u00f3rusegyes\u00fclet alap\u00edt\u00f3ja, eln\u00f6ke, karnagya. <br \/><strong>Irod.:<\/strong> EMKK 2010<\/br><\/p>\n","protected":false},"excerpt":{"rendered":"<p>Mv., 1941. dec. 1. \u2020 Mv., 2018. febr. 7.: tan\u00e1r, el\u0151ad\u00f3m\u0171v\u00e9sz. \u2013 K. Dezs\u0151 \u00e9s Gabriella fia. Feles\u00e9ge: Emese M\u00e1ria, tan\u00e1r (1969). Le\u00e1nyuk Gabriella (1973) tan\u00e1r. \u2013 Kv.-on a Gh. Dima Zeneakad. v\u00e9gzett (1969). Zenetan\u00e1r Radn\u00f3ton (1969\u201390), Mv.-en a 15-\u00f6s sz. \u00e1lt. iskol\u00e1ban \u00e9s a M\u0171v\u00e9szeti L\u00edc. -ban. I. fok. tan\u00e1r. T\u00f6bb r\u00e1di\u00f3felv\u00e9tel, hanglemez \u0151rzi [&hellip;]<\/p>\n","protected":false},"featured_media":0,"comment_status":"open","ping_status":"closed","template":"","meta":[],"product_brand":[],"product_cat":[137],"product_tag":[],"class_list":{"0":"post-12822","1":"product","2":"type-product","3":"status-publish","5":"product_cat-maros-megyei-eletrajzi-lexikon","7":"first","8":"instock","9":"shipping-taxable","10":"product-type-simple"},"_links":{"self":[{"href":"https:\/\/uj.adatbank.ro\/lexikon\/wp-json\/wp\/v2\/product\/12822","targetHints":{"allow":["GET"]}}],"collection":[{"href":"https:\/\/uj.adatbank.ro\/lexikon\/wp-json\/wp\/v2\/product"}],"about":[{"href":"https:\/\/uj.adatbank.ro\/lexikon\/wp-json\/wp\/v2\/types\/product"}],"replies":[{"embeddable":true,"href":"https:\/\/uj.adatbank.ro\/lexikon\/wp-json\/wp\/v2\/comments?post=12822"}],"wp:attachment":[{"href":"https:\/\/uj.adatbank.ro\/lexikon\/wp-json\/wp\/v2\/media?parent=12822"}],"wp:term":[{"taxonomy":"product_brand","embeddable":true,"href":"https:\/\/uj.adatbank.ro\/lexikon\/wp-json\/wp\/v2\/product_brand?post=12822"},{"taxonomy":"product_cat","embeddable":true,"href":"https:\/\/uj.adatbank.ro\/lexikon\/wp-json\/wp\/v2\/product_cat?post=12822"},{"taxonomy":"product_tag","embeddable":true,"href":"https:\/\/uj.adatbank.ro\/lexikon\/wp-json\/wp\/v2\/product_tag?post=12822"}],"curies":[{"name":"wp","href":"https:\/\/api.w.org\/{rel}","templated":true}]}}