{"id":12823,"date":"2025-06-29T14:40:24","date_gmt":"2025-06-29T12:40:24","guid":{"rendered":"https:\/\/uj.adatbank.ro\/lexikon\/termek\/kovacs-andras-ferenc\/"},"modified":"2025-06-29T14:40:24","modified_gmt":"2025-06-29T12:40:24","slug":"kovacs-andras-ferenc","status":"publish","type":"product","link":"https:\/\/uj.adatbank.ro\/lexikon\/termek\/kovacs-andras-ferenc\/","title":{"rendered":"KOV\u00c1CS Andr\u00e1s Ferenc"},"content":{"rendered":"<p>Szatm\u00e1rn\u00e9meti, 1959. j\u00fal. 17., \u2020 Mv., 2024. jan. 3?: k\u00f6lt\u0151, essz\u00e9\u00edr\u00f3, m\u0171ford\u00edt\u00f3, dramaturg. \u2013 Kossuth-d\u00edjas k\u00f6lt\u0151. A reform\u00e1tus temet\u0151ben \u00d6tv\u00f6s J\u00f3zsef ref. lelk\u00e9sz \u00e9s Mark\u00f3 B\u00e9la k\u00f6lt\u0151 b\u00facs\u00faztatta. (2024. jan. 11.). A k\u00f6z\u00e9piskol\u00e1t sz\u00fcl\u0151v\u00e1ros\u00e1ban (1978), az egyetem magyar-francia-szak\u00e1n a kolozsv\u00e1ri Babes-Bolyai egyetem filol\u00f3gia kar\u00e1n v\u00e9gzett. (1984). Sz\u00e9kelykereszt\u00faron lakokott, tan\u00e1r Szent\u00e1brah\u00e1mban (1984\u201386 \u00e9s 1988\u20131990), Sim\u00e9nfalv\u00e1n (1986\u201388), A Mv.-en megjelen\u0151 L\u00e1t\u00f3 sz\u00e9pirodalmi foly\u00f3irat szerkeszt\u0151je. (1990\u2013), \u00e9s a Szentgy\u00f6rgyi Istv\u00e1n Sz\u00ednm\u0171v\u00e9szeti F\u0151iskola el\u0151ad\u00f3ja. \u2013 M\u00e1r a k\u00f6z\u00e9pisk\u00f6l\u00e1ban kezdte k\u00f6z\u00f6lni a m\u0171ford\u00edt\u00e1sait (1978\u2013) a Szatm\u00e1ri H\u00edrlap, Utunk, Napsug\u00e1r, Igaz Sz\u00f3 \u00e9s a Kort\u00e1rs, Alf\u00f6ld, Jelenkor stb. Gy\u00fcjtem\u00e9nyes k\u00f6tetekben: \u00d6t\u00f6dik \u00e9vszak (Mv., 1980), az Echinox szerkeszt\u0151je (1983). Versesk\u00f6tetei: Tenger\u00e9sz Henrik Intelmei (1984), T\u0171zf\u00f6ld hava. (1988), Gyermekk\u00e9nt nem ennek k\u00e9sz\u00fcltem, amiv\u00e9 lettem. Vallom\u00e1s: KAF k\u00f6nyvbemutat\u00f3j\u00e1n a 29. Marosv\u00e1s\u00e1rhelyi Nemzetk\u00f6zi K\u00f6nyvv\u00e1s\u00e1ron, 2023 novemberben. <br \/><strong>Irod.:<\/strong> Bocskor-Sall\u00f3 Lilla: Erd\u00e9lyis\u00e9g \u00e9s intertextualit\u00e1s. Az Identit\u00e1s \u00e9s autentikuss\u00e1g lehet\u0151s\u00e9gei Kov\u00e1cs Andr\u00e1s Ferenc k\u00f6lt\u00e9szet\u00e9ben (Korunk, 3. sz., 2024); K\u00c1NTORN\u00c9 ENGELHARDT Anna Nagy Mikl\u00f3s Kund.: Ad\u00f3ss\u00e1got t\u00f6rlesztek: F\u00fcggel\u00e9k az utols\u00f3 K. A. F. &#8211; interj\u00famhoz (N\u00fa., 2024. jan. 20); Rom\u00e1niai magyar irodalmi lexikon. 3. k\u00f6t: Kh-M (Bukarest, Kriterion, 1994.); Sebesty\u00e9n Mih\u00e1ly: B\u00facs\u00faz\u00f3ul (T\u00f6red\u00e9k) (N\u00fa, 2024. jan. 4.); V\u00e9gs\u0151 b\u00facs\u00fat vettek Kov\u00e1cs Andr\u00e1s Ferenct\u0151l p\u00e1lyat\u00e1rsai, bar\u00e1tai \u00e9s tisztel\u0151i (N\u00fa, 2024. jan. 4., jan. 6.)<\/br><\/p>\n","protected":false},"excerpt":{"rendered":"<p>Szatm\u00e1rn\u00e9meti, 1959. j\u00fal. 17., \u2020 Mv., 2024. jan. 3?: k\u00f6lt\u0151, essz\u00e9\u00edr\u00f3, m\u0171ford\u00edt\u00f3, dramaturg. \u2013 Kossuth-d\u00edjas k\u00f6lt\u0151. A reform\u00e1tus temet\u0151ben \u00d6tv\u00f6s J\u00f3zsef ref. lelk\u00e9sz \u00e9s Mark\u00f3 B\u00e9la k\u00f6lt\u0151 b\u00facs\u00faztatta. (2024. jan. 11.). A k\u00f6z\u00e9piskol\u00e1t sz\u00fcl\u0151v\u00e1ros\u00e1ban (1978), az egyetem magyar-francia-szak\u00e1n a kolozsv\u00e1ri Babes-Bolyai egyetem filol\u00f3gia kar\u00e1n v\u00e9gzett. (1984). Sz\u00e9kelykereszt\u00faron lakokott, tan\u00e1r Szent\u00e1brah\u00e1mban (1984\u201386 \u00e9s 1988\u20131990), Sim\u00e9nfalv\u00e1n (1986\u201388), [&hellip;]<\/p>\n","protected":false},"featured_media":0,"comment_status":"open","ping_status":"closed","template":"","meta":[],"product_brand":[],"product_cat":[137],"product_tag":[],"class_list":{"0":"post-12823","1":"product","2":"type-product","3":"status-publish","5":"product_cat-maros-megyei-eletrajzi-lexikon","7":"first","8":"instock","9":"shipping-taxable","10":"product-type-simple"},"_links":{"self":[{"href":"https:\/\/uj.adatbank.ro\/lexikon\/wp-json\/wp\/v2\/product\/12823","targetHints":{"allow":["GET"]}}],"collection":[{"href":"https:\/\/uj.adatbank.ro\/lexikon\/wp-json\/wp\/v2\/product"}],"about":[{"href":"https:\/\/uj.adatbank.ro\/lexikon\/wp-json\/wp\/v2\/types\/product"}],"replies":[{"embeddable":true,"href":"https:\/\/uj.adatbank.ro\/lexikon\/wp-json\/wp\/v2\/comments?post=12823"}],"wp:attachment":[{"href":"https:\/\/uj.adatbank.ro\/lexikon\/wp-json\/wp\/v2\/media?parent=12823"}],"wp:term":[{"taxonomy":"product_brand","embeddable":true,"href":"https:\/\/uj.adatbank.ro\/lexikon\/wp-json\/wp\/v2\/product_brand?post=12823"},{"taxonomy":"product_cat","embeddable":true,"href":"https:\/\/uj.adatbank.ro\/lexikon\/wp-json\/wp\/v2\/product_cat?post=12823"},{"taxonomy":"product_tag","embeddable":true,"href":"https:\/\/uj.adatbank.ro\/lexikon\/wp-json\/wp\/v2\/product_tag?post=12823"}],"curies":[{"name":"wp","href":"https:\/\/api.w.org\/{rel}","templated":true}]}}