{"id":12825,"date":"2025-06-29T14:40:26","date_gmt":"2025-06-29T12:40:26","guid":{"rendered":"https:\/\/uj.adatbank.ro\/lexikon\/termek\/kovacs-anna-latabar-endrene\/"},"modified":"2025-06-29T14:40:26","modified_gmt":"2025-06-29T12:40:26","slug":"kovacs-anna-latabar-endrene","status":"publish","type":"product","link":"https:\/\/uj.adatbank.ro\/lexikon\/termek\/kovacs-anna-latabar-endrene\/","title":{"rendered":"KOV\u00c1CS Anna, Latab\u00e1r Endr\u00e9n\u00e9"},"content":{"rendered":"<p>Marosludas, 1859. \u2020 ?, : sz\u00edn\u00e9szn\u0151. \u2013 Sz\u00ednpadra 1875-ben l\u00e9pett, nyugalomba vonul\u00e1s\u00e1ig (1910). <br \/><strong>Irod.:<\/strong> Sch\u00f6pflin<\/br><\/p>\n","protected":false},"excerpt":{"rendered":"<p>Marosludas, 1859. \u2020 ?, : sz\u00edn\u00e9szn\u0151. \u2013 Sz\u00ednpadra 1875-ben l\u00e9pett, nyugalomba vonul\u00e1s\u00e1ig (1910). Irod.: Sch\u00f6pflin<\/p>\n","protected":false},"featured_media":0,"comment_status":"open","ping_status":"closed","template":"","meta":[],"product_brand":[],"product_cat":[137],"product_tag":[],"class_list":{"0":"post-12825","1":"product","2":"type-product","3":"status-publish","5":"product_cat-maros-megyei-eletrajzi-lexikon","7":"first","8":"instock","9":"shipping-taxable","10":"product-type-simple"},"_links":{"self":[{"href":"https:\/\/uj.adatbank.ro\/lexikon\/wp-json\/wp\/v2\/product\/12825","targetHints":{"allow":["GET"]}}],"collection":[{"href":"https:\/\/uj.adatbank.ro\/lexikon\/wp-json\/wp\/v2\/product"}],"about":[{"href":"https:\/\/uj.adatbank.ro\/lexikon\/wp-json\/wp\/v2\/types\/product"}],"replies":[{"embeddable":true,"href":"https:\/\/uj.adatbank.ro\/lexikon\/wp-json\/wp\/v2\/comments?post=12825"}],"wp:attachment":[{"href":"https:\/\/uj.adatbank.ro\/lexikon\/wp-json\/wp\/v2\/media?parent=12825"}],"wp:term":[{"taxonomy":"product_brand","embeddable":true,"href":"https:\/\/uj.adatbank.ro\/lexikon\/wp-json\/wp\/v2\/product_brand?post=12825"},{"taxonomy":"product_cat","embeddable":true,"href":"https:\/\/uj.adatbank.ro\/lexikon\/wp-json\/wp\/v2\/product_cat?post=12825"},{"taxonomy":"product_tag","embeddable":true,"href":"https:\/\/uj.adatbank.ro\/lexikon\/wp-json\/wp\/v2\/product_tag?post=12825"}],"curies":[{"name":"wp","href":"https:\/\/api.w.org\/{rel}","templated":true}]}}