{"id":12826,"date":"2025-06-29T14:40:28","date_gmt":"2025-06-29T12:40:28","guid":{"rendered":"https:\/\/uj.adatbank.ro\/lexikon\/termek\/kovacs-antal\/"},"modified":"2025-06-29T14:40:28","modified_gmt":"2025-06-29T12:40:28","slug":"kovacs-antal","status":"publish","type":"product","link":"https:\/\/uj.adatbank.ro\/lexikon\/termek\/kovacs-antal\/","title":{"rendered":"KOV\u00c1CS Antal"},"content":{"rendered":"<p>Marosfelfalu, 1791. febr. 2. \u2020 ?: egyetemihallgat\u00f3. \u2013 B\u00f6lcs\u00e9szetet tanult Pozsonyban (1807\u201308). Besz\u00e9lt magyarul, n\u00e9met\u00fcl \u00e9s rom\u00e1nul. <br \/><strong>Irod.:<\/strong> Szab\u00f3 Mikl\u00f3s 2005<\/br><\/p>\n","protected":false},"excerpt":{"rendered":"<p>Marosfelfalu, 1791. febr. 2. \u2020 ?: egyetemihallgat\u00f3. \u2013 B\u00f6lcs\u00e9szetet tanult Pozsonyban (1807\u201308). Besz\u00e9lt magyarul, n\u00e9met\u00fcl \u00e9s rom\u00e1nul. Irod.: Szab\u00f3 Mikl\u00f3s 2005<\/p>\n","protected":false},"featured_media":0,"comment_status":"open","ping_status":"closed","template":"","meta":[],"product_brand":[],"product_cat":[137],"product_tag":[],"class_list":{"0":"post-12826","1":"product","2":"type-product","3":"status-publish","5":"product_cat-maros-megyei-eletrajzi-lexikon","7":"first","8":"instock","9":"shipping-taxable","10":"product-type-simple"},"_links":{"self":[{"href":"https:\/\/uj.adatbank.ro\/lexikon\/wp-json\/wp\/v2\/product\/12826","targetHints":{"allow":["GET"]}}],"collection":[{"href":"https:\/\/uj.adatbank.ro\/lexikon\/wp-json\/wp\/v2\/product"}],"about":[{"href":"https:\/\/uj.adatbank.ro\/lexikon\/wp-json\/wp\/v2\/types\/product"}],"replies":[{"embeddable":true,"href":"https:\/\/uj.adatbank.ro\/lexikon\/wp-json\/wp\/v2\/comments?post=12826"}],"wp:attachment":[{"href":"https:\/\/uj.adatbank.ro\/lexikon\/wp-json\/wp\/v2\/media?parent=12826"}],"wp:term":[{"taxonomy":"product_brand","embeddable":true,"href":"https:\/\/uj.adatbank.ro\/lexikon\/wp-json\/wp\/v2\/product_brand?post=12826"},{"taxonomy":"product_cat","embeddable":true,"href":"https:\/\/uj.adatbank.ro\/lexikon\/wp-json\/wp\/v2\/product_cat?post=12826"},{"taxonomy":"product_tag","embeddable":true,"href":"https:\/\/uj.adatbank.ro\/lexikon\/wp-json\/wp\/v2\/product_tag?post=12826"}],"curies":[{"name":"wp","href":"https:\/\/api.w.org\/{rel}","templated":true}]}}