{"id":12827,"date":"2025-06-29T14:40:29","date_gmt":"2025-06-29T12:40:29","guid":{"rendered":"https:\/\/uj.adatbank.ro\/lexikon\/termek\/kovacs-antal-2\/"},"modified":"2025-06-29T14:40:29","modified_gmt":"2025-06-29T12:40:29","slug":"kovacs-antal-2","status":"publish","type":"product","link":"https:\/\/uj.adatbank.ro\/lexikon\/termek\/kovacs-antal-2\/","title":{"rendered":"KOV\u00c1CS Antal"},"content":{"rendered":"<p>? \u2020 ?: orvos. \u2013 Az ifj. orvost v\u00e1lasztja Mv., az 1824. ben elhunyt Gecse D\u00e1niel hely\u00e9re. Mv.-en tev\u00e9kenykedett 1835-ig, \u0151t k\u00f6vette P\u00e9terfi P\u00e1l orvos. <br \/><strong>Irod.:<\/strong> P\u00e1l-Antal 2023<\/br><\/p>\n","protected":false},"excerpt":{"rendered":"<p>? \u2020 ?: orvos. \u2013 Az ifj. orvost v\u00e1lasztja Mv., az 1824. ben elhunyt Gecse D\u00e1niel hely\u00e9re. Mv.-en tev\u00e9kenykedett 1835-ig, \u0151t k\u00f6vette P\u00e9terfi P\u00e1l orvos. Irod.: P\u00e1l-Antal 2023<\/p>\n","protected":false},"featured_media":0,"comment_status":"open","ping_status":"closed","template":"","meta":[],"product_brand":[],"product_cat":[137],"product_tag":[],"class_list":{"0":"post-12827","1":"product","2":"type-product","3":"status-publish","5":"product_cat-maros-megyei-eletrajzi-lexikon","7":"first","8":"instock","9":"shipping-taxable","10":"product-type-simple"},"_links":{"self":[{"href":"https:\/\/uj.adatbank.ro\/lexikon\/wp-json\/wp\/v2\/product\/12827","targetHints":{"allow":["GET"]}}],"collection":[{"href":"https:\/\/uj.adatbank.ro\/lexikon\/wp-json\/wp\/v2\/product"}],"about":[{"href":"https:\/\/uj.adatbank.ro\/lexikon\/wp-json\/wp\/v2\/types\/product"}],"replies":[{"embeddable":true,"href":"https:\/\/uj.adatbank.ro\/lexikon\/wp-json\/wp\/v2\/comments?post=12827"}],"wp:attachment":[{"href":"https:\/\/uj.adatbank.ro\/lexikon\/wp-json\/wp\/v2\/media?parent=12827"}],"wp:term":[{"taxonomy":"product_brand","embeddable":true,"href":"https:\/\/uj.adatbank.ro\/lexikon\/wp-json\/wp\/v2\/product_brand?post=12827"},{"taxonomy":"product_cat","embeddable":true,"href":"https:\/\/uj.adatbank.ro\/lexikon\/wp-json\/wp\/v2\/product_cat?post=12827"},{"taxonomy":"product_tag","embeddable":true,"href":"https:\/\/uj.adatbank.ro\/lexikon\/wp-json\/wp\/v2\/product_tag?post=12827"}],"curies":[{"name":"wp","href":"https:\/\/api.w.org\/{rel}","templated":true}]}}