{"id":12828,"date":"2025-06-29T14:40:33","date_gmt":"2025-06-29T12:40:33","guid":{"rendered":"https:\/\/uj.adatbank.ro\/lexikon\/termek\/kovacs-antal-3\/"},"modified":"2025-06-29T14:40:33","modified_gmt":"2025-06-29T12:40:33","slug":"kovacs-antal-3","status":"publish","type":"product","link":"https:\/\/uj.adatbank.ro\/lexikon\/termek\/kovacs-antal-3\/","title":{"rendered":"KOV\u00c1CS Antal"},"content":{"rendered":"<p>Cs\u00edkverebes, 1900. \u00e1pr. 13., \u2020 Farkaslaka, 1957. m\u00e1j. 10.: r. k. pap. \u2013 Gimn.-i tanulm\u00e1nyait Cs\u00edkszered\u00e1n v\u00e9gezte, a teol\u00f3gi\u00e1t Gyulafeh\u00e9rv\u00e1ron hallgatott, papp\u00e1 szentelt\u00e9k (1924. j\u00fal. 6.). Gyergy\u00f3remet\u00e9n, Petrozs\u00e9nyben k\u00e1pl\u00e1n. Pl\u00e9b\u00e1nos G\u00f6demesterh\u00e1z\u00e1n (1927\u201331), ahol megszervezte a pleb\u00e1ni\u00e1t, k\u00e1poln\u00e1t rendezett be, megkezdte a hitoktat\u00e1st. Jobb\u00e1gytelk\u00e9n pleb\u00e1nos (1931\u201342). A felekezeti iskol\u00e1hoz n\u00e9gy tantermet \u00e9p\u00edttetett, emellett a Palotailv\u00e1n, Szal\u00e1rdon, Ratosny\u00e1n lev\u0151 szorv\u00e1nyban teljes\u00edtett szolg\u00e1latot. Farkaslak\u00e1n pl\u00e9b\u00e1nos (1942). <br \/><strong>Irod.:<\/strong> Eml\u00e9kk\u00f6nyv a jobb\u00e1gytelki iskola \u00e9vfordul\u00f3j\u00e1ra; Ferenczi S\u00e1ndor 2009; Maros-k\u00fck\u00fcll\u0151i f\u0151esp.; Sz\u00e9kelyf\u00f6ld \u00ed. k.<\/br><\/p>\n","protected":false},"excerpt":{"rendered":"<p>Cs\u00edkverebes, 1900. \u00e1pr. 13., \u2020 Farkaslaka, 1957. m\u00e1j. 10.: r. k. pap. \u2013 Gimn.-i tanulm\u00e1nyait Cs\u00edkszered\u00e1n v\u00e9gezte, a teol\u00f3gi\u00e1t Gyulafeh\u00e9rv\u00e1ron hallgatott, papp\u00e1 szentelt\u00e9k (1924. j\u00fal. 6.). Gyergy\u00f3remet\u00e9n, Petrozs\u00e9nyben k\u00e1pl\u00e1n. Pl\u00e9b\u00e1nos G\u00f6demesterh\u00e1z\u00e1n (1927\u201331), ahol megszervezte a pleb\u00e1ni\u00e1t, k\u00e1poln\u00e1t rendezett be, megkezdte a hitoktat\u00e1st. Jobb\u00e1gytelk\u00e9n pleb\u00e1nos (1931\u201342). A felekezeti iskol\u00e1hoz n\u00e9gy tantermet \u00e9p\u00edttetett, emellett a Palotailv\u00e1n, Szal\u00e1rdon, [&hellip;]<\/p>\n","protected":false},"featured_media":0,"comment_status":"open","ping_status":"closed","template":"","meta":[],"product_brand":[],"product_cat":[137],"product_tag":[],"class_list":{"0":"post-12828","1":"product","2":"type-product","3":"status-publish","5":"product_cat-maros-megyei-eletrajzi-lexikon","7":"first","8":"instock","9":"shipping-taxable","10":"product-type-simple"},"_links":{"self":[{"href":"https:\/\/uj.adatbank.ro\/lexikon\/wp-json\/wp\/v2\/product\/12828","targetHints":{"allow":["GET"]}}],"collection":[{"href":"https:\/\/uj.adatbank.ro\/lexikon\/wp-json\/wp\/v2\/product"}],"about":[{"href":"https:\/\/uj.adatbank.ro\/lexikon\/wp-json\/wp\/v2\/types\/product"}],"replies":[{"embeddable":true,"href":"https:\/\/uj.adatbank.ro\/lexikon\/wp-json\/wp\/v2\/comments?post=12828"}],"wp:attachment":[{"href":"https:\/\/uj.adatbank.ro\/lexikon\/wp-json\/wp\/v2\/media?parent=12828"}],"wp:term":[{"taxonomy":"product_brand","embeddable":true,"href":"https:\/\/uj.adatbank.ro\/lexikon\/wp-json\/wp\/v2\/product_brand?post=12828"},{"taxonomy":"product_cat","embeddable":true,"href":"https:\/\/uj.adatbank.ro\/lexikon\/wp-json\/wp\/v2\/product_cat?post=12828"},{"taxonomy":"product_tag","embeddable":true,"href":"https:\/\/uj.adatbank.ro\/lexikon\/wp-json\/wp\/v2\/product_tag?post=12828"}],"curies":[{"name":"wp","href":"https:\/\/api.w.org\/{rel}","templated":true}]}}