{"id":12833,"date":"2025-06-29T14:40:40","date_gmt":"2025-06-29T12:40:40","guid":{"rendered":"https:\/\/uj.adatbank.ro\/lexikon\/termek\/kovacs-antal-mikhazi\/"},"modified":"2025-06-29T14:40:40","modified_gmt":"2025-06-29T12:40:40","slug":"kovacs-antal-mikhazi","status":"publish","type":"product","link":"https:\/\/uj.adatbank.ro\/lexikon\/termek\/kovacs-antal-mikhazi\/","title":{"rendered":"KOV\u00c1CS Antal, mikh\u00e1zi"},"content":{"rendered":"<p>1820.?, \u2020 Mikh\u00e1za, 1887. m\u00e1j. 20.: gondnok. \u2013 Nemzet\u0151r sz\u00e1zados (1848). A mikh\u00e1zi Szentferencrend\u0171 z\u00e1rda \u00e9s a jobb\u00e1gyfalvi r. k. megye f\u0151gondnoka. <br \/><strong>Irod.:<\/strong> Gy\u00e1szjelent.<\/br><\/p>\n","protected":false},"excerpt":{"rendered":"<p>1820.?, \u2020 Mikh\u00e1za, 1887. m\u00e1j. 20.: gondnok. \u2013 Nemzet\u0151r sz\u00e1zados (1848). A mikh\u00e1zi Szentferencrend\u0171 z\u00e1rda \u00e9s a jobb\u00e1gyfalvi r. k. megye f\u0151gondnoka. Irod.: Gy\u00e1szjelent.<\/p>\n","protected":false},"featured_media":0,"comment_status":"open","ping_status":"closed","template":"","meta":[],"product_brand":[],"product_cat":[137],"product_tag":[],"class_list":{"0":"post-12833","1":"product","2":"type-product","3":"status-publish","5":"product_cat-maros-megyei-eletrajzi-lexikon","7":"first","8":"instock","9":"shipping-taxable","10":"product-type-simple"},"_links":{"self":[{"href":"https:\/\/uj.adatbank.ro\/lexikon\/wp-json\/wp\/v2\/product\/12833","targetHints":{"allow":["GET"]}}],"collection":[{"href":"https:\/\/uj.adatbank.ro\/lexikon\/wp-json\/wp\/v2\/product"}],"about":[{"href":"https:\/\/uj.adatbank.ro\/lexikon\/wp-json\/wp\/v2\/types\/product"}],"replies":[{"embeddable":true,"href":"https:\/\/uj.adatbank.ro\/lexikon\/wp-json\/wp\/v2\/comments?post=12833"}],"wp:attachment":[{"href":"https:\/\/uj.adatbank.ro\/lexikon\/wp-json\/wp\/v2\/media?parent=12833"}],"wp:term":[{"taxonomy":"product_brand","embeddable":true,"href":"https:\/\/uj.adatbank.ro\/lexikon\/wp-json\/wp\/v2\/product_brand?post=12833"},{"taxonomy":"product_cat","embeddable":true,"href":"https:\/\/uj.adatbank.ro\/lexikon\/wp-json\/wp\/v2\/product_cat?post=12833"},{"taxonomy":"product_tag","embeddable":true,"href":"https:\/\/uj.adatbank.ro\/lexikon\/wp-json\/wp\/v2\/product_tag?post=12833"}],"curies":[{"name":"wp","href":"https:\/\/api.w.org\/{rel}","templated":true}]}}