{"id":12835,"date":"2025-06-29T14:40:45","date_gmt":"2025-06-29T12:40:45","guid":{"rendered":"https:\/\/uj.adatbank.ro\/lexikon\/termek\/kovacs-aron\/"},"modified":"2025-06-29T14:40:45","modified_gmt":"2025-06-29T12:40:45","slug":"kovacs-aron","status":"publish","type":"product","link":"https:\/\/uj.adatbank.ro\/lexikon\/termek\/kovacs-aron\/","title":{"rendered":"KOV\u00c1CS \u00c1ron"},"content":{"rendered":"<p>1876. jan. 1., \u2020 1965.: ref. lelk\u00e9sz. \u2013 H\u00e1rmasfalu (1907\u20131909), Magyars\u00fclye (1948\u20131953), Nagymedv\u00e9s (1954\u20131962) gy\u00fclekezet\u00e9nek lelkip\u00e1sztora. <br \/><strong>Irod.:<\/strong> Cs\u00e1ky<\/br><\/p>\n","protected":false},"excerpt":{"rendered":"<p>1876. jan. 1., \u2020 1965.: ref. lelk\u00e9sz. \u2013 H\u00e1rmasfalu (1907\u20131909), Magyars\u00fclye (1948\u20131953), Nagymedv\u00e9s (1954\u20131962) gy\u00fclekezet\u00e9nek lelkip\u00e1sztora. Irod.: Cs\u00e1ky<\/p>\n","protected":false},"featured_media":0,"comment_status":"open","ping_status":"closed","template":"","meta":[],"product_brand":[],"product_cat":[137],"product_tag":[],"class_list":{"0":"post-12835","1":"product","2":"type-product","3":"status-publish","5":"product_cat-maros-megyei-eletrajzi-lexikon","7":"first","8":"instock","9":"shipping-taxable","10":"product-type-simple"},"_links":{"self":[{"href":"https:\/\/uj.adatbank.ro\/lexikon\/wp-json\/wp\/v2\/product\/12835","targetHints":{"allow":["GET"]}}],"collection":[{"href":"https:\/\/uj.adatbank.ro\/lexikon\/wp-json\/wp\/v2\/product"}],"about":[{"href":"https:\/\/uj.adatbank.ro\/lexikon\/wp-json\/wp\/v2\/types\/product"}],"replies":[{"embeddable":true,"href":"https:\/\/uj.adatbank.ro\/lexikon\/wp-json\/wp\/v2\/comments?post=12835"}],"wp:attachment":[{"href":"https:\/\/uj.adatbank.ro\/lexikon\/wp-json\/wp\/v2\/media?parent=12835"}],"wp:term":[{"taxonomy":"product_brand","embeddable":true,"href":"https:\/\/uj.adatbank.ro\/lexikon\/wp-json\/wp\/v2\/product_brand?post=12835"},{"taxonomy":"product_cat","embeddable":true,"href":"https:\/\/uj.adatbank.ro\/lexikon\/wp-json\/wp\/v2\/product_cat?post=12835"},{"taxonomy":"product_tag","embeddable":true,"href":"https:\/\/uj.adatbank.ro\/lexikon\/wp-json\/wp\/v2\/product_tag?post=12835"}],"curies":[{"name":"wp","href":"https:\/\/api.w.org\/{rel}","templated":true}]}}