{"id":12841,"date":"2025-06-29T14:40:57","date_gmt":"2025-06-29T12:40:57","guid":{"rendered":"https:\/\/uj.adatbank.ro\/lexikon\/termek\/kovacs-balint-4\/"},"modified":"2025-06-29T14:40:57","modified_gmt":"2025-06-29T12:40:57","slug":"kovacs-balint-4","status":"publish","type":"product","link":"https:\/\/uj.adatbank.ro\/lexikon\/termek\/kovacs-balint-4\/","title":{"rendered":"KOV\u00c1CS B\u00e1lint"},"content":{"rendered":"<p>Ny\u00e1r\u00e1dk\u00f6szv\u00e9nyes, 1893. nov. 14., \u2020 Ny\u00e1r\u00e1dk\u00f6szv\u00e9nyes, 1967. dec. 25.: tartal\u00e9kos szakaszvezet\u0151 a cs. \u00e9s kir. 62. gyalogezredben. Kit\u00fcnt\u00e9sei: O1, O2, OB, Kcsk, Seb\u00c9, MHE\u00c9, vit\u00e9z: 1941. okt. 23. <br \/><strong>Irod.:<\/strong> Berekm\u00e9ri\u2013Nemes<\/br><\/p>\n","protected":false},"excerpt":{"rendered":"<p>Ny\u00e1r\u00e1dk\u00f6szv\u00e9nyes, 1893. nov. 14., \u2020 Ny\u00e1r\u00e1dk\u00f6szv\u00e9nyes, 1967. dec. 25.: tartal\u00e9kos szakaszvezet\u0151 a cs. \u00e9s kir. 62. gyalogezredben. Kit\u00fcnt\u00e9sei: O1, O2, OB, Kcsk, Seb\u00c9, MHE\u00c9, vit\u00e9z: 1941. okt. 23. Irod.: Berekm\u00e9ri\u2013Nemes<\/p>\n","protected":false},"featured_media":0,"comment_status":"open","ping_status":"closed","template":"","meta":[],"product_brand":[],"product_cat":[137],"product_tag":[],"class_list":{"0":"post-12841","1":"product","2":"type-product","3":"status-publish","5":"product_cat-maros-megyei-eletrajzi-lexikon","7":"first","8":"instock","9":"shipping-taxable","10":"product-type-simple"},"_links":{"self":[{"href":"https:\/\/uj.adatbank.ro\/lexikon\/wp-json\/wp\/v2\/product\/12841","targetHints":{"allow":["GET"]}}],"collection":[{"href":"https:\/\/uj.adatbank.ro\/lexikon\/wp-json\/wp\/v2\/product"}],"about":[{"href":"https:\/\/uj.adatbank.ro\/lexikon\/wp-json\/wp\/v2\/types\/product"}],"replies":[{"embeddable":true,"href":"https:\/\/uj.adatbank.ro\/lexikon\/wp-json\/wp\/v2\/comments?post=12841"}],"wp:attachment":[{"href":"https:\/\/uj.adatbank.ro\/lexikon\/wp-json\/wp\/v2\/media?parent=12841"}],"wp:term":[{"taxonomy":"product_brand","embeddable":true,"href":"https:\/\/uj.adatbank.ro\/lexikon\/wp-json\/wp\/v2\/product_brand?post=12841"},{"taxonomy":"product_cat","embeddable":true,"href":"https:\/\/uj.adatbank.ro\/lexikon\/wp-json\/wp\/v2\/product_cat?post=12841"},{"taxonomy":"product_tag","embeddable":true,"href":"https:\/\/uj.adatbank.ro\/lexikon\/wp-json\/wp\/v2\/product_tag?post=12841"}],"curies":[{"name":"wp","href":"https:\/\/api.w.org\/{rel}","templated":true}]}}