{"id":12848,"date":"2025-06-29T14:41:10","date_gmt":"2025-06-29T12:41:10","guid":{"rendered":"https:\/\/uj.adatbank.ro\/lexikon\/termek\/kovacs-dezso-dr\/"},"modified":"2025-06-29T14:41:10","modified_gmt":"2025-06-29T12:41:10","slug":"kovacs-dezso-dr","status":"publish","type":"product","link":"https:\/\/uj.adatbank.ro\/lexikon\/termek\/kovacs-dezso-dr\/","title":{"rendered":"KOV\u00c1CS Dezs\u0151, dr."},"content":{"rendered":"<p>Mv., 1948., \u2020 Mv., 2015: orvos. \u2013 Sz\u00e1jseb\u00e9sz prof. \u2013 Apja Az MSE orsz\u00e1gos bajnoks\u00e1g\u00e1ban r\u00e9szt vev\u0151, j\u00e9gkorong \u00e9s vizilabdacsapat\u00e1nak \u00e9vekig alapembere. \u2013 Mv.-en v\u00e9gezte tanulm\u00e1nyait, a MOGYI orvosi kar\u00e1n (1973). A Fog\u00e1szati Klinik\u00e1n alorvos (1973 \u201375), tan\u00e1rseg\u00e9d (1976. 94), adjunktus (1994\u201398), megv\u00e9dte a doktori \u00e9rtekez\u00e9s\u00e9t (1998), kinevezett egyetemi tan\u00e1r, katedraf\u0151n\u00f6k (1999\u2013), mag\u00e1nrendel\u0151je is m\u0171k\u00f6d\u00f6tt. Publik\u00e1ci\u00f3i, k\u00f6nyvei, egyetemi jegyzetei is megjelentek rom\u00e1n \u00e9s magyar nyelven. <br \/><strong>Irod.:<\/strong> Kiss\u2013P\u00e9terffy\u2013P\u00e9terffy; Kiss Cs. M 4.<\/br><\/p>\n","protected":false},"excerpt":{"rendered":"<p>Mv., 1948., \u2020 Mv., 2015: orvos. \u2013 Sz\u00e1jseb\u00e9sz prof. \u2013 Apja Az MSE orsz\u00e1gos bajnoks\u00e1g\u00e1ban r\u00e9szt vev\u0151, j\u00e9gkorong \u00e9s vizilabdacsapat\u00e1nak \u00e9vekig alapembere. \u2013 Mv.-en v\u00e9gezte tanulm\u00e1nyait, a MOGYI orvosi kar\u00e1n (1973). A Fog\u00e1szati Klinik\u00e1n alorvos (1973 \u201375), tan\u00e1rseg\u00e9d (1976. 94), adjunktus (1994\u201398), megv\u00e9dte a doktori \u00e9rtekez\u00e9s\u00e9t (1998), kinevezett egyetemi tan\u00e1r, katedraf\u0151n\u00f6k (1999\u2013), mag\u00e1nrendel\u0151je is m\u0171k\u00f6d\u00f6tt. [&hellip;]<\/p>\n","protected":false},"featured_media":0,"comment_status":"open","ping_status":"closed","template":"","meta":[],"product_brand":[],"product_cat":[137],"product_tag":[],"class_list":{"0":"post-12848","1":"product","2":"type-product","3":"status-publish","5":"product_cat-maros-megyei-eletrajzi-lexikon","7":"first","8":"instock","9":"shipping-taxable","10":"product-type-simple"},"_links":{"self":[{"href":"https:\/\/uj.adatbank.ro\/lexikon\/wp-json\/wp\/v2\/product\/12848","targetHints":{"allow":["GET"]}}],"collection":[{"href":"https:\/\/uj.adatbank.ro\/lexikon\/wp-json\/wp\/v2\/product"}],"about":[{"href":"https:\/\/uj.adatbank.ro\/lexikon\/wp-json\/wp\/v2\/types\/product"}],"replies":[{"embeddable":true,"href":"https:\/\/uj.adatbank.ro\/lexikon\/wp-json\/wp\/v2\/comments?post=12848"}],"wp:attachment":[{"href":"https:\/\/uj.adatbank.ro\/lexikon\/wp-json\/wp\/v2\/media?parent=12848"}],"wp:term":[{"taxonomy":"product_brand","embeddable":true,"href":"https:\/\/uj.adatbank.ro\/lexikon\/wp-json\/wp\/v2\/product_brand?post=12848"},{"taxonomy":"product_cat","embeddable":true,"href":"https:\/\/uj.adatbank.ro\/lexikon\/wp-json\/wp\/v2\/product_cat?post=12848"},{"taxonomy":"product_tag","embeddable":true,"href":"https:\/\/uj.adatbank.ro\/lexikon\/wp-json\/wp\/v2\/product_tag?post=12848"}],"curies":[{"name":"wp","href":"https:\/\/api.w.org\/{rel}","templated":true}]}}