{"id":12853,"date":"2025-06-29T14:41:24","date_gmt":"2025-06-29T12:41:24","guid":{"rendered":"https:\/\/uj.adatbank.ro\/lexikon\/termek\/kovacs-elek-3\/"},"modified":"2025-06-29T14:41:24","modified_gmt":"2025-06-29T12:41:24","slug":"kovacs-elek-3","status":"publish","type":"product","link":"https:\/\/uj.adatbank.ro\/lexikon\/termek\/kovacs-elek-3\/","title":{"rendered":"KOV\u00c1CS Elek"},"content":{"rendered":"<p>? \u2020 ?: t\u00f6rv\u00e9nysz\u00e9ki irodatiszt, szerkeszt\u0151, \u00fajs\u00e1g\u00edr\u00f3, v\u00e1rosi politikus. \u2013Mv.-en t\u00f6rv\u00e9nysz\u00e9ki irodatiszt, \u00fajs\u00e1g\u00edr\u00f3, szerkeszt\u0151. Els\u0151 tud\u00f3s\u00edt\u00e1s\u00e1t az Erd\u00e9lyi \u00c9rtes\u00edt\u0151be \u00edrta (1884). Az \u00f6nk\u00e9ntes t\u0171zolt\u00f3s\u00e1g megszervez\u0151je \u00e9s vezet\u0151je, parancsnoka (1896\u2013), a k\u00e9s\u0151bbi seg\u00edts\u00e9ge Szentgy\u00f6rgyi D\u00e9nes tan\u00e1r. A v\u00e1rosi t\u00f6rv\u00e9nyhat\u00f3s\u00e1gi test\u00fclet k\u00e9pvisel\u0151je (1910). Bern\u00e1dy Gy\u00f6rgy sajt\u00f3pert ind\u00edtott ellene, mert a H\u00edrlapban megr\u00e1galmazta a polg\u00e1rmestert korrupci\u00f3val a v\u00e1ros aszfaltoz\u00e1s\u00e1val kapcsolatban (1910), az igazszs\u00e1g\u00fcgy miniszter az ipolys\u00e1gi ker\u00fcletbe helyezte \u00e1t mint j\u00e1r\u00e1sb\u00edr\u00f3s\u00e1gi irodatisztet. K\u00e9s\u0151bb visszavonta \u00e1ll\u00edt\u00e1s\u00e1t, de tov\u00e1bb hangoztatta hogy Bern\u00e1dy nyom\u00e1st gykorol a sajt\u00f3ra, a tan\u00fak ezt nem igazolt\u00e1k ez\u00e9rt elmarasztalta a b\u00edr\u00f3s\u00e1g, r\u00e1galmaz\u00e1s v\u00e9ts\u00e9g\u00e9ben el\u00edt\u00e9lte. V\u00e1rosi tan\u00e1csos (1920), a v\u00e1rosi illet\u00e9koszt\u00e1ly vezet\u0151je (1926), a v\u00e1rosi Polg\u00e1ri P\u00e1rt eln\u00f6ke (1920), amely k\u00e9s\u0151bb bel\u00e9pett a Magyar Sz\u00f6vets\u00e9gbe, ahol aleln\u00f6k lett (1921); az OMP eln\u00f6ks\u00e9gi tagja, k\u00e9pvisel\u0151 jel\u00f6ltje t\u00f6bb\u00edzben; \u00fajs\u00e1g\u00edr\u00f3k \u00e9s sz\u00edn\u00e9szek klubja alak\u00edt\u00e1s\u00e1t kezdem\u00e9nyezte (1921), a mv.-i \u00dajs\u00e1g\u00edr\u00f3 Egyes\u00fclet tagja (1921). Mv.-en szerkesztette: az Ellen\u0151r c. t\u00e1rsadalmi lapot (1907), majd mind f\u00fcggetlen politikai \u00fajs\u00e1got (1915\u201320), Az Ellenz\u00e9k \u2013et (1913\u201331), az Erd\u00e9lyi Bar\u00e1zda (1928\u2013), a Reggeli \u00dajs\u00e1g felel\u0151s szerkeszt\u0151je (1940. nov\u2013) \u00e9s Jakab Antallal k\u00f6z\u00f6sen szerkesztette a Sz\u00e9kely Sz\u00f3 politikai napilapot (1941\u201344). Hossz\u00fa \u00fajs\u00e1g\u00edr\u00f3i \u00e9s szerkeszt\u0151i munk\u00e1ja alatt a polg\u00e1ri \u00e9rdekek harcosa volt, akir\u0151l elmondhat\u00f3 hogy minden le\u00edrt mondata gondos fogalmaz\u00e1s eredm\u00e9nye. A v\u00e1rosi k\u00f6zv\u00e9lem\u00e9ny meghat\u00e1roz\u00f3 eg\u00ed\u00e9nis\u00e9ge volt. Sajt\u00f3 pert is ind\u00edtozttak ellen \u00e1llamellenes izgat\u00e1s v\u00e1dj\u00e1val de felmentett\u00e9k (1928). 40 \u00e9ves \u00fajs\u00e1g\u00edr\u00f3i m\u0171k\u00f6d\u00e9se tisztelet\u00e1re a Kult\u00farpalot\u00e1ban \u00fcnneps\u00e9get rendeztek (1929). A Ker\u00fcleti Dalossz\u00f6vets\u00e9g aleln\u00f6ke (1939). \u2013 <strong>F. m.:<\/strong> <strong>szerk.:<\/strong> Nemzeti Sz\u00ednh\u00e1zi zsebk\u00f6nyv (Kv., 1856). <br \/><strong>Irod.:<\/strong> Id\u0151t\u00e1r 2; Id\u0151t\u00e1r 3; Nagy P\u00e1l: Gond; \u00d6kr\u00f6s; Popt\u0103ma\u015f- M\u00f3zes; \u00d6kr\u00f6s; Tall\u00f3z\u00e1s a t\u0171zolt\u00f3s\u00e1g m\u00faltj\u00e1b\u00f3l (N\u00fa., 1992. szept. 12.)<\/br><\/p>\n","protected":false},"excerpt":{"rendered":"<p>? \u2020 ?: t\u00f6rv\u00e9nysz\u00e9ki irodatiszt, szerkeszt\u0151, \u00fajs\u00e1g\u00edr\u00f3, v\u00e1rosi politikus. \u2013Mv.-en t\u00f6rv\u00e9nysz\u00e9ki irodatiszt, \u00fajs\u00e1g\u00edr\u00f3, szerkeszt\u0151. Els\u0151 tud\u00f3s\u00edt\u00e1s\u00e1t az Erd\u00e9lyi \u00c9rtes\u00edt\u0151be \u00edrta (1884). Az \u00f6nk\u00e9ntes t\u0171zolt\u00f3s\u00e1g megszervez\u0151je \u00e9s vezet\u0151je, parancsnoka (1896\u2013), a k\u00e9s\u0151bbi seg\u00edts\u00e9ge Szentgy\u00f6rgyi D\u00e9nes tan\u00e1r. A v\u00e1rosi t\u00f6rv\u00e9nyhat\u00f3s\u00e1gi test\u00fclet k\u00e9pvisel\u0151je (1910). Bern\u00e1dy Gy\u00f6rgy sajt\u00f3pert ind\u00edtott ellene, mert a H\u00edrlapban megr\u00e1galmazta a polg\u00e1rmestert korrupci\u00f3val a v\u00e1ros [&hellip;]<\/p>\n","protected":false},"featured_media":0,"comment_status":"open","ping_status":"closed","template":"","meta":[],"product_brand":[],"product_cat":[137],"product_tag":[],"class_list":{"0":"post-12853","1":"product","2":"type-product","3":"status-publish","5":"product_cat-maros-megyei-eletrajzi-lexikon","7":"first","8":"instock","9":"shipping-taxable","10":"product-type-simple"},"_links":{"self":[{"href":"https:\/\/uj.adatbank.ro\/lexikon\/wp-json\/wp\/v2\/product\/12853","targetHints":{"allow":["GET"]}}],"collection":[{"href":"https:\/\/uj.adatbank.ro\/lexikon\/wp-json\/wp\/v2\/product"}],"about":[{"href":"https:\/\/uj.adatbank.ro\/lexikon\/wp-json\/wp\/v2\/types\/product"}],"replies":[{"embeddable":true,"href":"https:\/\/uj.adatbank.ro\/lexikon\/wp-json\/wp\/v2\/comments?post=12853"}],"wp:attachment":[{"href":"https:\/\/uj.adatbank.ro\/lexikon\/wp-json\/wp\/v2\/media?parent=12853"}],"wp:term":[{"taxonomy":"product_brand","embeddable":true,"href":"https:\/\/uj.adatbank.ro\/lexikon\/wp-json\/wp\/v2\/product_brand?post=12853"},{"taxonomy":"product_cat","embeddable":true,"href":"https:\/\/uj.adatbank.ro\/lexikon\/wp-json\/wp\/v2\/product_cat?post=12853"},{"taxonomy":"product_tag","embeddable":true,"href":"https:\/\/uj.adatbank.ro\/lexikon\/wp-json\/wp\/v2\/product_tag?post=12853"}],"curies":[{"name":"wp","href":"https:\/\/api.w.org\/{rel}","templated":true}]}}