{"id":12854,"date":"2025-06-29T14:41:25","date_gmt":"2025-06-29T12:41:25","guid":{"rendered":"https:\/\/uj.adatbank.ro\/lexikon\/termek\/kovacs-elek-4\/"},"modified":"2025-06-29T14:41:25","modified_gmt":"2025-06-29T12:41:25","slug":"kovacs-elek-4","status":"publish","type":"product","link":"https:\/\/uj.adatbank.ro\/lexikon\/termek\/kovacs-elek-4\/","title":{"rendered":"KOV\u00c1CS Elek"},"content":{"rendered":"<p>? \u2020 ?: f\u0151orvos Mv.-en., a PERC egyik alap\u00edt\u00f3 tagja \u00e9s \u00fcgyvezet\u0151 eln\u00f6ke. \u2013 A MSE rep\u00fcl\u0151 szakoszt\u00e1ly\u00e1nak els\u0151 eln\u00f6ke, annak megalap\u00edt\u00f3ja volt A szakoszt\u00e1ly 3 g\u00e9ppel rendelkezett, \u00e9s a k\u00f6z\u00f6ns\u00e9g lelkes \u00e1ldozatk\u00e9szs\u00e9g\u00e9b\u0151l sz\u00fcletett meg., a sz\u00e9kely ifjak kik\u00e9pz\u00e9s\u00e9t v\u00e9gezt\u00e9k. A jelentkez\u0151k orvosi szempontb\u00f3l 99 % ban alkalmasak voltak. A szakoszt\u00e1ly m\u0171k\u00f6d\u0151 tagja 17 tiszt, 150 leg\u00e9nys\u00e9g \u00e9s 6000 p\u00e1rtol\u00f3 tag. <br \/><strong>Irod.:<\/strong> Pluh\u00e1r<\/br><\/p>\n","protected":false},"excerpt":{"rendered":"<p>? \u2020 ?: f\u0151orvos Mv.-en., a PERC egyik alap\u00edt\u00f3 tagja \u00e9s \u00fcgyvezet\u0151 eln\u00f6ke. \u2013 A MSE rep\u00fcl\u0151 szakoszt\u00e1ly\u00e1nak els\u0151 eln\u00f6ke, annak megalap\u00edt\u00f3ja volt A szakoszt\u00e1ly 3 g\u00e9ppel rendelkezett, \u00e9s a k\u00f6z\u00f6ns\u00e9g lelkes \u00e1ldozatk\u00e9szs\u00e9g\u00e9b\u0151l sz\u00fcletett meg., a sz\u00e9kely ifjak kik\u00e9pz\u00e9s\u00e9t v\u00e9gezt\u00e9k. A jelentkez\u0151k orvosi szempontb\u00f3l 99 % ban alkalmasak voltak. A szakoszt\u00e1ly m\u0171k\u00f6d\u0151 tagja 17 tiszt, [&hellip;]<\/p>\n","protected":false},"featured_media":0,"comment_status":"open","ping_status":"closed","template":"","meta":[],"product_brand":[],"product_cat":[137],"product_tag":[],"class_list":{"0":"post-12854","1":"product","2":"type-product","3":"status-publish","5":"product_cat-maros-megyei-eletrajzi-lexikon","7":"first","8":"instock","9":"shipping-taxable","10":"product-type-simple"},"_links":{"self":[{"href":"https:\/\/uj.adatbank.ro\/lexikon\/wp-json\/wp\/v2\/product\/12854","targetHints":{"allow":["GET"]}}],"collection":[{"href":"https:\/\/uj.adatbank.ro\/lexikon\/wp-json\/wp\/v2\/product"}],"about":[{"href":"https:\/\/uj.adatbank.ro\/lexikon\/wp-json\/wp\/v2\/types\/product"}],"replies":[{"embeddable":true,"href":"https:\/\/uj.adatbank.ro\/lexikon\/wp-json\/wp\/v2\/comments?post=12854"}],"wp:attachment":[{"href":"https:\/\/uj.adatbank.ro\/lexikon\/wp-json\/wp\/v2\/media?parent=12854"}],"wp:term":[{"taxonomy":"product_brand","embeddable":true,"href":"https:\/\/uj.adatbank.ro\/lexikon\/wp-json\/wp\/v2\/product_brand?post=12854"},{"taxonomy":"product_cat","embeddable":true,"href":"https:\/\/uj.adatbank.ro\/lexikon\/wp-json\/wp\/v2\/product_cat?post=12854"},{"taxonomy":"product_tag","embeddable":true,"href":"https:\/\/uj.adatbank.ro\/lexikon\/wp-json\/wp\/v2\/product_tag?post=12854"}],"curies":[{"name":"wp","href":"https:\/\/api.w.org\/{rel}","templated":true}]}}