{"id":12855,"date":"2025-06-29T14:41:27","date_gmt":"2025-06-29T12:41:27","guid":{"rendered":"https:\/\/uj.adatbank.ro\/lexikon\/termek\/kovacs-elek-5\/"},"modified":"2025-06-29T14:41:27","modified_gmt":"2025-06-29T12:41:27","slug":"kovacs-elek-5","status":"publish","type":"product","link":"https:\/\/uj.adatbank.ro\/lexikon\/termek\/kovacs-elek-5\/","title":{"rendered":"KOV\u00c1CS Elek"},"content":{"rendered":"<p>Cs\u00f3kfalva, 1903., \u2020 ?: keresked\u0151. \u2013 Iskol\u00e1i elv\u00e9gz\u00e9se ut\u00e1n a keresked\u0151i p\u00e1ly\u00e1ra l\u00e9pett sz\u00fcl\u0151faluj\u00e1ban, mint Hangya \u00fczletvezet\u0151 kiv\u00e1l\u00f3 szaktud\u00e1sra tett szert. A MP tagja, kultur\u00e1lis \u00e9s szoci\u00e1lis \u00fcgyek lelkes t\u00e1mogat\u00f3ja volt. <br \/><strong>Irod.:<\/strong> Sz\u00e9kelyf\u00f6ld \u00ed. k.<\/br><\/p>\n","protected":false},"excerpt":{"rendered":"<p>Cs\u00f3kfalva, 1903., \u2020 ?: keresked\u0151. \u2013 Iskol\u00e1i elv\u00e9gz\u00e9se ut\u00e1n a keresked\u0151i p\u00e1ly\u00e1ra l\u00e9pett sz\u00fcl\u0151faluj\u00e1ban, mint Hangya \u00fczletvezet\u0151 kiv\u00e1l\u00f3 szaktud\u00e1sra tett szert. A MP tagja, kultur\u00e1lis \u00e9s szoci\u00e1lis \u00fcgyek lelkes t\u00e1mogat\u00f3ja volt. Irod.: Sz\u00e9kelyf\u00f6ld \u00ed. k.<\/p>\n","protected":false},"featured_media":0,"comment_status":"open","ping_status":"closed","template":"","meta":[],"product_brand":[],"product_cat":[137],"product_tag":[],"class_list":{"0":"post-12855","1":"product","2":"type-product","3":"status-publish","5":"product_cat-maros-megyei-eletrajzi-lexikon","7":"first","8":"instock","9":"shipping-taxable","10":"product-type-simple"},"_links":{"self":[{"href":"https:\/\/uj.adatbank.ro\/lexikon\/wp-json\/wp\/v2\/product\/12855","targetHints":{"allow":["GET"]}}],"collection":[{"href":"https:\/\/uj.adatbank.ro\/lexikon\/wp-json\/wp\/v2\/product"}],"about":[{"href":"https:\/\/uj.adatbank.ro\/lexikon\/wp-json\/wp\/v2\/types\/product"}],"replies":[{"embeddable":true,"href":"https:\/\/uj.adatbank.ro\/lexikon\/wp-json\/wp\/v2\/comments?post=12855"}],"wp:attachment":[{"href":"https:\/\/uj.adatbank.ro\/lexikon\/wp-json\/wp\/v2\/media?parent=12855"}],"wp:term":[{"taxonomy":"product_brand","embeddable":true,"href":"https:\/\/uj.adatbank.ro\/lexikon\/wp-json\/wp\/v2\/product_brand?post=12855"},{"taxonomy":"product_cat","embeddable":true,"href":"https:\/\/uj.adatbank.ro\/lexikon\/wp-json\/wp\/v2\/product_cat?post=12855"},{"taxonomy":"product_tag","embeddable":true,"href":"https:\/\/uj.adatbank.ro\/lexikon\/wp-json\/wp\/v2\/product_tag?post=12855"}],"curies":[{"name":"wp","href":"https:\/\/api.w.org\/{rel}","templated":true}]}}