{"id":12856,"date":"2025-06-29T14:41:28","date_gmt":"2025-06-29T12:41:28","guid":{"rendered":"https:\/\/uj.adatbank.ro\/lexikon\/termek\/kovacs-elek-abodi\/"},"modified":"2025-06-29T14:41:28","modified_gmt":"2025-06-29T12:41:28","slug":"kovacs-elek-abodi","status":"publish","type":"product","link":"https:\/\/uj.adatbank.ro\/lexikon\/termek\/kovacs-elek-abodi\/","title":{"rendered":"KOV\u00c1CS Elek, abodi"},"content":{"rendered":"<p>Kend\u0151, 1883., \u2020 ?: malomtulajdonos. \u2013 Iskol\u00e1it S\u00e1rospatakon v\u00e9gezte, majd a moln\u00e1ripart tanulta \u00e9s mint seg\u00e9d Sz\u00fcrte, Bodrogszerdahely, Nagyk\u00f6vesd, Szegimalom Laszt\u00f3ci \u00e9s sz\u00e1mos nagy v\u00e1rosban fejlesztette szaktud\u00e1s\u00e1t. T\u00edz \u00e9vig b\u00e1r\u00f3 Husz\u00e1r abaf\u00e1i malm\u00e1ban volt f\u0151moln\u00e1r, majd \u00f6t \u00e9vig b\u00e9rl\u0151, ezut\u00e1n Beresztelk\u00e9n \u00f6n\u00e1ll\u00f3 malmot nyitott (1926\u2013), ahol v\u00e1m\u00f6rl\u00e9ssel foglalkozott. Az els\u0151 vh.-ban a 22. gy. e. -el az orosz fronton harcolt, fogs\u00e1gba esett \u00e9s mint f\u0151moln\u00e1r m\u0171k\u00f6d\u00f6tt ott., megsz\u00f6k\u00f6tt, mint tizedes szerelt le. Minden magyar megmozdu\u00e1s h\u00edve \u00e9s p\u00e1rtfog\u00f3ja volt. <br \/><strong>Irod.:<\/strong> Sz\u00e9kelyf\u00f6ld \u00ed. k.<\/br><\/p>\n","protected":false},"excerpt":{"rendered":"<p>Kend\u0151, 1883., \u2020 ?: malomtulajdonos. \u2013 Iskol\u00e1it S\u00e1rospatakon v\u00e9gezte, majd a moln\u00e1ripart tanulta \u00e9s mint seg\u00e9d Sz\u00fcrte, Bodrogszerdahely, Nagyk\u00f6vesd, Szegimalom Laszt\u00f3ci \u00e9s sz\u00e1mos nagy v\u00e1rosban fejlesztette szaktud\u00e1s\u00e1t. T\u00edz \u00e9vig b\u00e1r\u00f3 Husz\u00e1r abaf\u00e1i malm\u00e1ban volt f\u0151moln\u00e1r, majd \u00f6t \u00e9vig b\u00e9rl\u0151, ezut\u00e1n Beresztelk\u00e9n \u00f6n\u00e1ll\u00f3 malmot nyitott (1926\u2013), ahol v\u00e1m\u00f6rl\u00e9ssel foglalkozott. Az els\u0151 vh.-ban a 22. gy. e. [&hellip;]<\/p>\n","protected":false},"featured_media":0,"comment_status":"open","ping_status":"closed","template":"","meta":[],"product_brand":[],"product_cat":[137],"product_tag":[],"class_list":{"0":"post-12856","1":"product","2":"type-product","3":"status-publish","5":"product_cat-maros-megyei-eletrajzi-lexikon","7":"first","8":"instock","9":"shipping-taxable","10":"product-type-simple"},"_links":{"self":[{"href":"https:\/\/uj.adatbank.ro\/lexikon\/wp-json\/wp\/v2\/product\/12856","targetHints":{"allow":["GET"]}}],"collection":[{"href":"https:\/\/uj.adatbank.ro\/lexikon\/wp-json\/wp\/v2\/product"}],"about":[{"href":"https:\/\/uj.adatbank.ro\/lexikon\/wp-json\/wp\/v2\/types\/product"}],"replies":[{"embeddable":true,"href":"https:\/\/uj.adatbank.ro\/lexikon\/wp-json\/wp\/v2\/comments?post=12856"}],"wp:attachment":[{"href":"https:\/\/uj.adatbank.ro\/lexikon\/wp-json\/wp\/v2\/media?parent=12856"}],"wp:term":[{"taxonomy":"product_brand","embeddable":true,"href":"https:\/\/uj.adatbank.ro\/lexikon\/wp-json\/wp\/v2\/product_brand?post=12856"},{"taxonomy":"product_cat","embeddable":true,"href":"https:\/\/uj.adatbank.ro\/lexikon\/wp-json\/wp\/v2\/product_cat?post=12856"},{"taxonomy":"product_tag","embeddable":true,"href":"https:\/\/uj.adatbank.ro\/lexikon\/wp-json\/wp\/v2\/product_tag?post=12856"}],"curies":[{"name":"wp","href":"https:\/\/api.w.org\/{rel}","templated":true}]}}