{"id":12858,"date":"2025-06-29T14:41:33","date_gmt":"2025-06-29T12:41:33","guid":{"rendered":"https:\/\/uj.adatbank.ro\/lexikon\/termek\/kovacs-endre-%c2%a7\/"},"modified":"2025-06-29T14:41:33","modified_gmt":"2025-06-29T12:41:33","slug":"kovacs-endre-%c2%a7","status":"publish","type":"product","link":"https:\/\/uj.adatbank.ro\/lexikon\/termek\/kovacs-endre-%c2%a7\/","title":{"rendered":"KOV\u00c1CS Endre, \u00a7"},"content":{"rendered":"<p>Konkolyfalva, 1918. szept. 12. \u2020 2015: orvos, prof. dr. \u2013 A kv.-i Ref. Koll.-ban \u00e9retts\u00e9gizett (1936), majd uo az egyetemen doktori oklevelet szerzett (1942). Kv.-on kezdte tudom\u00e1nyos p\u00e1ly\u00e1j\u00e1t mint tan\u00e1rseg\u00e9d; a mv.-i OGYI orvosi \u00e9s biok\u00e9miai el\u0151ad\u00f3 tan\u00e1ra (1949\u2013), ut\u00f3bb professzora (1968\u201383); a Gy\u00f3gyszer\u00e9szeti Kar d\u00e9k\u00e1nja (1953\u201356); az \u00c9letvegytani tTansz\u00e9k vezet\u0151je, az Orvosi\u00f3biol\u00f3giai Tansz\u00e9k vezet\u0151je (1948\u201383) Dolgozatai hazai \u00e9s k\u00fclf\u00f6ldi biok\u00e9miai, fiziol\u00f3giai, pszichi\u00e1triai, orvosi szakfoly\u00f3iratokban : Berichte der Deutschen Chemischen Gesellschaft, Orvosi Szemle, Ideggy\u00f3gy\u00e1szati Szemle, Kis\u00e9rletes Orvostudom\u00e1ny, Studii \u015fi Cercet\u0103ri \u015ftiin\u0163ifice, Pediatria, Revista Medical\u0103, Neurologie, psihiatrie, neurochirurgie, Experientia, Yeitschrift exptl. Med. Yeitschrift f\u00fcr Immunit\u00e4tsforsch. \u00c9rdekl\u0151d\u00e9si k\u00f6re : a biol\u00f3giai hat\u00e1s\u00fa anyagok szint\u00e9zise \u00e9s szerkezet-vizsg\u00e1lata, ideg-bi\u00f3k\u00e9mia, az analitikai elektrofor\u00e9zis m\u00f3dszere \u00e9s alkalmaz\u00e1sa, mnnyis\u00e9gi vizsg\u00e1latok a v\u00e9rsav\u00f3 feh\u00e9rj\u00e9in, anyagcserevizsg\u00e1latok kis\u00e9rletes m\u00e1jb\u00e1ntalmakban. A MOGYE tiszteletbeli professzora (2001). \u2013 <strong>F. m.:<\/strong> \u00daj syimetrikus dialkyl-diaryl-aethyl\u00e9n sz\u00e1rmaz\u00e9kok szint\u00e9zise (Kv., 1942); <strong>t\u00e1rssz.:<\/strong> Biok\u00e9miai jegyzet (Mv., 1956, 1957 ) Bi\u00f3k\u00e9miai laborat\u00f3riumi vizsg\u00e1latok (Mv., 1956); Lucr\u0103rile Conferin\u0163ei de Hepatite \u015fi Epidemiologie (TgM, 1957); \u015etiin\u0163a despre originea vie\u0163ii (Buc., 1957); Bi\u00f3k\u00e9mia (Mv., 1960, 1977); Biochimie medical\u0103 (Buc., 1965); Cercet\u0103ri medicale (Buc., 1968); Curs de biochimie (TgM, 1976). <br \/><strong>Irod.:<\/strong> Barab\u00e1s-P\u00e9ter M.\u2013P\u00e9ter H. M.; Dezs\u0151 Istv\u00e1n; Facultatea de farmacie; Genersich; Nagy L; P\u00e9ter H. M.; Kiss\u2013P\u00e9terffy\u2013P\u00e9terffy; RMIL; RMKK; Sz\u00f6ll\u0151si 2009; Tizenk\u00e9t \u00e9v; T\u0151k\u00e9s; Viharban<\/br><\/p>\n","protected":false},"excerpt":{"rendered":"<p>Konkolyfalva, 1918. szept. 12. \u2020 2015: orvos, prof. dr. \u2013 A kv.-i Ref. Koll.-ban \u00e9retts\u00e9gizett (1936), majd uo az egyetemen doktori oklevelet szerzett (1942). Kv.-on kezdte tudom\u00e1nyos p\u00e1ly\u00e1j\u00e1t mint tan\u00e1rseg\u00e9d; a mv.-i OGYI orvosi \u00e9s biok\u00e9miai el\u0151ad\u00f3 tan\u00e1ra (1949\u2013), ut\u00f3bb professzora (1968\u201383); a Gy\u00f3gyszer\u00e9szeti Kar d\u00e9k\u00e1nja (1953\u201356); az \u00c9letvegytani tTansz\u00e9k vezet\u0151je, az Orvosi\u00f3biol\u00f3giai Tansz\u00e9k vezet\u0151je [&hellip;]<\/p>\n","protected":false},"featured_media":0,"comment_status":"open","ping_status":"closed","template":"","meta":[],"product_brand":[],"product_cat":[137],"product_tag":[],"class_list":{"0":"post-12858","1":"product","2":"type-product","3":"status-publish","5":"product_cat-maros-megyei-eletrajzi-lexikon","7":"first","8":"instock","9":"shipping-taxable","10":"product-type-simple"},"_links":{"self":[{"href":"https:\/\/uj.adatbank.ro\/lexikon\/wp-json\/wp\/v2\/product\/12858","targetHints":{"allow":["GET"]}}],"collection":[{"href":"https:\/\/uj.adatbank.ro\/lexikon\/wp-json\/wp\/v2\/product"}],"about":[{"href":"https:\/\/uj.adatbank.ro\/lexikon\/wp-json\/wp\/v2\/types\/product"}],"replies":[{"embeddable":true,"href":"https:\/\/uj.adatbank.ro\/lexikon\/wp-json\/wp\/v2\/comments?post=12858"}],"wp:attachment":[{"href":"https:\/\/uj.adatbank.ro\/lexikon\/wp-json\/wp\/v2\/media?parent=12858"}],"wp:term":[{"taxonomy":"product_brand","embeddable":true,"href":"https:\/\/uj.adatbank.ro\/lexikon\/wp-json\/wp\/v2\/product_brand?post=12858"},{"taxonomy":"product_cat","embeddable":true,"href":"https:\/\/uj.adatbank.ro\/lexikon\/wp-json\/wp\/v2\/product_cat?post=12858"},{"taxonomy":"product_tag","embeddable":true,"href":"https:\/\/uj.adatbank.ro\/lexikon\/wp-json\/wp\/v2\/product_tag?post=12858"}],"curies":[{"name":"wp","href":"https:\/\/api.w.org\/{rel}","templated":true}]}}