{"id":12862,"date":"2025-06-29T14:41:45","date_gmt":"2025-06-29T12:41:45","guid":{"rendered":"https:\/\/uj.adatbank.ro\/lexikon\/termek\/kovacs-erzsebet-sz-kaucsar-erzsebet\/"},"modified":"2025-06-29T14:41:45","modified_gmt":"2025-06-29T12:41:45","slug":"kovacs-erzsebet-sz-kaucsar-erzsebet","status":"publish","type":"product","link":"https:\/\/uj.adatbank.ro\/lexikon\/termek\/kovacs-erzsebet-sz-kaucsar-erzsebet\/","title":{"rendered":"KOV\u00c1CS Erzs\u00e9bet, sz. Kaucs\u00e1r Erzs\u00e9bet"},"content":{"rendered":"<p>1930., \u2020 Mv., 2003. dec. 14.: zenetan\u00e1r. \u2013 A mv.-i V\u00e1rosi Zeneiskol\u00e1ban r\u00f6vid ideig Erkel Sarolta, majd T\u00f3znern\u00e9 Erkel S\u00e1ra tan\u00edtv\u00e1nya volt. A mv.-i M\u0171v\u00e9szeti L\u00edc.-ban tan\u00edtott nyugd\u00edjaz\u00e1s\u00e1ig. <br \/><strong>Irod.:<\/strong> [Nekrol\u00f3g] (N\u00fa., 2003. dec. 16.); inf. Kov\u00e1cs Zsuzsa, Sz\u0151nyi M\u00e1rta zenetan\u00e1rn\u0151kt\u0151l<\/br><\/p>\n","protected":false},"excerpt":{"rendered":"<p>1930., \u2020 Mv., 2003. dec. 14.: zenetan\u00e1r. \u2013 A mv.-i V\u00e1rosi Zeneiskol\u00e1ban r\u00f6vid ideig Erkel Sarolta, majd T\u00f3znern\u00e9 Erkel S\u00e1ra tan\u00edtv\u00e1nya volt. A mv.-i M\u0171v\u00e9szeti L\u00edc.-ban tan\u00edtott nyugd\u00edjaz\u00e1s\u00e1ig. Irod.: [Nekrol\u00f3g] (N\u00fa., 2003. dec. 16.); inf. Kov\u00e1cs Zsuzsa, Sz\u0151nyi M\u00e1rta zenetan\u00e1rn\u0151kt\u0151l<\/p>\n","protected":false},"featured_media":0,"comment_status":"open","ping_status":"closed","template":"","meta":[],"product_brand":[],"product_cat":[137],"product_tag":[],"class_list":{"0":"post-12862","1":"product","2":"type-product","3":"status-publish","5":"product_cat-maros-megyei-eletrajzi-lexikon","7":"first","8":"instock","9":"shipping-taxable","10":"product-type-simple"},"_links":{"self":[{"href":"https:\/\/uj.adatbank.ro\/lexikon\/wp-json\/wp\/v2\/product\/12862","targetHints":{"allow":["GET"]}}],"collection":[{"href":"https:\/\/uj.adatbank.ro\/lexikon\/wp-json\/wp\/v2\/product"}],"about":[{"href":"https:\/\/uj.adatbank.ro\/lexikon\/wp-json\/wp\/v2\/types\/product"}],"replies":[{"embeddable":true,"href":"https:\/\/uj.adatbank.ro\/lexikon\/wp-json\/wp\/v2\/comments?post=12862"}],"wp:attachment":[{"href":"https:\/\/uj.adatbank.ro\/lexikon\/wp-json\/wp\/v2\/media?parent=12862"}],"wp:term":[{"taxonomy":"product_brand","embeddable":true,"href":"https:\/\/uj.adatbank.ro\/lexikon\/wp-json\/wp\/v2\/product_brand?post=12862"},{"taxonomy":"product_cat","embeddable":true,"href":"https:\/\/uj.adatbank.ro\/lexikon\/wp-json\/wp\/v2\/product_cat?post=12862"},{"taxonomy":"product_tag","embeddable":true,"href":"https:\/\/uj.adatbank.ro\/lexikon\/wp-json\/wp\/v2\/product_tag?post=12862"}],"curies":[{"name":"wp","href":"https:\/\/api.w.org\/{rel}","templated":true}]}}