{"id":12864,"date":"2025-06-29T14:41:49","date_gmt":"2025-06-29T12:41:49","guid":{"rendered":"https:\/\/uj.adatbank.ro\/lexikon\/termek\/kovacs-etelka-e\/"},"modified":"2025-06-29T14:41:49","modified_gmt":"2025-06-29T12:41:49","slug":"kovacs-etelka-e","status":"publish","type":"product","link":"https:\/\/uj.adatbank.ro\/lexikon\/termek\/kovacs-etelka-e\/","title":{"rendered":"KOV\u00c1CS Etelka E"},"content":{"rendered":"<p>? \u2020 ? : K. E. Gyula le\u00e1nya. &#8211; <strong>F. m.:<\/strong> <strong>szerk.:<\/strong> Ferenczi Zolt\u00e1n : E. Kov\u00e1cs Gyula k\u00f6ltem\u00e9nyei a k\u00f6lt\u0151 \u00e9letrajz\u00e1val (Kv., 1900). <br \/><strong>Irod.:<\/strong> F\u00fcl\u00f6p\u2013Ferencz<\/br><\/p>\n","protected":false},"excerpt":{"rendered":"<p>? \u2020 ? : K. E. Gyula le\u00e1nya. &#8211; F. m.: szerk.: Ferenczi Zolt\u00e1n : E. Kov\u00e1cs Gyula k\u00f6ltem\u00e9nyei a k\u00f6lt\u0151 \u00e9letrajz\u00e1val (Kv., 1900). Irod.: F\u00fcl\u00f6p\u2013Ferencz<\/p>\n","protected":false},"featured_media":0,"comment_status":"open","ping_status":"closed","template":"","meta":[],"product_brand":[],"product_cat":[137],"product_tag":[],"class_list":{"0":"post-12864","1":"product","2":"type-product","3":"status-publish","5":"product_cat-maros-megyei-eletrajzi-lexikon","7":"first","8":"instock","9":"shipping-taxable","10":"product-type-simple"},"_links":{"self":[{"href":"https:\/\/uj.adatbank.ro\/lexikon\/wp-json\/wp\/v2\/product\/12864","targetHints":{"allow":["GET"]}}],"collection":[{"href":"https:\/\/uj.adatbank.ro\/lexikon\/wp-json\/wp\/v2\/product"}],"about":[{"href":"https:\/\/uj.adatbank.ro\/lexikon\/wp-json\/wp\/v2\/types\/product"}],"replies":[{"embeddable":true,"href":"https:\/\/uj.adatbank.ro\/lexikon\/wp-json\/wp\/v2\/comments?post=12864"}],"wp:attachment":[{"href":"https:\/\/uj.adatbank.ro\/lexikon\/wp-json\/wp\/v2\/media?parent=12864"}],"wp:term":[{"taxonomy":"product_brand","embeddable":true,"href":"https:\/\/uj.adatbank.ro\/lexikon\/wp-json\/wp\/v2\/product_brand?post=12864"},{"taxonomy":"product_cat","embeddable":true,"href":"https:\/\/uj.adatbank.ro\/lexikon\/wp-json\/wp\/v2\/product_cat?post=12864"},{"taxonomy":"product_tag","embeddable":true,"href":"https:\/\/uj.adatbank.ro\/lexikon\/wp-json\/wp\/v2\/product_tag?post=12864"}],"curies":[{"name":"wp","href":"https:\/\/api.w.org\/{rel}","templated":true}]}}