{"id":12865,"date":"2025-06-29T14:41:51","date_gmt":"2025-06-29T12:41:51","guid":{"rendered":"https:\/\/uj.adatbank.ro\/lexikon\/termek\/kovacs-eva-sarolta\/"},"modified":"2025-06-29T14:41:51","modified_gmt":"2025-06-29T12:41:51","slug":"kovacs-eva-sarolta","status":"publish","type":"product","link":"https:\/\/uj.adatbank.ro\/lexikon\/termek\/kovacs-eva-sarolta\/","title":{"rendered":"KOV\u00c1CS \u00c9va Sarolta"},"content":{"rendered":"<p>K\u00e9zdiv\u00e1s\u00e1rhely, 1938. okt. 25., \u2020 P\u00e1pa, 2012. jan. 3.: orvos. \u2013 Dr. Szab\u00f3 J\u00f3zsef Dics\u0151szentm\u00e1rtonban seb\u00e9sz orvos feles\u00e9ge (1961\u2013). Gyermekeik: \u00c9va, orvos \u00e9s J\u00f3zsef \u00e1llatorvos. \u2013 K\u00e9zdiv\u00e1s\u00e1rhelyen, Segesv\u00e1ron \u00e9s Mv.-en volt k\u00f6z\u00e9piskol\u00e1s. Az orvosi egyetemet a MOGYI-n v\u00e9gezte (1961). K\u00f6rzeti orvos D\u00e1lnokon (1961\u20131962), \u00fczemorvos Dics\u0151szentm\u00e1rtonban (1962\u20131975) \u00e9s \u00fczemorvos Mv.-en nyugd\u00edjaz\u00e1s\u00e1ig (1975\u20131996). \u00c1ttelepedtek P\u00e1p\u00e1ra, a gyermekeik ut\u00e1n (2001). <br \/><strong>Irod.:<\/strong> B\u00e9rczes Judit<\/br><\/p>\n","protected":false},"excerpt":{"rendered":"<p>K\u00e9zdiv\u00e1s\u00e1rhely, 1938. okt. 25., \u2020 P\u00e1pa, 2012. jan. 3.: orvos. \u2013 Dr. Szab\u00f3 J\u00f3zsef Dics\u0151szentm\u00e1rtonban seb\u00e9sz orvos feles\u00e9ge (1961\u2013). Gyermekeik: \u00c9va, orvos \u00e9s J\u00f3zsef \u00e1llatorvos. \u2013 K\u00e9zdiv\u00e1s\u00e1rhelyen, Segesv\u00e1ron \u00e9s Mv.-en volt k\u00f6z\u00e9piskol\u00e1s. Az orvosi egyetemet a MOGYI-n v\u00e9gezte (1961). K\u00f6rzeti orvos D\u00e1lnokon (1961\u20131962), \u00fczemorvos Dics\u0151szentm\u00e1rtonban (1962\u20131975) \u00e9s \u00fczemorvos Mv.-en nyugd\u00edjaz\u00e1s\u00e1ig (1975\u20131996). \u00c1ttelepedtek P\u00e1p\u00e1ra, a gyermekeik [&hellip;]<\/p>\n","protected":false},"featured_media":0,"comment_status":"open","ping_status":"closed","template":"","meta":[],"product_brand":[],"product_cat":[137],"product_tag":[],"class_list":{"0":"post-12865","1":"product","2":"type-product","3":"status-publish","5":"product_cat-maros-megyei-eletrajzi-lexikon","7":"first","8":"instock","9":"shipping-taxable","10":"product-type-simple"},"_links":{"self":[{"href":"https:\/\/uj.adatbank.ro\/lexikon\/wp-json\/wp\/v2\/product\/12865","targetHints":{"allow":["GET"]}}],"collection":[{"href":"https:\/\/uj.adatbank.ro\/lexikon\/wp-json\/wp\/v2\/product"}],"about":[{"href":"https:\/\/uj.adatbank.ro\/lexikon\/wp-json\/wp\/v2\/types\/product"}],"replies":[{"embeddable":true,"href":"https:\/\/uj.adatbank.ro\/lexikon\/wp-json\/wp\/v2\/comments?post=12865"}],"wp:attachment":[{"href":"https:\/\/uj.adatbank.ro\/lexikon\/wp-json\/wp\/v2\/media?parent=12865"}],"wp:term":[{"taxonomy":"product_brand","embeddable":true,"href":"https:\/\/uj.adatbank.ro\/lexikon\/wp-json\/wp\/v2\/product_brand?post=12865"},{"taxonomy":"product_cat","embeddable":true,"href":"https:\/\/uj.adatbank.ro\/lexikon\/wp-json\/wp\/v2\/product_cat?post=12865"},{"taxonomy":"product_tag","embeddable":true,"href":"https:\/\/uj.adatbank.ro\/lexikon\/wp-json\/wp\/v2\/product_tag?post=12865"}],"curies":[{"name":"wp","href":"https:\/\/api.w.org\/{rel}","templated":true}]}}