{"id":12866,"date":"2025-06-29T14:41:53","date_gmt":"2025-06-29T12:41:53","guid":{"rendered":"https:\/\/uj.adatbank.ro\/lexikon\/termek\/kovacs-ferenc\/"},"modified":"2025-06-29T14:41:53","modified_gmt":"2025-06-29T12:41:53","slug":"kovacs-ferenc","status":"publish","type":"product","link":"https:\/\/uj.adatbank.ro\/lexikon\/termek\/kovacs-ferenc\/","title":{"rendered":"KOV\u00c1CS Ferenc"},"content":{"rendered":"<p>? \u2020 ? : szab\u00f3mester, esk\u00fcdt polg\u00e1r, f\u0151b\u00edr\u00f3. \u2013 Mv.-i szab\u00f3mester, v\u00e1rosi polg\u00e1r polg\u00e1r (1632), esk\u00fcdt (1646, 1648, 1650, 1651), v\u00e1rosb\u00edr\u00f3 (1653, 1655, 1657, 1658, 1659, 1662). A marosv\u00e1s\u00e1rhelyi tan\u00e1cs Apafi Mih\u00e1lyt \u00e9rtes\u00edti, hogy a t\u00f6r\u00f6k\u00f6k gondatlans\u00e1ga miatt v\u00e1rosuk egyr\u00e9sze le\u00e9gett s k\u00e9rik a t\u00f6r\u00f6k hadak elt\u00e1vol\u00edttat\u00e1s\u00e1t (Kelt 1662. m\u00e1rcz. 14). <br \/><strong>Irod.:<\/strong> Kraus: Erd\u00e9lyi kr\u00f3nika; P\u00e1l-Antal 2006; SzOkl, 6<\/br><\/p>\n","protected":false},"excerpt":{"rendered":"<p>? \u2020 ? : szab\u00f3mester, esk\u00fcdt polg\u00e1r, f\u0151b\u00edr\u00f3. \u2013 Mv.-i szab\u00f3mester, v\u00e1rosi polg\u00e1r polg\u00e1r (1632), esk\u00fcdt (1646, 1648, 1650, 1651), v\u00e1rosb\u00edr\u00f3 (1653, 1655, 1657, 1658, 1659, 1662). A marosv\u00e1s\u00e1rhelyi tan\u00e1cs Apafi Mih\u00e1lyt \u00e9rtes\u00edti, hogy a t\u00f6r\u00f6k\u00f6k gondatlans\u00e1ga miatt v\u00e1rosuk egyr\u00e9sze le\u00e9gett s k\u00e9rik a t\u00f6r\u00f6k hadak elt\u00e1vol\u00edttat\u00e1s\u00e1t (Kelt 1662. m\u00e1rcz. 14). Irod.: Kraus: Erd\u00e9lyi kr\u00f3nika; [&hellip;]<\/p>\n","protected":false},"featured_media":0,"comment_status":"open","ping_status":"closed","template":"","meta":[],"product_brand":[],"product_cat":[137],"product_tag":[],"class_list":{"0":"post-12866","1":"product","2":"type-product","3":"status-publish","5":"product_cat-maros-megyei-eletrajzi-lexikon","7":"first","8":"instock","9":"shipping-taxable","10":"product-type-simple"},"_links":{"self":[{"href":"https:\/\/uj.adatbank.ro\/lexikon\/wp-json\/wp\/v2\/product\/12866","targetHints":{"allow":["GET"]}}],"collection":[{"href":"https:\/\/uj.adatbank.ro\/lexikon\/wp-json\/wp\/v2\/product"}],"about":[{"href":"https:\/\/uj.adatbank.ro\/lexikon\/wp-json\/wp\/v2\/types\/product"}],"replies":[{"embeddable":true,"href":"https:\/\/uj.adatbank.ro\/lexikon\/wp-json\/wp\/v2\/comments?post=12866"}],"wp:attachment":[{"href":"https:\/\/uj.adatbank.ro\/lexikon\/wp-json\/wp\/v2\/media?parent=12866"}],"wp:term":[{"taxonomy":"product_brand","embeddable":true,"href":"https:\/\/uj.adatbank.ro\/lexikon\/wp-json\/wp\/v2\/product_brand?post=12866"},{"taxonomy":"product_cat","embeddable":true,"href":"https:\/\/uj.adatbank.ro\/lexikon\/wp-json\/wp\/v2\/product_cat?post=12866"},{"taxonomy":"product_tag","embeddable":true,"href":"https:\/\/uj.adatbank.ro\/lexikon\/wp-json\/wp\/v2\/product_tag?post=12866"}],"curies":[{"name":"wp","href":"https:\/\/api.w.org\/{rel}","templated":true}]}}