{"id":12871,"date":"2025-06-29T14:42:06","date_gmt":"2025-06-29T12:42:06","guid":{"rendered":"https:\/\/uj.adatbank.ro\/lexikon\/termek\/kovacs-ferenc-6\/"},"modified":"2025-06-29T14:42:06","modified_gmt":"2025-06-29T12:42:06","slug":"kovacs-ferenc-6","status":"publish","type":"product","link":"https:\/\/uj.adatbank.ro\/lexikon\/termek\/kovacs-ferenc-6\/","title":{"rendered":"KOV\u00c1CS Ferenc"},"content":{"rendered":"<p>Zilah, 1875., \u2020 ?: sz\u00e1szr\u00e9geni kir. telekk\u00f6nyvezet\u0151. \u2013K\u00f6z\u00e9piskol\u00e1it Nagyenyeden \u00e9s Gyulafeh\u00e9rv\u00e1ron v\u00e9gezte, majd telekk\u00f6nyvi szakvizsg\u00e1t tett (1898). Vizakn\u00e1n, Bal\u00e1zsfalv\u00e1n, Gyulafeh\u00e9rv\u00e1ron telekk\u00f6nyvvezet\u0151, majd igazgat\u00f3i rangban a sz\u00e1szr\u00e9geni telekk\u00f6nyvi hivatal vezet\u0151je lett. Sokat f\u00e1radozott a k\u00f6z \u00e9rdek\u00e9ben \u2013 a ref. egyh\u00e1z presbitere, a M. Polg\u00e1ri Dalk\u00f6r aleln\u00f6ke, \u00e9s a Dalk\u00f6r m\u0171kedvel\u0151 t\u00e1rsulat\u00e1nak eln\u00f6ke, a Magyar Kaszin\u00f3 \u00e9s m\u00e1s t\u00e1rsadalmi \u00e9s kultur\u00e1lis egyes\u00fclet tagja volt. Szakcikkei jelentek meg k\u00fcl\u00f6mb\u00f6z\u0151 szaklapokban. &#8211;<br \/><strong>Irod.:<\/strong> Ki kicsoda?<\/br><\/p>\n","protected":false},"excerpt":{"rendered":"<p>Zilah, 1875., \u2020 ?: sz\u00e1szr\u00e9geni kir. telekk\u00f6nyvezet\u0151. \u2013K\u00f6z\u00e9piskol\u00e1it Nagyenyeden \u00e9s Gyulafeh\u00e9rv\u00e1ron v\u00e9gezte, majd telekk\u00f6nyvi szakvizsg\u00e1t tett (1898). Vizakn\u00e1n, Bal\u00e1zsfalv\u00e1n, Gyulafeh\u00e9rv\u00e1ron telekk\u00f6nyvvezet\u0151, majd igazgat\u00f3i rangban a sz\u00e1szr\u00e9geni telekk\u00f6nyvi hivatal vezet\u0151je lett. Sokat f\u00e1radozott a k\u00f6z \u00e9rdek\u00e9ben \u2013 a ref. egyh\u00e1z presbitere, a M. Polg\u00e1ri Dalk\u00f6r aleln\u00f6ke, \u00e9s a Dalk\u00f6r m\u0171kedvel\u0151 t\u00e1rsulat\u00e1nak eln\u00f6ke, a Magyar Kaszin\u00f3 \u00e9s [&hellip;]<\/p>\n","protected":false},"featured_media":0,"comment_status":"open","ping_status":"closed","template":"","meta":[],"product_brand":[],"product_cat":[137],"product_tag":[],"class_list":{"0":"post-12871","1":"product","2":"type-product","3":"status-publish","5":"product_cat-maros-megyei-eletrajzi-lexikon","7":"first","8":"instock","9":"shipping-taxable","10":"product-type-simple"},"_links":{"self":[{"href":"https:\/\/uj.adatbank.ro\/lexikon\/wp-json\/wp\/v2\/product\/12871","targetHints":{"allow":["GET"]}}],"collection":[{"href":"https:\/\/uj.adatbank.ro\/lexikon\/wp-json\/wp\/v2\/product"}],"about":[{"href":"https:\/\/uj.adatbank.ro\/lexikon\/wp-json\/wp\/v2\/types\/product"}],"replies":[{"embeddable":true,"href":"https:\/\/uj.adatbank.ro\/lexikon\/wp-json\/wp\/v2\/comments?post=12871"}],"wp:attachment":[{"href":"https:\/\/uj.adatbank.ro\/lexikon\/wp-json\/wp\/v2\/media?parent=12871"}],"wp:term":[{"taxonomy":"product_brand","embeddable":true,"href":"https:\/\/uj.adatbank.ro\/lexikon\/wp-json\/wp\/v2\/product_brand?post=12871"},{"taxonomy":"product_cat","embeddable":true,"href":"https:\/\/uj.adatbank.ro\/lexikon\/wp-json\/wp\/v2\/product_cat?post=12871"},{"taxonomy":"product_tag","embeddable":true,"href":"https:\/\/uj.adatbank.ro\/lexikon\/wp-json\/wp\/v2\/product_tag?post=12871"}],"curies":[{"name":"wp","href":"https:\/\/api.w.org\/{rel}","templated":true}]}}