{"id":12872,"date":"2025-06-29T14:42:08","date_gmt":"2025-06-29T12:42:08","guid":{"rendered":"https:\/\/uj.adatbank.ro\/lexikon\/termek\/kovacs-ferenc-7\/"},"modified":"2025-06-29T14:42:08","modified_gmt":"2025-06-29T12:42:08","slug":"kovacs-ferenc-7","status":"publish","type":"product","link":"https:\/\/uj.adatbank.ro\/lexikon\/termek\/kovacs-ferenc-7\/","title":{"rendered":"KOV\u00c1CS Ferenc"},"content":{"rendered":"<p>Sz\u00e9kelyudvarhely, 1892. nov. 25., \u2020 Sz\u00e9kelyudvarhely, 1950. nov. 2.: r. k. pap. \u2013 Sz\u00e9kelyudvarhelyen \u00e9s Gyulafeh\u00e9rv\u00e1ron tanult. Papp\u00e1 szentelt\u00e9k (1917. j\u00fal. 2.). K\u00e1pl\u00e1n Cs\u00edkszentgy\u00f6rgy\u00f6n, Gyergy\u00f3remet\u00e9n, Gyergy\u00f3\u00fajfaluban. Lelkip\u00e1sztor Sz\u00e9kelyvars\u00e1gon (1922), Ny\u00e1r\u00e1dsely\u00e9n (1929), B\u00f6z\u00f6d\u00fajfaluban (1931), Szentdemeteren (1933), itt So\u00f3 D\u00e9nest k\u00f6vette (1932). Sz\u00e9kelyv\u00e9ckei pl\u00e9b\u00e1nos (1933\u201339), majd Homor\u00f3dremet\u00e9n (1940\u201350). <br \/><strong>Irod.:<\/strong> Ferenczi S\u00e1ndor 2009; Maros-k\u00fck\u00fcll\u0151i f\u0151esp.<\/br><\/p>\n","protected":false},"excerpt":{"rendered":"<p>Sz\u00e9kelyudvarhely, 1892. nov. 25., \u2020 Sz\u00e9kelyudvarhely, 1950. nov. 2.: r. k. pap. \u2013 Sz\u00e9kelyudvarhelyen \u00e9s Gyulafeh\u00e9rv\u00e1ron tanult. Papp\u00e1 szentelt\u00e9k (1917. j\u00fal. 2.). K\u00e1pl\u00e1n Cs\u00edkszentgy\u00f6rgy\u00f6n, Gyergy\u00f3remet\u00e9n, Gyergy\u00f3\u00fajfaluban. Lelkip\u00e1sztor Sz\u00e9kelyvars\u00e1gon (1922), Ny\u00e1r\u00e1dsely\u00e9n (1929), B\u00f6z\u00f6d\u00fajfaluban (1931), Szentdemeteren (1933), itt So\u00f3 D\u00e9nest k\u00f6vette (1932). Sz\u00e9kelyv\u00e9ckei pl\u00e9b\u00e1nos (1933\u201339), majd Homor\u00f3dremet\u00e9n (1940\u201350). Irod.: Ferenczi S\u00e1ndor 2009; Maros-k\u00fck\u00fcll\u0151i f\u0151esp.<\/p>\n","protected":false},"featured_media":0,"comment_status":"open","ping_status":"closed","template":"","meta":[],"product_brand":[],"product_cat":[137],"product_tag":[],"class_list":{"0":"post-12872","1":"product","2":"type-product","3":"status-publish","5":"product_cat-maros-megyei-eletrajzi-lexikon","7":"first","8":"instock","9":"shipping-taxable","10":"product-type-simple"},"_links":{"self":[{"href":"https:\/\/uj.adatbank.ro\/lexikon\/wp-json\/wp\/v2\/product\/12872","targetHints":{"allow":["GET"]}}],"collection":[{"href":"https:\/\/uj.adatbank.ro\/lexikon\/wp-json\/wp\/v2\/product"}],"about":[{"href":"https:\/\/uj.adatbank.ro\/lexikon\/wp-json\/wp\/v2\/types\/product"}],"replies":[{"embeddable":true,"href":"https:\/\/uj.adatbank.ro\/lexikon\/wp-json\/wp\/v2\/comments?post=12872"}],"wp:attachment":[{"href":"https:\/\/uj.adatbank.ro\/lexikon\/wp-json\/wp\/v2\/media?parent=12872"}],"wp:term":[{"taxonomy":"product_brand","embeddable":true,"href":"https:\/\/uj.adatbank.ro\/lexikon\/wp-json\/wp\/v2\/product_brand?post=12872"},{"taxonomy":"product_cat","embeddable":true,"href":"https:\/\/uj.adatbank.ro\/lexikon\/wp-json\/wp\/v2\/product_cat?post=12872"},{"taxonomy":"product_tag","embeddable":true,"href":"https:\/\/uj.adatbank.ro\/lexikon\/wp-json\/wp\/v2\/product_tag?post=12872"}],"curies":[{"name":"wp","href":"https:\/\/api.w.org\/{rel}","templated":true}]}}