{"id":12873,"date":"2025-06-29T14:42:10","date_gmt":"2025-06-29T12:42:10","guid":{"rendered":"https:\/\/uj.adatbank.ro\/lexikon\/termek\/kovacs-ferenc-8\/"},"modified":"2025-06-29T14:42:10","modified_gmt":"2025-06-29T12:42:10","slug":"kovacs-ferenc-8","status":"publish","type":"product","link":"https:\/\/uj.adatbank.ro\/lexikon\/termek\/kovacs-ferenc-8\/","title":{"rendered":"KOV\u00c1CS Ferenc"},"content":{"rendered":"<p>1907., \u2020 1959. \u2013 <strong>F. m.:<\/strong> Iratosi kertek alatt. Kisiratosi n\u00e9pk\u00f6lt\u00e9szet. gy\u0171jt\u00f6tte, Bk., 1958. ez az egy munk\u00e1ja van, ez Farag\u00f3n\u00e1l szerepel. ROMIL 3: 156. <br \/><strong>Irod.:<\/strong> Kusz\u00e1lik<\/br><\/p>\n","protected":false},"excerpt":{"rendered":"<p>1907., \u2020 1959. \u2013 F. m.: Iratosi kertek alatt. Kisiratosi n\u00e9pk\u00f6lt\u00e9szet. gy\u0171jt\u00f6tte, Bk., 1958. ez az egy munk\u00e1ja van, ez Farag\u00f3n\u00e1l szerepel. ROMIL 3: 156. Irod.: Kusz\u00e1lik<\/p>\n","protected":false},"featured_media":0,"comment_status":"open","ping_status":"closed","template":"","meta":[],"product_brand":[],"product_cat":[137],"product_tag":[],"class_list":{"0":"post-12873","1":"product","2":"type-product","3":"status-publish","5":"product_cat-maros-megyei-eletrajzi-lexikon","7":"first","8":"instock","9":"shipping-taxable","10":"product-type-simple"},"_links":{"self":[{"href":"https:\/\/uj.adatbank.ro\/lexikon\/wp-json\/wp\/v2\/product\/12873","targetHints":{"allow":["GET"]}}],"collection":[{"href":"https:\/\/uj.adatbank.ro\/lexikon\/wp-json\/wp\/v2\/product"}],"about":[{"href":"https:\/\/uj.adatbank.ro\/lexikon\/wp-json\/wp\/v2\/types\/product"}],"replies":[{"embeddable":true,"href":"https:\/\/uj.adatbank.ro\/lexikon\/wp-json\/wp\/v2\/comments?post=12873"}],"wp:attachment":[{"href":"https:\/\/uj.adatbank.ro\/lexikon\/wp-json\/wp\/v2\/media?parent=12873"}],"wp:term":[{"taxonomy":"product_brand","embeddable":true,"href":"https:\/\/uj.adatbank.ro\/lexikon\/wp-json\/wp\/v2\/product_brand?post=12873"},{"taxonomy":"product_cat","embeddable":true,"href":"https:\/\/uj.adatbank.ro\/lexikon\/wp-json\/wp\/v2\/product_cat?post=12873"},{"taxonomy":"product_tag","embeddable":true,"href":"https:\/\/uj.adatbank.ro\/lexikon\/wp-json\/wp\/v2\/product_tag?post=12873"}],"curies":[{"name":"wp","href":"https:\/\/api.w.org\/{rel}","templated":true}]}}