{"id":12874,"date":"2025-06-29T14:42:13","date_gmt":"2025-06-29T12:42:13","guid":{"rendered":"https:\/\/uj.adatbank.ro\/lexikon\/termek\/kovacs-ferenc-9\/"},"modified":"2025-06-29T14:42:13","modified_gmt":"2025-06-29T12:42:13","slug":"kovacs-ferenc-9","status":"publish","type":"product","link":"https:\/\/uj.adatbank.ro\/lexikon\/termek\/kovacs-ferenc-9\/","title":{"rendered":"KOV\u00c1CS Ferenc"},"content":{"rendered":"<p>Mv., 1912., \u2020 Mv., 1996. aug. 27.: orvos. \u2013Szegeden v\u00e9gezte az orvosi egyetemet. A mv.-i Fert\u0151z\u0151 Betegs\u00e9gek Klinik\u00e1j\u00e1nak tan\u00e1rseg\u00e9de, majd f\u0151orvosa. Bp.-en a Kor\u00e1nyi klinik\u00e1n dolgozik \u00e9s f\u0151orvosi c\u00edmet kap. Franciaorsz\u00e1gban, Sv\u00e1jcban \u00e9s Olaszorsz\u00e9gban t\u00fcd\u0151gy\u00f3gy\u00e1szati tapaszsztaltcser\u00e9n m\u00e9ly\u00edtette ismereteit. <br \/><strong>Irod.:<\/strong> Dezs\u0151 Istv\u00e1n; Genersich; [Nekrol\u00f3g.; N\u00fa. ]; Kiss\u2013P\u00e9terffy\u2013P\u00e9terffy<\/br><\/p>\n","protected":false},"excerpt":{"rendered":"<p>Mv., 1912., \u2020 Mv., 1996. aug. 27.: orvos. \u2013Szegeden v\u00e9gezte az orvosi egyetemet. A mv.-i Fert\u0151z\u0151 Betegs\u00e9gek Klinik\u00e1j\u00e1nak tan\u00e1rseg\u00e9de, majd f\u0151orvosa. Bp.-en a Kor\u00e1nyi klinik\u00e1n dolgozik \u00e9s f\u0151orvosi c\u00edmet kap. Franciaorsz\u00e1gban, Sv\u00e1jcban \u00e9s Olaszorsz\u00e9gban t\u00fcd\u0151gy\u00f3gy\u00e1szati tapaszsztaltcser\u00e9n m\u00e9ly\u00edtette ismereteit. Irod.: Dezs\u0151 Istv\u00e1n; Genersich; [Nekrol\u00f3g.; N\u00fa. ]; Kiss\u2013P\u00e9terffy\u2013P\u00e9terffy<\/p>\n","protected":false},"featured_media":0,"comment_status":"open","ping_status":"closed","template":"","meta":[],"product_brand":[],"product_cat":[137],"product_tag":[],"class_list":{"0":"post-12874","1":"product","2":"type-product","3":"status-publish","5":"product_cat-maros-megyei-eletrajzi-lexikon","7":"first","8":"instock","9":"shipping-taxable","10":"product-type-simple"},"_links":{"self":[{"href":"https:\/\/uj.adatbank.ro\/lexikon\/wp-json\/wp\/v2\/product\/12874","targetHints":{"allow":["GET"]}}],"collection":[{"href":"https:\/\/uj.adatbank.ro\/lexikon\/wp-json\/wp\/v2\/product"}],"about":[{"href":"https:\/\/uj.adatbank.ro\/lexikon\/wp-json\/wp\/v2\/types\/product"}],"replies":[{"embeddable":true,"href":"https:\/\/uj.adatbank.ro\/lexikon\/wp-json\/wp\/v2\/comments?post=12874"}],"wp:attachment":[{"href":"https:\/\/uj.adatbank.ro\/lexikon\/wp-json\/wp\/v2\/media?parent=12874"}],"wp:term":[{"taxonomy":"product_brand","embeddable":true,"href":"https:\/\/uj.adatbank.ro\/lexikon\/wp-json\/wp\/v2\/product_brand?post=12874"},{"taxonomy":"product_cat","embeddable":true,"href":"https:\/\/uj.adatbank.ro\/lexikon\/wp-json\/wp\/v2\/product_cat?post=12874"},{"taxonomy":"product_tag","embeddable":true,"href":"https:\/\/uj.adatbank.ro\/lexikon\/wp-json\/wp\/v2\/product_tag?post=12874"}],"curies":[{"name":"wp","href":"https:\/\/api.w.org\/{rel}","templated":true}]}}