{"id":12875,"date":"2025-06-29T14:42:15","date_gmt":"2025-06-29T12:42:15","guid":{"rendered":"https:\/\/uj.adatbank.ro\/lexikon\/termek\/kovacs-ferenc-10\/"},"modified":"2025-06-29T14:42:15","modified_gmt":"2025-06-29T12:42:15","slug":"kovacs-ferenc-10","status":"publish","type":"product","link":"https:\/\/uj.adatbank.ro\/lexikon\/termek\/kovacs-ferenc-10\/","title":{"rendered":"KOV\u00c1CS Ferenc"},"content":{"rendered":"<p>? \u2020 ?: ref. lelk\u00e9sz. \u2013 Ny\u00e1r\u00e1dsely\u00e9ben volt lelk\u00e9sz (1967\u20131972): el\u0151zetsen Kack\u00f3n (Kolozs) szolg\u00e1lt. Sely\u00e9ben nagy tiszteletnek \u00e9s megbecs\u00fcl\u00e9snek \u00f6rvendett. Addig nem hagyta el h\u00edveit, am\u00edg az omladoz\u00f3 tornyot \u00fajj\u00e1 nem \u00e9p\u00edtette, pedig m\u00e1s gy\u00fclekezet m\u00e1r megh\u00edvta azel\u0151tt. &#8211;<br \/><strong>Irod.:<\/strong> Ny\u00e1r\u00e1dselye \u00e9s egyh\u00e1zai<\/br><\/p>\n","protected":false},"excerpt":{"rendered":"<p>? \u2020 ?: ref. lelk\u00e9sz. \u2013 Ny\u00e1r\u00e1dsely\u00e9ben volt lelk\u00e9sz (1967\u20131972): el\u0151zetsen Kack\u00f3n (Kolozs) szolg\u00e1lt. Sely\u00e9ben nagy tiszteletnek \u00e9s megbecs\u00fcl\u00e9snek \u00f6rvendett. Addig nem hagyta el h\u00edveit, am\u00edg az omladoz\u00f3 tornyot \u00fajj\u00e1 nem \u00e9p\u00edtette, pedig m\u00e1s gy\u00fclekezet m\u00e1r megh\u00edvta azel\u0151tt. &#8211;Irod.: Ny\u00e1r\u00e1dselye \u00e9s egyh\u00e1zai<\/p>\n","protected":false},"featured_media":0,"comment_status":"open","ping_status":"closed","template":"","meta":[],"product_brand":[],"product_cat":[137],"product_tag":[],"class_list":{"0":"post-12875","1":"product","2":"type-product","3":"status-publish","5":"product_cat-maros-megyei-eletrajzi-lexikon","7":"first","8":"instock","9":"shipping-taxable","10":"product-type-simple"},"_links":{"self":[{"href":"https:\/\/uj.adatbank.ro\/lexikon\/wp-json\/wp\/v2\/product\/12875","targetHints":{"allow":["GET"]}}],"collection":[{"href":"https:\/\/uj.adatbank.ro\/lexikon\/wp-json\/wp\/v2\/product"}],"about":[{"href":"https:\/\/uj.adatbank.ro\/lexikon\/wp-json\/wp\/v2\/types\/product"}],"replies":[{"embeddable":true,"href":"https:\/\/uj.adatbank.ro\/lexikon\/wp-json\/wp\/v2\/comments?post=12875"}],"wp:attachment":[{"href":"https:\/\/uj.adatbank.ro\/lexikon\/wp-json\/wp\/v2\/media?parent=12875"}],"wp:term":[{"taxonomy":"product_brand","embeddable":true,"href":"https:\/\/uj.adatbank.ro\/lexikon\/wp-json\/wp\/v2\/product_brand?post=12875"},{"taxonomy":"product_cat","embeddable":true,"href":"https:\/\/uj.adatbank.ro\/lexikon\/wp-json\/wp\/v2\/product_cat?post=12875"},{"taxonomy":"product_tag","embeddable":true,"href":"https:\/\/uj.adatbank.ro\/lexikon\/wp-json\/wp\/v2\/product_tag?post=12875"}],"curies":[{"name":"wp","href":"https:\/\/api.w.org\/{rel}","templated":true}]}}