{"id":12877,"date":"2025-06-29T14:42:17","date_gmt":"2025-06-29T12:42:17","guid":{"rendered":"https:\/\/uj.adatbank.ro\/lexikon\/termek\/kovacs-ferenc-%c2%a7\/"},"modified":"2025-06-29T14:42:17","modified_gmt":"2025-06-29T12:42:17","slug":"kovacs-ferenc-%c2%a7","status":"publish","type":"product","link":"https:\/\/uj.adatbank.ro\/lexikon\/termek\/kovacs-ferenc-%c2%a7\/","title":{"rendered":"KOV\u00c1CS Ferenc, \u00a7"},"content":{"rendered":"<p>Maross\u00e1rpatak, 1927. jan. 2., \u2020 Mv., 2006. m\u00e1rc. 31.: dramaturg, rendez\u0151, m\u0171ford\u00edt\u00f3. \u2013 K\u00f6z\u00e9piskol\u00e1t a mv.-i Ref. Koll.-ban \u00e9retts\u00e9gizett (1946); a kv.-i BTE filol\u00f3gia kar\u00e1n szerzett m. nyelv \u00e9s irodalom szakos diplom\u00e1t (1950). P\u00e1ly\u00e1j\u00e1t az Utunk szerkeszt\u0151s\u00e9g\u00e9ben kezdte (1950\u201351), ezut\u00e1n a Nagyb\u00e1nyai \u00c1llami Sz\u00ednh\u00e1z (1953\u201356), annak \u00e1tk\u00f6lt\u00f6z\u00e9s\u00e9vel Szatm\u00e1ron az \u00c1llami Sz\u00ednh\u00e1z titk\u00e1ra, dramaturgja (1956\u201368), majd rendez\u0151je. Sz\u00ednh\u00e1zelm\u00e9leti szakcikkeit az Utunk, Igaz Sz\u00f3, El\u0151re A H\u00e9t \u2013 k\u00f6z\u00f6lte. Rom\u00e1n szerz\u0151k darabjait ford\u00edtotta m. -ra. Feles\u00e9ge Elekes Emma, fia KAF. &#8211; <strong>F. r.:<\/strong>: Osborne: N\u00e9zz vissza haraggal; Anouilh: Becket; Camus: Caligula; Csehov: Sir\u00e1ly; H\u00e1rom n\u0151v\u00e9r; Pirandello: IV. Henrik; N\u00e9meth L\u00e1szl\u00f3: A k\u00e9t Bolyai; Miller: B\u00fcnbees\u00e9s ut\u00e1n; Gorkij: \u00c9jjeli mened\u00e9khely; Moliere: Tartuffe; Mrozek: Tang\u00f3; Achard: A bolond l\u00e1ny; K\u00e1ny\u00e1di S.: \u00dcnnepek h\u00e1za ; Albee: Nem f\u00e9l\u00fcnk a farkast\u00f3l, valamint Vampilov, Majakovszkij, Sz\u00e9kely J\u00e1nos, Kocsis Istv\u00e1n darabjai; \u2013 ford : M. Sebastian: Vak\u00e1ci\u00f3sdi, P. Everac: L\u00e1thatatlan staf\u00e9ta \u00e9s V\u00e9letlen tal\u00e1lkoz\u00e1sok, A. Baranga: Egy asszony \u00e9lete, Legyen eszed Cristofor =  Mai rom\u00e1n dr\u00e1m\u00e1k. ( A k\u00f6tetet \u00f6ssze\u00e1ll\u00edtotta, az el\u0151sz\u00f3t \u00e9s az \u00e9letrajzi jegyzetek \u00edrta: Const. Culbe\u015fan; Kv., 1975); Dina Cocea: A csal\u00e1d. <br \/><strong>Irod.:<\/strong> Berekm\u00e9ri\u2013G\u00e1lfi; A H\u00e9t \u00e9vk. (1982); Katona Szab\u00f3 Istv\u00e1n: Az \u00daj \u00c9let lexikona, 93. (\u00daj \u00c9let, 9. sz. 1974.); MSZL; Nagy P\u00e1l: Kort\u00e1rs dr\u00e1ma, v\u00e1ltoz\u00f3 ig\u00e9nyek \u2013 mai sz\u00ednj\u00e1tsz\u00e1s (\u00daj \u00c9let, 23. sz., 1980); [Nekrol\u00f3g] (N\u00fa., 2006. \u00e1pr. 4.); RMIL<\/br><\/p>\n","protected":false},"excerpt":{"rendered":"<p>Maross\u00e1rpatak, 1927. jan. 2., \u2020 Mv., 2006. m\u00e1rc. 31.: dramaturg, rendez\u0151, m\u0171ford\u00edt\u00f3. \u2013 K\u00f6z\u00e9piskol\u00e1t a mv.-i Ref. Koll.-ban \u00e9retts\u00e9gizett (1946); a kv.-i BTE filol\u00f3gia kar\u00e1n szerzett m. nyelv \u00e9s irodalom szakos diplom\u00e1t (1950). P\u00e1ly\u00e1j\u00e1t az Utunk szerkeszt\u0151s\u00e9g\u00e9ben kezdte (1950\u201351), ezut\u00e1n a Nagyb\u00e1nyai \u00c1llami Sz\u00ednh\u00e1z (1953\u201356), annak \u00e1tk\u00f6lt\u00f6z\u00e9s\u00e9vel Szatm\u00e1ron az \u00c1llami Sz\u00ednh\u00e1z titk\u00e1ra, dramaturgja (1956\u201368), majd [&hellip;]<\/p>\n","protected":false},"featured_media":0,"comment_status":"open","ping_status":"closed","template":"","meta":[],"product_brand":[],"product_cat":[137],"product_tag":[],"class_list":{"0":"post-12877","1":"product","2":"type-product","3":"status-publish","5":"product_cat-maros-megyei-eletrajzi-lexikon","7":"first","8":"instock","9":"shipping-taxable","10":"product-type-simple"},"_links":{"self":[{"href":"https:\/\/uj.adatbank.ro\/lexikon\/wp-json\/wp\/v2\/product\/12877","targetHints":{"allow":["GET"]}}],"collection":[{"href":"https:\/\/uj.adatbank.ro\/lexikon\/wp-json\/wp\/v2\/product"}],"about":[{"href":"https:\/\/uj.adatbank.ro\/lexikon\/wp-json\/wp\/v2\/types\/product"}],"replies":[{"embeddable":true,"href":"https:\/\/uj.adatbank.ro\/lexikon\/wp-json\/wp\/v2\/comments?post=12877"}],"wp:attachment":[{"href":"https:\/\/uj.adatbank.ro\/lexikon\/wp-json\/wp\/v2\/media?parent=12877"}],"wp:term":[{"taxonomy":"product_brand","embeddable":true,"href":"https:\/\/uj.adatbank.ro\/lexikon\/wp-json\/wp\/v2\/product_brand?post=12877"},{"taxonomy":"product_cat","embeddable":true,"href":"https:\/\/uj.adatbank.ro\/lexikon\/wp-json\/wp\/v2\/product_cat?post=12877"},{"taxonomy":"product_tag","embeddable":true,"href":"https:\/\/uj.adatbank.ro\/lexikon\/wp-json\/wp\/v2\/product_tag?post=12877"}],"curies":[{"name":"wp","href":"https:\/\/api.w.org\/{rel}","templated":true}]}}