{"id":12878,"date":"2025-06-29T14:42:19","date_gmt":"2025-06-29T12:42:19","guid":{"rendered":"https:\/\/uj.adatbank.ro\/lexikon\/termek\/kovacs-ferenc-%c2%a7-kovats-schmidt-iroi-alnevei-fehervari-o-k-f\/"},"modified":"2025-06-29T14:42:19","modified_gmt":"2025-06-29T12:42:19","slug":"kovacs-ferenc-%c2%a7-kovats-schmidt-iroi-alnevei-fehervari-o-k-f","status":"publish","type":"product","link":"https:\/\/uj.adatbank.ro\/lexikon\/termek\/kovacs-ferenc-%c2%a7-kovats-schmidt-iroi-alnevei-fehervari-o-k-f\/","title":{"rendered":"KOV\u00c1CS Ferenc, \u00a7 Kov\u00e1ts; Schmidt, \u00edr\u00f3i \u00e1lnevei: Feh\u00e9rv\u00e1ri, -o-, K. F."},"content":{"rendered":"<p>K\u0151halom, 1837. nov. 25., \u2020 Mv., 1899. j\u00fal. 2.: r. k. f\u0151esperes ap\u00e1t-pl\u00e9b\u00e1nos, p\u00e1pai prel\u00e1tus, tan\u00e1r. \u2013 A b\u00e9csi Pazmanaeumban v\u00e9gezte teol\u00f3giai tanulm\u00e1nyait, papp\u00e1 szentelt\u00e9k (1860). Hazat\u00e9r\u00e9se ut\u00e1n Haynald Lajos p\u00fcsp\u00f6k udvari papja, majd Gyulafeh\u00e9rv\u00e1ron f\u0151gimn.-i (1862\u2013), majd teol\u00f3giai tan\u00e1r a p\u00fcsp\u00f6ki papneveld\u00e9ben (1872\u2013) \u00e9s a Batthyanaeum k\u00f6nyvt\u00e1r \u0151re \u00e9s a csillagvizsg\u00e1l\u00f3 seg\u00e9d\u0151re (1872\u201374); szentsz\u00e9ki \u00fcln\u00f6k lett (1865), zsinati vizsg\u00e1l\u00f3 az alaphittani tudom\u00e1nyokb\u00f3l (1866). Teol\u00f3giai tan\u00e1r kor\u00e1ban r\u00e9szt vett Imets F\u00fcl\u00f6p \u00e9s Veszely K\u00e1roly koll\u00e9g\u00e1ival a Szent L\u00e1szl\u00f3 T\u00e1rsulat szervezte moldovai \u00e9s havasalf\u00f6ldi utaz\u00e1son, amelyr\u0151l \u00fatle\u00edr\u00e1st is megjelentettek (1868). Mv.-i pl\u00e9b\u00e1nos (1874\u20131899) egy\u00fattal ker\u00fcleti f\u0151esperes. A korm\u00e1ny, azzal a felt\u00e9tellel, hogy a t\u00f6rv\u00e9nyhat\u00f3s\u00e1gi gy\u0171l\u00e9seken az \u00faj egyh\u00e1zpolitikai t\u00f6rv\u00e9nyeket t\u00e1mogatja, f\u00f6lk\u00edn\u00e1lta neki a rozsny\u00f3i p\u00fcsp\u00f6ks\u00e9get, de \u0151 nem fogadta el (1895). A szent Egyedr\u0151l elnevezett b\u00e1rtfai cimzetes ap\u00e1tt\u00e1 nevezt\u00e9k ki (1880). Tagja az erd\u00e9lyi R. K. Status igazgat\u00f3tan\u00e1cs\u00e1nak. Tev\u00e9kenys\u00e9ge egybeesett Mv. modern v\u00e1ross\u00e1 v\u00e1l\u00e1s\u00e1nak els\u0151 szakasz\u00e1val. Lelkip\u00e1sztori munk\u00e1ja mellett f\u0151 gondja a kat. iskola-\u00fcgy volt. A kat. gimn-ot f\u0151gimn. -m\u00e1 fejlesztette. Gy\u0171jt\u00e9sb\u0151l \u00e9s a Fogarasy-alap\u00edtv\u00e1ny megszerz\u00e9s\u00e9b\u0151l modern le\u00e1nyisk-t \u00e9p\u00edtett, s a ferences n\u0151v\u00e9rekre b\u00edzta. A Sancta M\u00e1ria z\u00e1rdaint\u00e9zet (1891\u201393 \u00e9p\u00fclt), Jelinek Antal v\u00e1rosi m\u00e9rn\u00f6k tervei alapj\u00e1n. Kiharcolta, hogy Mv.-en ipari szakisk., iparkamara \u00e9s ipari m\u00faz. l\u00e9tes\u00fclj\u00f6n. Baross G\u00e1bor \u00e9s Weckerle miniszterek mv.-i l\u00e1togat\u00e1sa alkalm\u00e1val (1889) el\u00e9rte, hogy a v\u00e1ros \u00e1llami seg\u00e9lybe r\u00e9szes\u00fclj\u00f6n. Megszervezte a tan\u00e1rok \u00e9s tan\u00edt\u00f3k m\u0171vel\u0151d\u00e9si egyes\u00fclet\u00e9t. Eln\u0151ke a Sz\u00e9kely M\u0171vel\u0151d\u00e9si \u00e9s K\u00f6zigazgat\u00e1si Egyes\u00fclet marosvid\u00e9ki v\u00e1lasztm\u00e1ny\u00e1nak, a Sz\u00e9kelyf\u00f6ldi Iparm\u00fazeum fel\u00fcgyel\u0151 bizotts\u00e1g\u00e1nak. Megteremtette az anyagi alapot a Sz\u00e9kelyf\u00f6ldi Iparm\u00fazeum \u00e9p\u00edt\u00e9s\u00e9hez, \u0151 l\u00e9tes\u00edtette az Iparm\u00fazeum csarnok\u00e1t (1893). Az egykori r\u00f3m. castrumok hely\u00e9n Maroskereszt\u00faron \u00e9s S\u00e1rpatakon \u00e1sat\u00e1sokat v\u00e9gzett. Az EMKE alap\u00edt\u00f3 \u00e9s v\u00e1lasztott v\u00e1lasztm\u00e1nyi tagja, a mv.-i \u00e9s a Maros-Torda megyei v\u00e1lasztm\u00e1ny els\u0151 aleln\u00f6ke (1885\u20131899), \u00f6szt\u00f6nd\u00edj alap\u00edtv\u00e1nyt (2000 frt.) hozott l\u00e9tre (1899). Az EMKE lobog\u00f3j\u00e1nak felszentel\u0151je a r. k. egyh\u00e1z r\u00e9sz\u00e9r\u0151 (1899) a szamos\u00fajv\u00e1ri k\u00f6zgy\u0171l\u00e9sen; Marostorda V\u00e1rmegyei Gazdas\u00e1gi Egylet aleln\u00f6ke (1886\u201394). A KZST tagja (1877\u2013), De\u00e1k Farkas hal\u00e1la ut\u00e1n (1888. j\u00fan. 4.) a t\u00e1rsas\u00e1g eln\u00f6ke (1888\u20131894), a mv.-i Zeneegylet eln\u00f6ke volt. A KMTT tagja (1872). A III. o. Vaskorona Rend kit\u00fcntetettje volt. M\u00e9g gyulafeh\u00e9rv\u00e1ri pap Imets J\u00e1k\u00f3 \u00e9s Veszely K\u00e1roly t\u00e1rsas\u00e1g\u00e1ban felkereste a moldvai cs\u00e1ng\u00f3 magyarokat. A Sz\u00e9kely Napt\u00e1r munkat\u00e1rsa (1862\u2013). Etmogr\u00e1fiai \u00e9s m\u00e1s cikkeket \u00edrt : M. Sajt\u00f3, Wanderer, Id\u0151k Tan\u00faja, Arad, Kv.-i K\u00f6zl\u00f6ny, Sz\u00e9kely Napt\u00e1r-ban. A pl\u00e9b\u00e1nia k\u00f6nyvt\u00e1r\u00e1nak aj\u00e1nd\u00e9kozta saj\u00e1t k\u00f6nyvt\u00e1r\u00e1t. Mv.-en utca viselte a nev\u00e9t (1941\u20131995). \u2013 <strong>F. m.:<\/strong> Weszely [K\u00e1roly], Imets [F\u00fcl\u00f6p J\u00e1k\u00f3] \u00e9s Kov\u00e1ts [Ferenc] utaz\u00e1sa Moldova-Ol\u00e1horsz\u00e1gban 1868. F\u00fcggel\u00e9k: Kov\u00e1cs Ferencz hittantan\u00e1r napl\u00f3ja 1868 (Mv., 1870), (Reprint: Cs\u00edkszereda, 2004); Egyh\u00e1zi besz\u00e9d melyet Szent Istv\u00e1n \u00fcnnep\u00e9n az EMKE III. k\u00f6zgy\u0171l\u00e9se alkalm\u00e1val a brass\u00f3i Rk. templomban tartott (Mv., 1888). <br \/><strong>Irod.:<\/strong> B\u00f6jthe Andor; D\u00f3sa S\u00e1ndor; EMKE 120; Eml\u00e9kk\u00f6nyv a M. K. Term\u00e9szettudom\u00e1nyi T\u00e1rsulat f\u00e9lsz\u00e1zados jubileum\u00e1n (Bp., 1892); Erd\u00e9lyi egyh\u00e1zak; Ferenczi S\u00e1ndor 2009; Ferenczi S\u00e1ndor 2012; Ga\u00e1l Korn\u00e9lia: Sz\u00e1z \u00e9ve, 1893. j\u00falius m\u00e1sodik\u00e1n avatt\u00e1k fel a Sz\u00e9kelyf\u00f6ldi Iparm\u00fazeum csarnok\u00e1t (N\u00fa., 1993. j\u00fal. 9.; 1993. j\u00fal. 23.); Gy\u00e1szjelent\u0151; H\u00edres polg\u00e1rok; Id\u0151t\u00e1r 2; KMTT; Kiss P\u00e1l: Mv. kalauz; Magyaro. k\u00f6zgazdas\u00e1gi \u00e9s k\u00f6zm\u0171vel\u0151d\u00e9si \u00e1llapota (Bp., 1897\u201398); K. F., 1837\u20131899. [Nekrol\u00f3g] (Sz\u00e9kely Lapok, 1899. j\u00fal. 6.); Maros-k\u00fck\u00fcll\u0151i f\u0151esp.; Marosi-KZST; MKL; P\u00e1l-Antal; P\u00e1l-Antal 2013; S\u00e1ndor, S\u00e1ndor J\u00f3zsef; S\u00e1ndor J\u00f3zsef: Eml\u00e9kez\u00e9s K. F. ap\u00e1tra (Kv., 1899); Szendrei J\u00e1nos: Magyar hadt\u00f6rt\u00e9nelmi eml\u00e9kek az Ezred\u00e9ves Orsz\u00e1gos Ki\u00e1ll\u00edt\u00e1son (Bp., 1896); A Szent Istv\u00e1n T\u00e1rsulat tagjainak n\u00e9vsora (Bp., 1898), Szinnyei; Szinnyei J.; Vigh<\/br><\/p>\n","protected":false},"excerpt":{"rendered":"<p>K\u0151halom, 1837. nov. 25., \u2020 Mv., 1899. j\u00fal. 2.: r. k. f\u0151esperes ap\u00e1t-pl\u00e9b\u00e1nos, p\u00e1pai prel\u00e1tus, tan\u00e1r. \u2013 A b\u00e9csi Pazmanaeumban v\u00e9gezte teol\u00f3giai tanulm\u00e1nyait, papp\u00e1 szentelt\u00e9k (1860). Hazat\u00e9r\u00e9se ut\u00e1n Haynald Lajos p\u00fcsp\u00f6k udvari papja, majd Gyulafeh\u00e9rv\u00e1ron f\u0151gimn.-i (1862\u2013), majd teol\u00f3giai tan\u00e1r a p\u00fcsp\u00f6ki papneveld\u00e9ben (1872\u2013) \u00e9s a Batthyanaeum k\u00f6nyvt\u00e1r \u0151re \u00e9s a csillagvizsg\u00e1l\u00f3 seg\u00e9d\u0151re (1872\u201374); szentsz\u00e9ki [&hellip;]<\/p>\n","protected":false},"featured_media":0,"comment_status":"open","ping_status":"closed","template":"","meta":[],"product_brand":[],"product_cat":[137],"product_tag":[],"class_list":{"0":"post-12878","1":"product","2":"type-product","3":"status-publish","5":"product_cat-maros-megyei-eletrajzi-lexikon","7":"first","8":"instock","9":"shipping-taxable","10":"product-type-simple"},"_links":{"self":[{"href":"https:\/\/uj.adatbank.ro\/lexikon\/wp-json\/wp\/v2\/product\/12878","targetHints":{"allow":["GET"]}}],"collection":[{"href":"https:\/\/uj.adatbank.ro\/lexikon\/wp-json\/wp\/v2\/product"}],"about":[{"href":"https:\/\/uj.adatbank.ro\/lexikon\/wp-json\/wp\/v2\/types\/product"}],"replies":[{"embeddable":true,"href":"https:\/\/uj.adatbank.ro\/lexikon\/wp-json\/wp\/v2\/comments?post=12878"}],"wp:attachment":[{"href":"https:\/\/uj.adatbank.ro\/lexikon\/wp-json\/wp\/v2\/media?parent=12878"}],"wp:term":[{"taxonomy":"product_brand","embeddable":true,"href":"https:\/\/uj.adatbank.ro\/lexikon\/wp-json\/wp\/v2\/product_brand?post=12878"},{"taxonomy":"product_cat","embeddable":true,"href":"https:\/\/uj.adatbank.ro\/lexikon\/wp-json\/wp\/v2\/product_cat?post=12878"},{"taxonomy":"product_tag","embeddable":true,"href":"https:\/\/uj.adatbank.ro\/lexikon\/wp-json\/wp\/v2\/product_tag?post=12878"}],"curies":[{"name":"wp","href":"https:\/\/api.w.org\/{rel}","templated":true}]}}