{"id":12880,"date":"2025-06-29T14:42:24","date_gmt":"2025-06-29T12:42:24","guid":{"rendered":"https:\/\/uj.adatbank.ro\/lexikon\/termek\/kovacs-geiza\/"},"modified":"2025-06-29T14:42:24","modified_gmt":"2025-06-29T12:42:24","slug":"kovacs-geiza","status":"publish","type":"product","link":"https:\/\/uj.adatbank.ro\/lexikon\/termek\/kovacs-geiza\/","title":{"rendered":"KOV\u00c1CS G\u00e9iza"},"content":{"rendered":"<p>? \u2020 ?: posta-t\u00e1v\u00edr\u00f3 tiszt. \u2013 Feles\u00e9ge: Farkas Anna. Gyermekeik: K. Ottilia (1858 \u2013 Mv., 1890. m\u00e1rc. 11.); K. B\u00e9la; K. \u00c1kos, tancsi ref. lelk\u00e9sz; K. G\u00e1bor, fogarasi ref. lelk\u00e9sz. \u2013 Mv.-i kir. posta-t\u00e1v\u00edr\u00f3 tisztje. <br \/><strong>Irod.:<\/strong> Gy\u00e1szjelent\u0151<\/br><\/p>\n","protected":false},"excerpt":{"rendered":"<p>? \u2020 ?: posta-t\u00e1v\u00edr\u00f3 tiszt. \u2013 Feles\u00e9ge: Farkas Anna. Gyermekeik: K. Ottilia (1858 \u2013 Mv., 1890. m\u00e1rc. 11.); K. B\u00e9la; K. \u00c1kos, tancsi ref. lelk\u00e9sz; K. G\u00e1bor, fogarasi ref. lelk\u00e9sz. \u2013 Mv.-i kir. posta-t\u00e1v\u00edr\u00f3 tisztje. Irod.: Gy\u00e1szjelent\u0151<\/p>\n","protected":false},"featured_media":0,"comment_status":"open","ping_status":"closed","template":"","meta":[],"product_brand":[],"product_cat":[137],"product_tag":[],"class_list":{"0":"post-12880","1":"product","2":"type-product","3":"status-publish","5":"product_cat-maros-megyei-eletrajzi-lexikon","7":"first","8":"instock","9":"shipping-taxable","10":"product-type-simple"},"_links":{"self":[{"href":"https:\/\/uj.adatbank.ro\/lexikon\/wp-json\/wp\/v2\/product\/12880","targetHints":{"allow":["GET"]}}],"collection":[{"href":"https:\/\/uj.adatbank.ro\/lexikon\/wp-json\/wp\/v2\/product"}],"about":[{"href":"https:\/\/uj.adatbank.ro\/lexikon\/wp-json\/wp\/v2\/types\/product"}],"replies":[{"embeddable":true,"href":"https:\/\/uj.adatbank.ro\/lexikon\/wp-json\/wp\/v2\/comments?post=12880"}],"wp:attachment":[{"href":"https:\/\/uj.adatbank.ro\/lexikon\/wp-json\/wp\/v2\/media?parent=12880"}],"wp:term":[{"taxonomy":"product_brand","embeddable":true,"href":"https:\/\/uj.adatbank.ro\/lexikon\/wp-json\/wp\/v2\/product_brand?post=12880"},{"taxonomy":"product_cat","embeddable":true,"href":"https:\/\/uj.adatbank.ro\/lexikon\/wp-json\/wp\/v2\/product_cat?post=12880"},{"taxonomy":"product_tag","embeddable":true,"href":"https:\/\/uj.adatbank.ro\/lexikon\/wp-json\/wp\/v2\/product_tag?post=12880"}],"curies":[{"name":"wp","href":"https:\/\/api.w.org\/{rel}","templated":true}]}}