{"id":12881,"date":"2025-06-29T14:42:25","date_gmt":"2025-06-29T12:42:25","guid":{"rendered":"https:\/\/uj.adatbank.ro\/lexikon\/termek\/kovacs-gergely\/"},"modified":"2025-06-29T14:42:25","modified_gmt":"2025-06-29T12:42:25","slug":"kovacs-gergely","status":"publish","type":"product","link":"https:\/\/uj.adatbank.ro\/lexikon\/termek\/kovacs-gergely\/","title":{"rendered":"KOV\u00c1CS Gergely"},"content":{"rendered":"<p>? \u2020 ?: r. k. pap. \u2013 Vulk\u00e1nb\u00f3l \u00e9rkezett Ny\u00e1r\u00e1dsely\u00e9be, a h\u00e1bor\u00fa puszt\u00edt\u00e1sait igyekezett felsz\u00e1molni, gyarap\u00edtotta a templom berendez\u00e9s\u00e9t, \u00faj harangokat v\u00e1s\u00e1rolt (1916. dec. \u2013 1923.). Ott l\u00e9trehozta a \u201eJ\u00e9zus szent sz\u00edve\u201d t\u00e1rsulatot, fel\u00e1ll\u00edtott\u00e1k a J\u00e9zus szent sz\u00edve olt\u00e1rt, a kersztel\u0151 kutat \u00e9s egy tabern\u00e1kulumot (1917) majd egy 168 kg-os harangot (1920) \u00e9s egy 306 kg-os harangot (1922) v\u00e1s\u00e1roltak. A templomot kirabolt\u00e1k (1921); Magyar\u00f3son mag\u00e1nh\u00e1zn\u00e1l mis\u00e9zett. K\u00fck\u00fcll\u0151k\u00f6m\u00e9nyfalv\u00e1ra t\u00e1vozott. <br \/><strong>Irod.:<\/strong> Maros-k\u00fck\u00fcll\u0151i f\u0151esp.; P\u00e9terfy L\u00e1szl\u00f3: Ny\u00e1r\u00e1dselye \u00e9s egyh\u00e1zai (2000)<\/br><\/p>\n","protected":false},"excerpt":{"rendered":"<p>? \u2020 ?: r. k. pap. \u2013 Vulk\u00e1nb\u00f3l \u00e9rkezett Ny\u00e1r\u00e1dsely\u00e9be, a h\u00e1bor\u00fa puszt\u00edt\u00e1sait igyekezett felsz\u00e1molni, gyarap\u00edtotta a templom berendez\u00e9s\u00e9t, \u00faj harangokat v\u00e1s\u00e1rolt (1916. dec. \u2013 1923.). Ott l\u00e9trehozta a \u201eJ\u00e9zus szent sz\u00edve\u201d t\u00e1rsulatot, fel\u00e1ll\u00edtott\u00e1k a J\u00e9zus szent sz\u00edve olt\u00e1rt, a kersztel\u0151 kutat \u00e9s egy tabern\u00e1kulumot (1917) majd egy 168 kg-os harangot (1920) \u00e9s egy 306 [&hellip;]<\/p>\n","protected":false},"featured_media":0,"comment_status":"open","ping_status":"closed","template":"","meta":[],"product_brand":[],"product_cat":[137],"product_tag":[],"class_list":{"0":"post-12881","1":"product","2":"type-product","3":"status-publish","5":"product_cat-maros-megyei-eletrajzi-lexikon","7":"first","8":"instock","9":"shipping-taxable","10":"product-type-simple"},"_links":{"self":[{"href":"https:\/\/uj.adatbank.ro\/lexikon\/wp-json\/wp\/v2\/product\/12881","targetHints":{"allow":["GET"]}}],"collection":[{"href":"https:\/\/uj.adatbank.ro\/lexikon\/wp-json\/wp\/v2\/product"}],"about":[{"href":"https:\/\/uj.adatbank.ro\/lexikon\/wp-json\/wp\/v2\/types\/product"}],"replies":[{"embeddable":true,"href":"https:\/\/uj.adatbank.ro\/lexikon\/wp-json\/wp\/v2\/comments?post=12881"}],"wp:attachment":[{"href":"https:\/\/uj.adatbank.ro\/lexikon\/wp-json\/wp\/v2\/media?parent=12881"}],"wp:term":[{"taxonomy":"product_brand","embeddable":true,"href":"https:\/\/uj.adatbank.ro\/lexikon\/wp-json\/wp\/v2\/product_brand?post=12881"},{"taxonomy":"product_cat","embeddable":true,"href":"https:\/\/uj.adatbank.ro\/lexikon\/wp-json\/wp\/v2\/product_cat?post=12881"},{"taxonomy":"product_tag","embeddable":true,"href":"https:\/\/uj.adatbank.ro\/lexikon\/wp-json\/wp\/v2\/product_tag?post=12881"}],"curies":[{"name":"wp","href":"https:\/\/api.w.org\/{rel}","templated":true}]}}