{"id":12882,"date":"2025-06-29T14:42:29","date_gmt":"2025-06-29T12:42:29","guid":{"rendered":"https:\/\/uj.adatbank.ro\/lexikon\/termek\/kovacs-geza\/"},"modified":"2025-06-29T14:42:29","modified_gmt":"2025-06-29T12:42:29","slug":"kovacs-geza","status":"publish","type":"product","link":"https:\/\/uj.adatbank.ro\/lexikon\/termek\/kovacs-geza\/","title":{"rendered":"KOV\u00c1CS G\u00e9za"},"content":{"rendered":"<p>Mv., 1958. \u2020 ?: szobr\u00e1sz, fest\u0151. \u2013 Autodidakta k\u00e9pz\u0151m\u0171v\u00e9sz, szobr\u00e1sz, fest\u0151. T\u00e1rlatokon szerepelt: Cs\u00edkszereda, K\u00e9zdiv\u00e1s\u00e1rhely, Kov\u00e1szna, Sz\u00e9kelyudvarhely, Sepsiszentgy\u00f6rgy, Bp., P\u00e9cs, Miskolc, Nyiregyh\u00e1za, \u2013 Irod: Szab\u00f3\u2013K\u00e1llai<\/br><\/p>\n","protected":false},"excerpt":{"rendered":"<p>Mv., 1958. \u2020 ?: szobr\u00e1sz, fest\u0151. \u2013 Autodidakta k\u00e9pz\u0151m\u0171v\u00e9sz, szobr\u00e1sz, fest\u0151. T\u00e1rlatokon szerepelt: Cs\u00edkszereda, K\u00e9zdiv\u00e1s\u00e1rhely, Kov\u00e1szna, Sz\u00e9kelyudvarhely, Sepsiszentgy\u00f6rgy, Bp., P\u00e9cs, Miskolc, Nyiregyh\u00e1za, \u2013 Irod: Szab\u00f3\u2013K\u00e1llai<\/p>\n","protected":false},"featured_media":0,"comment_status":"open","ping_status":"closed","template":"","meta":[],"product_brand":[],"product_cat":[137],"product_tag":[],"class_list":{"0":"post-12882","1":"product","2":"type-product","3":"status-publish","5":"product_cat-maros-megyei-eletrajzi-lexikon","7":"first","8":"instock","9":"shipping-taxable","10":"product-type-simple"},"_links":{"self":[{"href":"https:\/\/uj.adatbank.ro\/lexikon\/wp-json\/wp\/v2\/product\/12882","targetHints":{"allow":["GET"]}}],"collection":[{"href":"https:\/\/uj.adatbank.ro\/lexikon\/wp-json\/wp\/v2\/product"}],"about":[{"href":"https:\/\/uj.adatbank.ro\/lexikon\/wp-json\/wp\/v2\/types\/product"}],"replies":[{"embeddable":true,"href":"https:\/\/uj.adatbank.ro\/lexikon\/wp-json\/wp\/v2\/comments?post=12882"}],"wp:attachment":[{"href":"https:\/\/uj.adatbank.ro\/lexikon\/wp-json\/wp\/v2\/media?parent=12882"}],"wp:term":[{"taxonomy":"product_brand","embeddable":true,"href":"https:\/\/uj.adatbank.ro\/lexikon\/wp-json\/wp\/v2\/product_brand?post=12882"},{"taxonomy":"product_cat","embeddable":true,"href":"https:\/\/uj.adatbank.ro\/lexikon\/wp-json\/wp\/v2\/product_cat?post=12882"},{"taxonomy":"product_tag","embeddable":true,"href":"https:\/\/uj.adatbank.ro\/lexikon\/wp-json\/wp\/v2\/product_tag?post=12882"}],"curies":[{"name":"wp","href":"https:\/\/api.w.org\/{rel}","templated":true}]}}