{"id":12883,"date":"2025-06-29T14:42:31","date_gmt":"2025-06-29T12:42:31","guid":{"rendered":"https:\/\/uj.adatbank.ro\/lexikon\/termek\/kovacs-gizella-kovacs-istvanne-tamas-gizella\/"},"modified":"2025-06-29T14:42:31","modified_gmt":"2025-06-29T12:42:31","slug":"kovacs-gizella-kovacs-istvanne-tamas-gizella","status":"publish","type":"product","link":"https:\/\/uj.adatbank.ro\/lexikon\/termek\/kovacs-gizella-kovacs-istvanne-tamas-gizella\/","title":{"rendered":"KOV\u00c1CS Gizella, Kov\u00e1cs Istv\u00e1nn\u00e9; Tam\u00e1s Gizella"},"content":{"rendered":"<p>Tordaszentl\u00e1szl\u00f3, 1921. j\u00fal. 16., \u2020 Mv., 2004. okt. 1.: orvos, bakteriol\u00f3gus szakorvos. \u2013 Kv.-on a Ref. F\u0151gimn\u00e1ziumban \u00e9retts\u00e9gizett (1940), majd a kv.-i Tudom\u00e1nyegyetem \u00c1ltal\u00e1nos Orvosi Kar\u00e1n szerzett oklevelet (1945). Az OGYI J\u00e1rv\u00e1nytani Tansz\u00e9k\u00e9nek tan\u00e1rseg\u00e9de (1945\u201349), azut\u00e1n a MOGYI adjunktusa (1949\u201352), majd a klinik\u00e1k laborat\u00f3rium\u00e1nak mikrobiol\u00f3gus szakorvosa (1953\u201369); a 2. sz. Poliklinika laborat\u00f3rium\u00e1ban dolgozott (1969\u201376). Az OTT tagja. Sz\u00e1mos hazai orvosi szaklapban jelentek meg tanulm\u00e1nyai, <strong>Cikkei:<\/strong> Studii \u015fi Cercet\u0103ri de Microbiologie ; Dermatologia, Orvosi Szemle, Rev. Med. \u2013ben. \u2013 <strong>F. m.:<\/strong> <strong>t\u00e1rssz.:<\/strong> \u00c1ltal\u00e1nos j\u00e1rv\u00e1nytani jegyzet \u00e9s gyak. kompendium (Bo\u00e9r L\u00e1szl\u00f3. Papp K\u00e1roly-al, Mv., 1951); R\u00e9szletes j\u00e1rv\u00e1nytani jegyzetek (Mv., 1951). <br \/><strong>Irod.:<\/strong> EMKK 2000; KKACs; [Nekrol\u00f3g] (N\u00fa., 2004. okt. 2.); Barab\u00e1s-P\u00e9ter M.\u2013P\u00e9ter H. M.; Todea\u2013F\u00fcl\u00f6p\u2013Avram<\/br><\/p>\n","protected":false},"excerpt":{"rendered":"<p>Tordaszentl\u00e1szl\u00f3, 1921. j\u00fal. 16., \u2020 Mv., 2004. okt. 1.: orvos, bakteriol\u00f3gus szakorvos. \u2013 Kv.-on a Ref. F\u0151gimn\u00e1ziumban \u00e9retts\u00e9gizett (1940), majd a kv.-i Tudom\u00e1nyegyetem \u00c1ltal\u00e1nos Orvosi Kar\u00e1n szerzett oklevelet (1945). Az OGYI J\u00e1rv\u00e1nytani Tansz\u00e9k\u00e9nek tan\u00e1rseg\u00e9de (1945\u201349), azut\u00e1n a MOGYI adjunktusa (1949\u201352), majd a klinik\u00e1k laborat\u00f3rium\u00e1nak mikrobiol\u00f3gus szakorvosa (1953\u201369); a 2. sz. Poliklinika laborat\u00f3rium\u00e1ban dolgozott (1969\u201376). Az [&hellip;]<\/p>\n","protected":false},"featured_media":0,"comment_status":"open","ping_status":"closed","template":"","meta":[],"product_brand":[],"product_cat":[137],"product_tag":[],"class_list":{"0":"post-12883","1":"product","2":"type-product","3":"status-publish","5":"product_cat-maros-megyei-eletrajzi-lexikon","7":"first","8":"instock","9":"shipping-taxable","10":"product-type-simple"},"_links":{"self":[{"href":"https:\/\/uj.adatbank.ro\/lexikon\/wp-json\/wp\/v2\/product\/12883","targetHints":{"allow":["GET"]}}],"collection":[{"href":"https:\/\/uj.adatbank.ro\/lexikon\/wp-json\/wp\/v2\/product"}],"about":[{"href":"https:\/\/uj.adatbank.ro\/lexikon\/wp-json\/wp\/v2\/types\/product"}],"replies":[{"embeddable":true,"href":"https:\/\/uj.adatbank.ro\/lexikon\/wp-json\/wp\/v2\/comments?post=12883"}],"wp:attachment":[{"href":"https:\/\/uj.adatbank.ro\/lexikon\/wp-json\/wp\/v2\/media?parent=12883"}],"wp:term":[{"taxonomy":"product_brand","embeddable":true,"href":"https:\/\/uj.adatbank.ro\/lexikon\/wp-json\/wp\/v2\/product_brand?post=12883"},{"taxonomy":"product_cat","embeddable":true,"href":"https:\/\/uj.adatbank.ro\/lexikon\/wp-json\/wp\/v2\/product_cat?post=12883"},{"taxonomy":"product_tag","embeddable":true,"href":"https:\/\/uj.adatbank.ro\/lexikon\/wp-json\/wp\/v2\/product_tag?post=12883"}],"curies":[{"name":"wp","href":"https:\/\/api.w.org\/{rel}","templated":true}]}}