{"id":12884,"date":"2025-06-29T14:42:33","date_gmt":"2025-06-29T12:42:33","guid":{"rendered":"https:\/\/uj.adatbank.ro\/lexikon\/termek\/kovacs-gyorgy\/"},"modified":"2025-06-29T14:42:33","modified_gmt":"2025-06-29T12:42:33","slug":"kovacs-gyorgy","status":"publish","type":"product","link":"https:\/\/uj.adatbank.ro\/lexikon\/termek\/kovacs-gyorgy\/","title":{"rendered":"KOV\u00c1CS Gy\u00f6rgy"},"content":{"rendered":"<p>Csat\u00f3szeg, 1812. okt. 18., \u2020 Csat\u00f3szeg, 1875. j\u00fal. 3.: r. k. pap. \u2013 Papp\u00e1 szentelt\u00e9k (1836. \u00e1pr. 4.). Tan\u00e1r Sz\u00e9kelyudvarhelyen, k\u00e1pl\u00e1n K\u00e9zdiszentl\u00e9leken. Pl\u00e9b\u00e1nos Sz\u00e9kelykereszt\u00faron, Sz\u00e9klyp\u00e1lfalv\u00e1n \u00e9s Sz\u00e9kelyk\u00e1lon m\u0171k\u00f6d\u00f6tt (1839\u201345). Korondon pl\u00e9b\u00e1nos (1845\u201351). Fogs\u00e1ba ker\u00fclt (1849. ut\u00e1n). Pl\u00e9b\u00e1nos K\u00e1szonjakabfalv\u00e1n (1851), Cs\u00edkszentimr\u00e9n (1854), Cs\u00edkszentsimonon (1865). <br \/><strong>Irod.:<\/strong> Ferenczi S\u00e1ndor 2009; Sz\u00e9kelyk\u00e1l<\/br><\/p>\n","protected":false},"excerpt":{"rendered":"<p>Csat\u00f3szeg, 1812. okt. 18., \u2020 Csat\u00f3szeg, 1875. j\u00fal. 3.: r. k. pap. \u2013 Papp\u00e1 szentelt\u00e9k (1836. \u00e1pr. 4.). Tan\u00e1r Sz\u00e9kelyudvarhelyen, k\u00e1pl\u00e1n K\u00e9zdiszentl\u00e9leken. Pl\u00e9b\u00e1nos Sz\u00e9kelykereszt\u00faron, Sz\u00e9klyp\u00e1lfalv\u00e1n \u00e9s Sz\u00e9kelyk\u00e1lon m\u0171k\u00f6d\u00f6tt (1839\u201345). Korondon pl\u00e9b\u00e1nos (1845\u201351). Fogs\u00e1ba ker\u00fclt (1849. ut\u00e1n). Pl\u00e9b\u00e1nos K\u00e1szonjakabfalv\u00e1n (1851), Cs\u00edkszentimr\u00e9n (1854), Cs\u00edkszentsimonon (1865). Irod.: Ferenczi S\u00e1ndor 2009; Sz\u00e9kelyk\u00e1l<\/p>\n","protected":false},"featured_media":0,"comment_status":"open","ping_status":"closed","template":"","meta":[],"product_brand":[],"product_cat":[137],"product_tag":[],"class_list":{"0":"post-12884","1":"product","2":"type-product","3":"status-publish","5":"product_cat-maros-megyei-eletrajzi-lexikon","7":"first","8":"instock","9":"shipping-taxable","10":"product-type-simple"},"_links":{"self":[{"href":"https:\/\/uj.adatbank.ro\/lexikon\/wp-json\/wp\/v2\/product\/12884","targetHints":{"allow":["GET"]}}],"collection":[{"href":"https:\/\/uj.adatbank.ro\/lexikon\/wp-json\/wp\/v2\/product"}],"about":[{"href":"https:\/\/uj.adatbank.ro\/lexikon\/wp-json\/wp\/v2\/types\/product"}],"replies":[{"embeddable":true,"href":"https:\/\/uj.adatbank.ro\/lexikon\/wp-json\/wp\/v2\/comments?post=12884"}],"wp:attachment":[{"href":"https:\/\/uj.adatbank.ro\/lexikon\/wp-json\/wp\/v2\/media?parent=12884"}],"wp:term":[{"taxonomy":"product_brand","embeddable":true,"href":"https:\/\/uj.adatbank.ro\/lexikon\/wp-json\/wp\/v2\/product_brand?post=12884"},{"taxonomy":"product_cat","embeddable":true,"href":"https:\/\/uj.adatbank.ro\/lexikon\/wp-json\/wp\/v2\/product_cat?post=12884"},{"taxonomy":"product_tag","embeddable":true,"href":"https:\/\/uj.adatbank.ro\/lexikon\/wp-json\/wp\/v2\/product_tag?post=12884"}],"curies":[{"name":"wp","href":"https:\/\/api.w.org\/{rel}","templated":true}]}}