{"id":12885,"date":"2025-06-29T14:42:35","date_gmt":"2025-06-29T12:42:35","guid":{"rendered":"https:\/\/uj.adatbank.ro\/lexikon\/termek\/kovacs-gyorgy-2\/"},"modified":"2025-06-29T14:42:35","modified_gmt":"2025-06-29T12:42:35","slug":"kovacs-gyorgy-2","status":"publish","type":"product","link":"https:\/\/uj.adatbank.ro\/lexikon\/termek\/kovacs-gyorgy-2\/","title":{"rendered":"KOV\u00c1CS Gy\u00f6rgy"},"content":{"rendered":"<p>Sz\u00e9kelyabod, 1884. m\u00e1j. 15. \u2020 Nagykend, 1923. j\u00fan. 29.: ref. lelk\u00e9sz. \u2013 Els\u0151 szolg\u00e1lati helye K\u00fcsm\u0151d (Hargita), azut\u00e1n Nagykendre h\u00edvt\u00e1k meg (1912. m\u00e1rc. 3), ahol nagy lend\u00fclettel ind\u00edtotta a gy\u00fclekezeti munk\u00e1t, fel\u00faj\u00edtotta a dal\u00e1rd\u00e1t, megszervezte az ifj\u00fas\u00e1gi egyletet. Fokozatosan azonban elhanyagolta teend\u0151it, ez\u00e9rt a vizit\u00e1ci\u00f3k alkalm\u00e1val t\u00f6bbsz\u00f6r megfeddt\u00e9k. Az egyh\u00e1zi \u00e9p\u00fcletek is leromlottak. Egyed\u00fcl az \u00faj harang beszerz\u00e9se f\u0171z\u0151dik nev\u00e9hez. Fogyaszt\u00e1si sz\u00f6vetkezetet l\u00e9tes\u00edtett, aminek \u0151 az eln\u00f6ke \u00e9s a k\u00f6nyvel\u0151je is. Sz\u00e9tosztotta a h\u00e1bor\u00fas seg\u00e9lyeket, az \u00e9lelmez\u00e9st is \u0151 rendezte, levelez\u00e9st folytatott a h\u00e1bor\u00faban lev\u0151 h\u00edveivel, stb. Humora \u00e9s sz\u00e9p pr\u00e9dik\u00e1ci\u00f3i k\u00f6zkedveltt\u00e9 tett\u00e9k. &#8211; Irod. P\u00e9terfy L.: Kend \u00e9s egyh\u00e1za (Mv., 2003)<\/br><\/p>\n","protected":false},"excerpt":{"rendered":"<p>Sz\u00e9kelyabod, 1884. m\u00e1j. 15. \u2020 Nagykend, 1923. j\u00fan. 29.: ref. lelk\u00e9sz. \u2013 Els\u0151 szolg\u00e1lati helye K\u00fcsm\u0151d (Hargita), azut\u00e1n Nagykendre h\u00edvt\u00e1k meg (1912. m\u00e1rc. 3), ahol nagy lend\u00fclettel ind\u00edtotta a gy\u00fclekezeti munk\u00e1t, fel\u00faj\u00edtotta a dal\u00e1rd\u00e1t, megszervezte az ifj\u00fas\u00e1gi egyletet. Fokozatosan azonban elhanyagolta teend\u0151it, ez\u00e9rt a vizit\u00e1ci\u00f3k alkalm\u00e1val t\u00f6bbsz\u00f6r megfeddt\u00e9k. Az egyh\u00e1zi \u00e9p\u00fcletek is leromlottak. Egyed\u00fcl az [&hellip;]<\/p>\n","protected":false},"featured_media":0,"comment_status":"open","ping_status":"closed","template":"","meta":[],"product_brand":[],"product_cat":[137],"product_tag":[],"class_list":{"0":"post-12885","1":"product","2":"type-product","3":"status-publish","5":"product_cat-maros-megyei-eletrajzi-lexikon","7":"first","8":"instock","9":"shipping-taxable","10":"product-type-simple"},"_links":{"self":[{"href":"https:\/\/uj.adatbank.ro\/lexikon\/wp-json\/wp\/v2\/product\/12885","targetHints":{"allow":["GET"]}}],"collection":[{"href":"https:\/\/uj.adatbank.ro\/lexikon\/wp-json\/wp\/v2\/product"}],"about":[{"href":"https:\/\/uj.adatbank.ro\/lexikon\/wp-json\/wp\/v2\/types\/product"}],"replies":[{"embeddable":true,"href":"https:\/\/uj.adatbank.ro\/lexikon\/wp-json\/wp\/v2\/comments?post=12885"}],"wp:attachment":[{"href":"https:\/\/uj.adatbank.ro\/lexikon\/wp-json\/wp\/v2\/media?parent=12885"}],"wp:term":[{"taxonomy":"product_brand","embeddable":true,"href":"https:\/\/uj.adatbank.ro\/lexikon\/wp-json\/wp\/v2\/product_brand?post=12885"},{"taxonomy":"product_cat","embeddable":true,"href":"https:\/\/uj.adatbank.ro\/lexikon\/wp-json\/wp\/v2\/product_cat?post=12885"},{"taxonomy":"product_tag","embeddable":true,"href":"https:\/\/uj.adatbank.ro\/lexikon\/wp-json\/wp\/v2\/product_tag?post=12885"}],"curies":[{"name":"wp","href":"https:\/\/api.w.org\/{rel}","templated":true}]}}