{"id":12887,"date":"2025-06-29T14:42:40","date_gmt":"2025-06-29T12:42:40","guid":{"rendered":"https:\/\/uj.adatbank.ro\/lexikon\/termek\/kovacs-gyorgy-%c2%a7\/"},"modified":"2025-06-29T14:42:40","modified_gmt":"2025-06-29T12:42:40","slug":"kovacs-gyorgy-%c2%a7","status":"publish","type":"product","link":"https:\/\/uj.adatbank.ro\/lexikon\/termek\/kovacs-gyorgy-%c2%a7\/","title":{"rendered":"KOV\u00c1CS Gy\u00f6rgy, \u00a7"},"content":{"rendered":"<p>Kv., 1910. febr. 22., \u2020 Kv., 1977. nov. 8.: sz\u00edn\u00e9sz, rendez\u0151. \u2013 Elemi iskol\u00e1it a kv.-i Ref. Fi\u00faiskol\u00e1ban, a k\u00f6z\u00e9piskol\u00e1t az Unit. Koll.-ban v\u00e9gezte (1933). A kv.-i M. Sz\u00ednh\u00e1zban kezdte sz\u00edn\u00e9szi p\u00e1ly\u00e1j\u00e1t (1933). F\u0151iskol\u00e1t nem v\u00e9gzett, \u00f6nk\u00e9pz\u00e9ssel szerezte ismereteit, sz\u00edn\u00e9sziskola hi\u00e1ny\u00e1ban a Het\u00e9nyi Elem\u00e9r, Th\u00e1lia Sz\u00ednh\u00e1z mellett m\u0171k\u00f6d\u0151 st\u00fadi\u00f3j\u00e1t l\u00e1togatta, ahol elm\u00e9leti oktat\u00e1sban r\u00e9szes\u00fclt, majd T\u00f3th Elek ir\u00e1ny\u00edtotta, aki igazi tan\u00e1ra \u00e9s mestere volt. A kv.-i M. Sz\u00ednh\u00e1zban volt szerz\u0151d\u00e9sben (1933\u201340), ahol Indig Otto: Ember a h\u00edd alatt c darabj\u00e1ban mutatkozott be \u00e9s aratott kiemelked\u0151 sikert, Bonviv\u00e1n, l\u00edrai h\u0151s szerepeket kapott. T\u00f6bbsz\u00f6r fell\u00e9pett a KZST-esteken, a T\u00e1rsas\u00e1g tagja (1942\u2013). A sz\u00ednh\u00e1zzal vend\u00e9gszerepelt Brass\u00f3ban, Nagyv\u00e1radon, Mv.-en, ahol Dayka Margit vend\u00e9gfell\u00e9p\u00e9sekor partnerek\u00e9nt t\u00fcnt fel \u00e9s aratott sikert Vigh Ern\u0151 t\u00e1rsulat\u00e1val (1933. j\u00fan.). Nagyenyeden j\u00e1tszott J\u00f3dy K\u00e1roly t\u00e1rsulat\u00e1val, ott m\u0171v\u00e9szeti vezet\u0151 is volt (1934\u201335), fell\u00e9pett a bp.-i V\u00edgsz\u00ednh\u00e1zban (1935\u201436), majd Aradon a sz\u00ednh\u00e1z m\u0171v\u00e9szeti igazgat\u00f3ja, azut\u00e1n visszat\u00e9rt Kv.-ra (1940-ig). Csak a kv.-i Zsid\u00f3 Sz\u00edn\u00adh\u00e1z el\u0151ad\u00e1sain szerepelhetett (1940 ut\u00e1n). R\u00e9szt vett a 2. vh.-ban, majd a bergenbelseni n\u00e9met koncentr\u00e1ci\u00f3s t\u00e1bor foglya volt. Szabadul\u00e1sa ut\u00e1n Sv\u00e1jcba ker\u00fclt, ahol Genfben \u00e9s Lausanneben szaval\u00f3esteken vett r\u00e9szt. Kem\u00e9ny J\u00e1nos megh\u00edv\u00e1s\u00e1ra szerz\u0151d\u00f6tt Mv. -re a Sz\u00e9kely Sz\u00ednh\u00e1zhoz (1946\u201365), sz\u00e1mos darab szerepl\u0151je, a sz\u00ednh\u00e1z nagy korszak\u00e1nak r\u00e9szese. A Szentgy\u00f6rgyi Istv\u00e1n Sz\u00ednm\u0171v\u00e9szeti F\u0151iskola tan\u00e1ra, majd tanulm\u00e1nyi igazgat\u00f3ja volt (1950\u201380 k.), a rom\u00e1niai m. sz\u00ednj\u00e1tsz\u00e1s t\u00f6bb nemzed\u00e9k\u00e9t nevelte fel. A kv.-i \u00c1llami M. Sz\u00ednh\u00e1z tagja (1965- ), ahol Pirandello IV Henrik c. darabj\u00e1nak rendez\u00e9se k\u00f6zben \u00e9rte a hal\u00e1l (1977). Az erd\u00e9lyi magyar sz\u00ednj\u00e1tsz\u00e1s egyik legnagyobb \u00e9s legsokoldal\u00fabb szem\u00e9lyis\u00e9ge volt. M\u00e1r p\u00e1ly\u00e1ja elej\u00e9n kit\u00fcnt sz\u00e9p sz\u00f6vegmond\u00e1s\u00e1val, ironikus modor\u00e1val. Eredetiek voltak szerep\u00e9rtelmez\u00e9sei A legv\u00e1ltozatosabb szerepk\u00f6r\u00f6kben, klasszikus \u00e9s modern darabokban egyar\u00e1nt j\u00e1tszott h\u0151si, karakter- \u00e9s v\u00edgj\u00e1t\u00e9ki szerepeket, versmond\u00f3 m\u0171v\u00e9szete is n\u00e9pszer\u0171v\u00e9 tette. Sz\u00e1mos ro\u00adm\u00e1n filmben kapott f\u0151szerepet. \u00c9lete utols\u00f3 szakasz\u00e1ban f\u0151k\u00e9nt filmszerepeket \u00e9s rendez\u00e9st v\u00e1llalt. Sz\u00ednh\u00e1zi vonatkoz\u00e1s\u00fa cikkeket k\u00f6z\u00f6lt irodalmi foly\u00f3iratokban. A Sz\u00e9kely Sz\u00ednh\u00e1z mutatta be Eugen Mireaval k\u00f6z\u00f6sen \u00edrt: Az utols\u00f3 vonat c. sz\u00ednm\u0171v\u00e9t. (1957). \u00c1llami d\u00edj k\u00e9tszeres kit\u00fcntettje, \u00e9rdemes m\u0171v\u00e9sz, a R. Sz. K. n\u00e9pm\u0171v\u00e9sze, sz\u00e1mos \u00e9rdemrenddel \u00e9s \u00e9remmel jutalmazt\u00e1k. A K\u00adv.-i M. Sz\u00ednh\u00e1z \u00f6r\u00f6k\u00f6s tagja (1973). Tisztelet\u00e9re sz\u00fclet\u00e9s\u00e9nek 100. \u00e9vfordul\u00f3j\u00e1n a Mv.-i M\u0171v\u00e9szeti Egyetemen eml\u00e9kplakettet avattak (2010. \u00e1pr.). \u2013 <strong>F. m.:<\/strong> <strong>t\u00e1rssz.:<\/strong> Az utols\u00f3 vonat (Eugen Mireaval; 1957; Ultimul tren; Buc., 1958); <strong>F. sz.:<\/strong> Bastien Lepage ( Andai-B\u00e1lint : Baskircsef M\u00e1ria); Dauphin (Shaw : Szent Johanna); John Loving jobbik \u00e9nje (O\u2019Neill : Mind\u00f6r\u00f6kk\u00e9); Jonval (Alfred Gheri : Hatodik emelet); Ferguson (Sidney Kingsley : Az orvos); Kont Feri (B\u00f3nyi-\u00c1brah\u00e1m: Viki); Bank\u00e1r (Lothar-Sz\u00e9p Ern\u0151 : D\u00f6nt\u0151 \u00e9jszaka); Herner Walter (Meller R\u00f3zsi : A vallom\u00e1s); M\u00f3ka (Tam\u00e1si \u00c1ron: Az \u00e9nekes mad\u00e1r); Ag\u00e1rdy (Heltai : A n\u00e9ma levente); Pater Ahem Mark (Emmet Lavery : Az \u00far katon\u00e1i); A f\u00e9rj (Vaszary J\u00e1nos : H\u00e1zass\u00e1g); \u00c1goston (Zilahy Lajos : Hazaj\u00e1r\u00f3 l\u00e9lek); Laurentz (John Knittel : Via Mala); Otto majd Biberach (Katona J\u00f3zsef : B\u00e1nk b\u00e1n); R\u00f3me\u00f3 (Shakespeare : Romeo \u00e9s J\u00falia), Hamlet (Shakespeare: Hamlet); Lucifer (Mad\u00e1ch: Az ember trag\u00e9di\u00e1ja); Metternich (Rostand: A Sasfi\u00f3k); az ostoba Li (B\u00e1nffy Mikl\u00f3s darabj\u00e1ban ), Crudu (Lovinescu: Egy m\u0171v\u00e9sz hal\u00e1la); Cipriani pro\u00adfesszor (\u00d6rk\u00e9ny L: T\u00f3t\u00e9k); C\u00edmszerepek : B\u00e1nffy Mikl\u00f3s : Martinovics; Moln\u00e1r Ferenc : Liliom; Hunyady S\u00e1ndor : Az arany\u00edfj\u00fa, F\u00f6ldes Imre : Ifj. Horv\u00e1th P\u00e1l.: Mv.-en : \u00c1goston (Zilahy L.: Hazaj\u00e1r\u00f3 l\u00e9lek); Ligurio (N. Machiavelli: Mandrag\u00f3ra), Liliom (Moln\u00e1r Ferenc: Liliom), Rich\u00e1rd (G. B. Shaw: Az \u00f6rd\u00f6g cimbor\u00e1ja); \u00c1goston (Zilahy Lajos : Hazaj\u00e1r\u00f3 l\u00e9lek); Trigonin (Csehov: Sir\u00e1ly); Szakhm\u00e1ry Zolt\u00e1n (M\u00f3ricz Zs.: \u00dari muri); Kossuth (Illy\u00e9s Gy.: F\u00e1klyal\u00e1ng); Mamlock professzor (Wolf), Starbuck (Nash: Az es\u0151hoz\u00f3 ember); Tartuffe (Moli\u00e9re: Tarfuffe); Rostand : Cyrano de Bergerac; Ca\u0163avencu (Carageale: Elveszett lev\u00e9l); Tyetyerev (Gorkij: Kispol\u00adg\u00e1rok); Szatyin (Gorkij : \u00c9jjeli mened\u00e9khely), Zolt\u00e1n (B\u00f3kay J\u00e1nos: Feles\u00e9g), Ag\u00e1rdy P\u00e9ter (Heltai Jen\u0151: A n\u00e9ma levente); K\u00e1d\u00e1r P\u00e9ter, orvostan\u00e1r (M\u00e1rai S\u00e1ndor: Kaland); Jack (Sommerset Maugham: Fens\u00e9g, fizetek!); Biberach, egy l\u00e9zeng\u0151 ritter (Katona J\u00f3zsef: B\u00e1nk b\u00e1n); Smith (K. Szimonov: Az orosz k\u00e9rd\u00e9s); Szatyin (M. Gorkij: \u00c9jjeli mened\u00e9khely); Frank Suiney (E. Petrov: A b\u00e9ke szigete); ifj. Huben Istv\u00e1n (Zilahyy L.: A sz\u0171z \u00e9s a g\u00f6d\u00f6lye); Brett Charles, n\u00e9ger (J. Gow- A. D\u2019usseau: M\u00e9lyek agy\u00f6kerek); Asztalos \u00far (L\u00e1szl\u00f3 Mikl\u00f3s: Illatszert\u00e1r); Bigi (Tomcsa S\u00e1ndor: Nagy dolog kicsiben), O\u2019Neil( Henri Berger: V\u00edz\u00f6z\u00f6n), Mosca (Ben Jonson: Volpone); Verral Paul (Kanin Garson: \u00d3cskavas nagyban); Niclav Skulte (Arkadij Grigulis: Agyag \u00e9s porcel\u00e1n); Alexandr Andrejevics Csackij (A. Gribojedov: Az \u00e9sz bajjal j\u00e1r); B\u00e2rlea Andrei, egyetemi tan\u00e1r (Aurel Baranga: Dudva); Kasztanov \u0151rnagy (Tur testv\u00e9rek: Villa a mell\u00e9k utc\u00e1ban), Walter Kidd, kapit\u00e1ny (B. Lavrenyov: Amerika hangja), Rogge Ludwig Johann (Tur testv\u00e9rek \u00e9s Seinin: Kinek kedvez az id\u0151); Juliusz Fucsik \u00edr\u00f3 (J. Burjakovszkij: \u00dczenet az \u00e9l\u0151knek); P\u00e9ter, bakteriol\u00f3gus (A. Jakobson: K\u00e9t t\u00e1bor), Z\u00e1tonyi Bence (Cs\u00edky Gergely: Ingyen\u00e9l\u0151k); F\u00e9rj (Pall\u00e9rozzuk nyelv\u00fcnket!). \u2013 <strong>F. r.:<\/strong>: M\u00f3ricz Zs.: \u00dari muri; Pirandello: IV. Henrik; Euripid\u00e9sz-Sartre-Illy\u00e9s Gy.: A tr\u00f3jai n\u0151k; Gyurk\u00f3 L.: Szerelmem, Elektra. Caragiale : Az elveszett lev\u00e9l (Szab\u00f3 Ern\u0151., Tompa Mikl\u00f3ssal); M. Gorkij : Kispolg\u00e1rok (Tompa Mikl\u00f3s, Delly Ferenccel, 1949\u201350); B. Lavrenyov: Amerika hangja (Tompa Mikl\u00f3ssal 1950\u201351); Augustin Moreto y Cabana: Donna Diana (1957); F. Wolf: Mamlock professzor, James Gow-Armand d\u2019Usseau: M\u00e9lyek a gy\u00f6kerek (1960); S\u00fct\u0151 Andr\u00e1s: T\u00e9kozl\u00f3 szerelem (1962), \u00d6rk\u00e9ny Istv\u00e1n: T\u00f3t\u00e9k Gyurk\u00f3 L\u00e1szl\u00f3: Szerelmem Elektra (1968); \u00d6rk\u00e9ny Istv\u00e1n: Macskaj\u00e1t\u00e9k (1972); a Sz\u00ednm\u0171v\u00e9szeti F\u0151iskol\u00e1n: Rozov : Boldogs\u00e1g merre vagy?, Racine : Phaedra, Dorian : Az 58. m\u00e1sodperc; Moln\u00e1r Ferenc: Liliom; A. Miller: \u00c9des fiaim; A. Voitin: Justinianus kincse; Euripidesz-Sartre: A tr\u00f3jai n\u0151k; E. O\u2019Neill: Boldogtalan hold; Racinne: Britannicus; Tomcsa S\u00e1ndor: M\u0171t\u00e9t; G\u00e1rdonyi G\u00e9za: A l\u00e1mp\u00e1s, Heltai Jen\u0151: A n\u00e9ma levente, Thornton Wilder: A mi kis v\u00e1rosunk; Mad\u00e1ch Imre hal\u00e1l\u00e1nak 100 \u00e9vfordul\u00f3j\u00e1ra; Heltai Jen\u0151: A n\u00e9ma levente; T. Wilder: A mi kis v\u00e1rosunk; Filmszerepei: Rombad\u00f6lt fellegv\u00e1r; P\u0103durea sp\u00eenzura\u0163ilor, Procesul alb, Serb\u0103rile galante, Dacii, Mihai Viteazul, Serata; verslemeze: A kor fal\u00e1ra (1975). <br \/><strong>Irod.:<\/strong> Bartos 2012; Benczel B\u00e9la: K. Gy. (V. Z., 1957. m\u00e1j. 19.); Benczel B\u00e9la: K. Gy., a n\u00e9p m\u0171v\u00e9sze besz\u00e1molt az NDK-ban tett l\u00e1togat\u00e1s\u00e1r\u00f3l (V. Z., 1960. \u00e1pr. 19.); B\u00e9rczes; Buia Simon: K. Gy. -re eml\u00e9kezve (\u00daj \u00c9let3. sz. 1987); EMP; Erd\u00e9lyi L 2009, fot\u00f3 1976; Fischer Istv\u00e1n: A sz\u00edn\u00e9sz c. portr\u00e9filmje (Rom\u00e1n TV m. szerk., 1971. \u00e1pr. 18., 25 \u00e9s m\u00e1j. 2.); Fodor S\u00e1ndor (S.): A n\u00e9p m\u0171v\u00e9sze (N\u00fa. Extra: Sz\u00ednes vil\u00e1g, 27. sz., 2006. j\u00fal. 8.); Ga\u00e1l; G\u00e1sp\u00e1rik Attila: K. Gy. 100 (Mv., 2010); Gy\u00e1rf\u00e1s 2013; H\u00edres polg\u00e1rok; Horv\u00e1th Bea; Izs\u00e1k Istv\u00e1n: Felejthetetlen esem\u00e9ny: Besz\u00e9lget\u00e9s K. Gy-gyel, a n\u00e9p m\u0171v\u00e9sz\u00e9vel, a moszkvai \u00e1ltal\u00e1nos leszerel\u00e9si \u00e9s b\u00e9ke-vil\u00e1gkongresszus r\u00e9sztvev\u0151j\u00e9vel (V. Z., 1962. j\u00fal. 24.); Izs\u00e1k Istv\u00e1n: Shakespeare haz\u00e1j\u00e1ban: Besz\u00e9lget\u00e9s K. Gy-gyel, a N\u00e9p M\u0171v\u00e9sz\u00e9vel (V. Z., 1966. m\u00e1rc. 18.); J\u00e1ray Fekete Katalin: M\u0171v\u00e9szete m\u00e1r t\u00f6rt\u00e9nelem (N\u00fa., 1993. dec. 7.); K\u00e1ntor-K\u00f6t\u0151; K\u00e1ntor\u2013L\u00e1ng; Kem\u00e9ny J\u00e1nos: H\u00e1rom \u00e9vtized a sz\u00ednpadon (\u00daj \u00c9let, 9. sz., 1963); K. Gy. [Nekrol\u00f3g] (V. Z., 1977. nov. 10.); K. Gy. 100 (A sz\u00f6veget v\u00e1log. \u00e9s sajt\u00f3 al\u00e1 rendezte G\u00e1sp\u00e1rik Attila; Mv., 2010); Kov\u00e1cs Levente; K\u00f6t\u0151; Marosi-KZST; M\u00c9L; M\u00e9sz\u00e1ros J\u00f3zsef: \u00daj dr\u00e1ma\u00edr\u00f3t avatunk (V. Z., 1957. aug. 4.); MSZL; N\u00fa (2002. nov. 9.); Ol\u00e1h Tibor 1996; Ol\u00e1h Tibor: Pro memoria K. Gy. (N\u00fa., M\u00fazsa, 230. sz., 1996. febr. 2.); Peris Ter\u00e9z: Eml\u00e9kez\u00e9s K. Gy. -re (N\u00fa., 1990. nov. 16.); Polg\u00e1r Istv\u00e1n: A mag\u00e1ny \u00e9s szenved\u00e9s teszi emberr\u00e9 \u00e9s isgz\u00e1n m\u0171v\u00e9ssz\u00e9 az egy\u00e9nt (Szabad Sz\u00f3, 1946. m\u00e1j. 23.); Polg\u00e1r Istv\u00e1n: A \u201eMamlock professzor\u201d bemutat\u00f3ja el\u0151tt (V. Z., 1960. dec. 4.); Polg\u00e1r Istv\u00e1n: K. Gy. (\u00daj \u00c9let, 5. sz., 1968); RMIL; Sug\u00f3 n\u00e9lk\u00fcl (Igaz Sz\u00f3, 2. sz., 1956. febr.); RMIL; Teatrul \u00een Rom\u00e2nia, 1944\u20131974 (Buc., 1975); Todea 2013; \u00daM\u00c9L; Viharban<\/br><\/p>\n","protected":false},"excerpt":{"rendered":"<p>Kv., 1910. febr. 22., \u2020 Kv., 1977. nov. 8.: sz\u00edn\u00e9sz, rendez\u0151. \u2013 Elemi iskol\u00e1it a kv.-i Ref. Fi\u00faiskol\u00e1ban, a k\u00f6z\u00e9piskol\u00e1t az Unit. Koll.-ban v\u00e9gezte (1933). A kv.-i M. Sz\u00ednh\u00e1zban kezdte sz\u00edn\u00e9szi p\u00e1ly\u00e1j\u00e1t (1933). F\u0151iskol\u00e1t nem v\u00e9gzett, \u00f6nk\u00e9pz\u00e9ssel szerezte ismereteit, sz\u00edn\u00e9sziskola hi\u00e1ny\u00e1ban a Het\u00e9nyi Elem\u00e9r, Th\u00e1lia Sz\u00ednh\u00e1z mellett m\u0171k\u00f6d\u0151 st\u00fadi\u00f3j\u00e1t l\u00e1togatta, ahol elm\u00e9leti oktat\u00e1sban r\u00e9szes\u00fclt, majd [&hellip;]<\/p>\n","protected":false},"featured_media":0,"comment_status":"open","ping_status":"closed","template":"","meta":[],"product_brand":[],"product_cat":[137],"product_tag":[],"class_list":{"0":"post-12887","1":"product","2":"type-product","3":"status-publish","5":"product_cat-maros-megyei-eletrajzi-lexikon","7":"first","8":"instock","9":"shipping-taxable","10":"product-type-simple"},"_links":{"self":[{"href":"https:\/\/uj.adatbank.ro\/lexikon\/wp-json\/wp\/v2\/product\/12887","targetHints":{"allow":["GET"]}}],"collection":[{"href":"https:\/\/uj.adatbank.ro\/lexikon\/wp-json\/wp\/v2\/product"}],"about":[{"href":"https:\/\/uj.adatbank.ro\/lexikon\/wp-json\/wp\/v2\/types\/product"}],"replies":[{"embeddable":true,"href":"https:\/\/uj.adatbank.ro\/lexikon\/wp-json\/wp\/v2\/comments?post=12887"}],"wp:attachment":[{"href":"https:\/\/uj.adatbank.ro\/lexikon\/wp-json\/wp\/v2\/media?parent=12887"}],"wp:term":[{"taxonomy":"product_brand","embeddable":true,"href":"https:\/\/uj.adatbank.ro\/lexikon\/wp-json\/wp\/v2\/product_brand?post=12887"},{"taxonomy":"product_cat","embeddable":true,"href":"https:\/\/uj.adatbank.ro\/lexikon\/wp-json\/wp\/v2\/product_cat?post=12887"},{"taxonomy":"product_tag","embeddable":true,"href":"https:\/\/uj.adatbank.ro\/lexikon\/wp-json\/wp\/v2\/product_tag?post=12887"}],"curies":[{"name":"wp","href":"https:\/\/api.w.org\/{rel}","templated":true}]}}