{"id":12890,"date":"2025-06-29T14:42:45","date_gmt":"2025-06-29T12:42:45","guid":{"rendered":"https:\/\/uj.adatbank.ro\/lexikon\/termek\/kovacs-gyula-2\/"},"modified":"2025-06-29T14:42:45","modified_gmt":"2025-06-29T12:42:45","slug":"kovacs-gyula-2","status":"publish","type":"product","link":"https:\/\/uj.adatbank.ro\/lexikon\/termek\/kovacs-gyula-2\/","title":{"rendered":"KOV\u00c1CS Gyula"},"content":{"rendered":"<p>Mez\u0151b\u00e1nd, 1846. m\u00e1rc. 10., \u2020 Nagyenyed, 1900. j\u00fan. 23.: erd\u00e9sz, v\u00e1rosi f\u0151jegyz\u0151, polg\u00e1rmester. &#8211; B\u00e1tyja ~ Albert (1838\u20131904). A mv.-i ref. koll.-ban tanult. Di\u00e1kk\u00e9nt (1862\u201366) \u00e1lland\u00f3 munkat\u00e1rsa volt Szab\u00f3 S\u00e1muel mv.-i tan\u00e1rnak, n\u00e9pballad\u00e1k gy\u0171jt\u00e9s\u00e9ben t\u00fcnt ki, Mez\u0151b\u00e1ndr\u00f3l hozta gy\u0171jt\u00e9seit. N\u00e9pk\u00f6lt\u00e9szeti gy\u0171jt\u00e9s\u00e9b\u0151l k\u00f6z\u00f6lt a pesti J\u00f3 Bar\u00e1t (1867). Mv.-en b\u00f6lcs\u00e9szeti \u00e9s jogi el\u0151ad\u00e1sokat is hallgatott (1862\u201366). A selmecb\u00e1nyai erd\u00e9szeti akad. folytatta tanulm\u00e1nyait (1967\u201370). Nagyenyedre telepedett (1870\u2013), mint erd\u00e9sz-gyakornok, majd a Bethlen f\u0151iskola erd\u00e9sze, v\u00e1rmegyei erd\u00e9sz (1874\u2013), majd v\u00e1rosi f\u0151jegyz\u0151v\u00e9 v\u00e1lasztott\u00e1k \u00e9s hal\u00e1l\u00e1ig Nagyenyed polg\u00e1rmestere volt (1882. nov. \u2013 1900). Polg\u00e1rmesteri m\u0171k\u00f6d\u00e9se idej\u00e9n l\u00e9tes\u00edtett\u00e9k a v\u00e1ros s\u00e9tater\u00e9t, az \u00faj sz\u00e9kh\u00e1zat, a honv\u00e9d-laktany\u00e1t, az \u00e1llami le\u00e1nyiskol\u00e1t, az utc\u00e1kat szab\u00e1lyozt\u00e1k, gr\u00e1nit-k\u00f6vezt\u00e9k. <br \/><strong>Irod.:<\/strong> Olosz Katalin 2003; Olosz Katalin. Ismeretlen magyar n\u00e9pballada Szab\u00f3 S\u00e1muel di\u00e1kgy\u0171jt\u0151inek hagyat\u00e9k\u00e1ban (Kriza J\u00e1nos N\u00e9prajzi T\u00e1rsas\u00e1g \u00c9vk., 13., 2005); Szab\u00f3 S\u00e1muel: Erd\u00e9lyi n\u00e9phagyom\u00e1nyok, 1863\u20131884 (Sz. S. \u00c9s gy\u0171jt\u0151i k\u00f6r\u00e9nek sz\u00e9tszort hagyat\u00e9k\u00e1t \u00f6sszegy\u0171jt\u00f6tte, szerk., bevez. tanulm\u00e1nnyal \u00e9s jegyzetekkel k\u00f6zz\u00e9teszi Olosz Katalin; K\u00e9zirat).<\/br><\/p>\n","protected":false},"excerpt":{"rendered":"<p>Mez\u0151b\u00e1nd, 1846. m\u00e1rc. 10., \u2020 Nagyenyed, 1900. j\u00fan. 23.: erd\u00e9sz, v\u00e1rosi f\u0151jegyz\u0151, polg\u00e1rmester. &#8211; B\u00e1tyja ~ Albert (1838\u20131904). A mv.-i ref. koll.-ban tanult. Di\u00e1kk\u00e9nt (1862\u201366) \u00e1lland\u00f3 munkat\u00e1rsa volt Szab\u00f3 S\u00e1muel mv.-i tan\u00e1rnak, n\u00e9pballad\u00e1k gy\u0171jt\u00e9s\u00e9ben t\u00fcnt ki, Mez\u0151b\u00e1ndr\u00f3l hozta gy\u0171jt\u00e9seit. N\u00e9pk\u00f6lt\u00e9szeti gy\u0171jt\u00e9s\u00e9b\u0151l k\u00f6z\u00f6lt a pesti J\u00f3 Bar\u00e1t (1867). Mv.-en b\u00f6lcs\u00e9szeti \u00e9s jogi el\u0151ad\u00e1sokat is hallgatott (1862\u201366). [&hellip;]<\/p>\n","protected":false},"featured_media":0,"comment_status":"open","ping_status":"closed","template":"","meta":[],"product_brand":[],"product_cat":[137],"product_tag":[],"class_list":{"0":"post-12890","1":"product","2":"type-product","3":"status-publish","5":"product_cat-maros-megyei-eletrajzi-lexikon","7":"first","8":"instock","9":"shipping-taxable","10":"product-type-simple"},"_links":{"self":[{"href":"https:\/\/uj.adatbank.ro\/lexikon\/wp-json\/wp\/v2\/product\/12890","targetHints":{"allow":["GET"]}}],"collection":[{"href":"https:\/\/uj.adatbank.ro\/lexikon\/wp-json\/wp\/v2\/product"}],"about":[{"href":"https:\/\/uj.adatbank.ro\/lexikon\/wp-json\/wp\/v2\/types\/product"}],"replies":[{"embeddable":true,"href":"https:\/\/uj.adatbank.ro\/lexikon\/wp-json\/wp\/v2\/comments?post=12890"}],"wp:attachment":[{"href":"https:\/\/uj.adatbank.ro\/lexikon\/wp-json\/wp\/v2\/media?parent=12890"}],"wp:term":[{"taxonomy":"product_brand","embeddable":true,"href":"https:\/\/uj.adatbank.ro\/lexikon\/wp-json\/wp\/v2\/product_brand?post=12890"},{"taxonomy":"product_cat","embeddable":true,"href":"https:\/\/uj.adatbank.ro\/lexikon\/wp-json\/wp\/v2\/product_cat?post=12890"},{"taxonomy":"product_tag","embeddable":true,"href":"https:\/\/uj.adatbank.ro\/lexikon\/wp-json\/wp\/v2\/product_tag?post=12890"}],"curies":[{"name":"wp","href":"https:\/\/api.w.org\/{rel}","templated":true}]}}