{"id":12891,"date":"2025-06-29T14:42:47","date_gmt":"2025-06-29T12:42:47","guid":{"rendered":"https:\/\/uj.adatbank.ro\/lexikon\/termek\/kovacs-gyula-3\/"},"modified":"2025-06-29T14:42:47","modified_gmt":"2025-06-29T12:42:47","slug":"kovacs-gyula-3","status":"publish","type":"product","link":"https:\/\/uj.adatbank.ro\/lexikon\/termek\/kovacs-gyula-3\/","title":{"rendered":"KOV\u00c1CS Gyula"},"content":{"rendered":"<p>Vadasd, 1908., \u2020 Vadasd, 2002. j\u00fal. 10., k\u00e1ntortan\u00edt\u00f3. &#8211; A mv.-i pl\u00e9b\u00e1nia gondnoka (1930\u20131932). N\u00e1la fedezett fel R\u00e1duly J\u00e1nos egy l\u0151porszar\u00fat 1573-b\u0151l (1999), akkor m\u00e1r nyugd\u00edjas volt. <br \/><strong>Irod.:<\/strong> Maros-k\u00fck\u00fcll\u0151i f\u0151esp.; [Nekrol\u00f3g] (N\u00fa., 2002. j\u00fal. 12.); Vadasdi kr\u00f3nika<\/br><\/p>\n","protected":false},"excerpt":{"rendered":"<p>Vadasd, 1908., \u2020 Vadasd, 2002. j\u00fal. 10., k\u00e1ntortan\u00edt\u00f3. &#8211; A mv.-i pl\u00e9b\u00e1nia gondnoka (1930\u20131932). N\u00e1la fedezett fel R\u00e1duly J\u00e1nos egy l\u0151porszar\u00fat 1573-b\u0151l (1999), akkor m\u00e1r nyugd\u00edjas volt. Irod.: Maros-k\u00fck\u00fcll\u0151i f\u0151esp.; [Nekrol\u00f3g] (N\u00fa., 2002. j\u00fal. 12.); Vadasdi kr\u00f3nika<\/p>\n","protected":false},"featured_media":0,"comment_status":"open","ping_status":"closed","template":"","meta":[],"product_brand":[],"product_cat":[137],"product_tag":[],"class_list":{"0":"post-12891","1":"product","2":"type-product","3":"status-publish","5":"product_cat-maros-megyei-eletrajzi-lexikon","7":"first","8":"instock","9":"shipping-taxable","10":"product-type-simple"},"_links":{"self":[{"href":"https:\/\/uj.adatbank.ro\/lexikon\/wp-json\/wp\/v2\/product\/12891","targetHints":{"allow":["GET"]}}],"collection":[{"href":"https:\/\/uj.adatbank.ro\/lexikon\/wp-json\/wp\/v2\/product"}],"about":[{"href":"https:\/\/uj.adatbank.ro\/lexikon\/wp-json\/wp\/v2\/types\/product"}],"replies":[{"embeddable":true,"href":"https:\/\/uj.adatbank.ro\/lexikon\/wp-json\/wp\/v2\/comments?post=12891"}],"wp:attachment":[{"href":"https:\/\/uj.adatbank.ro\/lexikon\/wp-json\/wp\/v2\/media?parent=12891"}],"wp:term":[{"taxonomy":"product_brand","embeddable":true,"href":"https:\/\/uj.adatbank.ro\/lexikon\/wp-json\/wp\/v2\/product_brand?post=12891"},{"taxonomy":"product_cat","embeddable":true,"href":"https:\/\/uj.adatbank.ro\/lexikon\/wp-json\/wp\/v2\/product_cat?post=12891"},{"taxonomy":"product_tag","embeddable":true,"href":"https:\/\/uj.adatbank.ro\/lexikon\/wp-json\/wp\/v2\/product_tag?post=12891"}],"curies":[{"name":"wp","href":"https:\/\/api.w.org\/{rel}","templated":true}]}}